{"id":45016,"date":"2022-08-25T12:57:13","date_gmt":"2022-08-25T10:57:13","guid":{"rendered":"https:\/\/www.scrubimed.sk\/?post_type=product&#038;p=45016"},"modified":"2022-08-25T13:14:41","modified_gmt":"2022-08-25T11:14:41","slug":"mydielko-smaragdove-srdce","status":"publish","type":"product","link":"https:\/\/www.scrubimed.sk\/de\/produkt\/mydielko-smaragdove-srdce\/","title":{"rendered":"Mydielko &#8211; Smaragdov\u00e9 srdce"},"content":{"rendered":"","protected":false},"excerpt":{"rendered":"<p>Mydlo vyroben\u00e9 na Slovensku z pr\u00edrodn\u00fdch materi\u00e1lov. S v\u00f4\u0148ou necht\u00edku, obsahuj\u00face re\u00e1lne bylinky.<\/p>\n","protected":false},"featured_media":45007,"comment_status":"open","ping_status":"closed","template":"","meta":{"_mi_skip_tracking":false,"_monsterinsights_sitenote_active":false,"_monsterinsights_sitenote_note":"","_monsterinsights_sitenote_category":0,"spay_email":""},"product_cat":[1265,1323],"product_tag":[],"_links":{"self":[{"href":"https:\/\/www.scrubimed.sk\/de\/wp-json\/wp\/v2\/product\/45016"}],"collection":[{"href":"https:\/\/www.scrubimed.sk\/de\/wp-json\/wp\/v2\/product"}],"about":[{"href":"https:\/\/www.scrubimed.sk\/de\/wp-json\/wp\/v2\/types\/product"}],"replies":[{"embeddable":true,"href":"https:\/\/www.scrubimed.sk\/de\/wp-json\/wp\/v2\/comments?post=45016"}],"wp:featuredmedia":[{"embeddable":true,"href":"https:\/\/www.scrubimed.sk\/de\/wp-json\/wp\/v2\/media\/45007"}],"wp:attachment":[{"href":"https:\/\/www.scrubimed.sk\/de\/wp-json\/wp\/v2\/media?parent=45016"}],"wp:term":[{"taxonomy":"product_cat","embeddable":true,"href":"https:\/\/www.scrubimed.sk\/de\/wp-json\/wp\/v2\/product_cat?post=45016"},{"taxonomy":"product_tag","embeddable":true,"href":"https:\/\/www.scrubimed.sk\/de\/wp-json\/wp\/v2\/product_tag?post=45016"}],"curies":[{"name":"wp","href":"https:\/\/api.w.org\/{rel}","templated":true}]}}