{"id":45006,"date":"2022-08-25T12:52:52","date_gmt":"2022-08-25T10:52:52","guid":{"rendered":"https:\/\/www.scrubimed.sk\/?post_type=product&#038;p=45006"},"modified":"2024-10-12T08:02:09","modified_gmt":"2024-10-12T06:02:09","slug":"mydielko-mozog-2","status":"publish","type":"product","link":"https:\/\/www.scrubimed.sk\/de\/produkt\/mydielko-mozog-2\/","title":{"rendered":"Mydielko &#8211; Mozog"},"content":{"rendered":"","protected":false},"excerpt":{"rendered":"<p>Mydlo vyroben\u00e9 na Slovensku z pr\u00edrodn\u00fdch materi\u00e1lov. S v\u00f4\u0148ou ruman\u010deku, obsahuj\u00face re\u00e1lne bylinky.<\/p>\n","protected":false},"featured_media":45010,"comment_status":"open","ping_status":"closed","template":"","meta":{"_mi_skip_tracking":false,"_monsterinsights_sitenote_active":false,"_monsterinsights_sitenote_note":"","_monsterinsights_sitenote_category":0,"spay_email":""},"product_cat":[1265,1323],"product_tag":[],"_links":{"self":[{"href":"https:\/\/www.scrubimed.sk\/de\/wp-json\/wp\/v2\/product\/45006"}],"collection":[{"href":"https:\/\/www.scrubimed.sk\/de\/wp-json\/wp\/v2\/product"}],"about":[{"href":"https:\/\/www.scrubimed.sk\/de\/wp-json\/wp\/v2\/types\/product"}],"replies":[{"embeddable":true,"href":"https:\/\/www.scrubimed.sk\/de\/wp-json\/wp\/v2\/comments?post=45006"}],"wp:featuredmedia":[{"embeddable":true,"href":"https:\/\/www.scrubimed.sk\/de\/wp-json\/wp\/v2\/media\/45010"}],"wp:attachment":[{"href":"https:\/\/www.scrubimed.sk\/de\/wp-json\/wp\/v2\/media?parent=45006"}],"wp:term":[{"taxonomy":"product_cat","embeddable":true,"href":"https:\/\/www.scrubimed.sk\/de\/wp-json\/wp\/v2\/product_cat?post=45006"},{"taxonomy":"product_tag","embeddable":true,"href":"https:\/\/www.scrubimed.sk\/de\/wp-json\/wp\/v2\/product_tag?post=45006"}],"curies":[{"name":"wp","href":"https:\/\/api.w.org\/{rel}","templated":true}]}}