{"id":40570,"date":"2022-03-10T10:18:11","date_gmt":"2022-03-10T09:18:11","guid":{"rendered":"https:\/\/www.scrubimed.sk\/?post_type=product&#038;p=40570"},"modified":"2022-11-22T14:03:25","modified_gmt":"2022-11-22T13:03:25","slug":"elasticka-zdravotnicke-saty-ruzova-injekcia","status":"publish","type":"product","link":"https:\/\/www.scrubimed.sk\/de\/produkt\/elasticka-zdravotnicke-saty-ruzova-injekcia\/","title":{"rendered":"Elastick\u00e1 zdravotn\u00edcke \u0161aty &#8211; Ru\u017eov\u00e1 injekcia"},"content":{"rendered":"<p><img class=\"alignnone size-full wp-image-40582\" src=\"https:\/\/www.scrubimed.sk\/wp-content\/uploads\/2022\/03\/velkostna-tabulka-saty.png\" alt=\"\" width=\"1024\" height=\"316\" srcset=\"https:\/\/www.scrubimed.sk\/wp-content\/uploads\/2022\/03\/velkostna-tabulka-saty.png 1024w, https:\/\/www.scrubimed.sk\/wp-content\/uploads\/2022\/03\/velkostna-tabulka-saty-300x93.png 300w, https:\/\/www.scrubimed.sk\/wp-content\/uploads\/2022\/03\/velkostna-tabulka-saty-768x237.png 768w, https:\/\/www.scrubimed.sk\/wp-content\/uploads\/2022\/03\/velkostna-tabulka-saty-510x158.png 510w, https:\/\/www.scrubimed.sk\/wp-content\/uploads\/2022\/03\/velkostna-tabulka-saty-190x60.png 190w, https:\/\/www.scrubimed.sk\/wp-content\/uploads\/2022\/03\/velkostna-tabulka-saty-291x90.png 291w\" sizes=\"(max-width: 1024px) 100vw, 1024px\" \/><\/p>\n","protected":false},"excerpt":{"rendered":"<ul>\n<li>Vzorovan\u00e9 zdravotn\u00edcke \u0161aty<\/li>\n<li>100% bavlnen\u00fd \u00faplet &#8211; elastick\u00fd materi\u00e1l<\/li>\n<li>Kr\u00e1sna potla\u010d<\/li>\n<li>Vhodn\u00e1 do medic\u00ednskeho prostredia aj do \u0161k\u00f4liek a domovov d\u00f4chodcov<\/li>\n<li>Pred objednan\u00edm skontrolujte ve\u013ekostn\u00fa tabu\u013eku (ni\u017e\u0161ie)<\/li>\n<\/ul>\n","protected":false},"featured_media":40576,"comment_status":"open","ping_status":"closed","template":"","meta":{"_mi_skip_tracking":false,"_monsterinsights_sitenote_active":false,"_monsterinsights_sitenote_note":"","_monsterinsights_sitenote_category":0,"spay_email":""},"product_cat":[78],"product_tag":[],"_links":{"self":[{"href":"https:\/\/www.scrubimed.sk\/de\/wp-json\/wp\/v2\/product\/40570"}],"collection":[{"href":"https:\/\/www.scrubimed.sk\/de\/wp-json\/wp\/v2\/product"}],"about":[{"href":"https:\/\/www.scrubimed.sk\/de\/wp-json\/wp\/v2\/types\/product"}],"replies":[{"embeddable":true,"href":"https:\/\/www.scrubimed.sk\/de\/wp-json\/wp\/v2\/comments?post=40570"}],"wp:featuredmedia":[{"embeddable":true,"href":"https:\/\/www.scrubimed.sk\/de\/wp-json\/wp\/v2\/media\/40576"}],"wp:attachment":[{"href":"https:\/\/www.scrubimed.sk\/de\/wp-json\/wp\/v2\/media?parent=40570"}],"wp:term":[{"taxonomy":"product_cat","embeddable":true,"href":"https:\/\/www.scrubimed.sk\/de\/wp-json\/wp\/v2\/product_cat?post=40570"},{"taxonomy":"product_tag","embeddable":true,"href":"https:\/\/www.scrubimed.sk\/de\/wp-json\/wp\/v2\/product_tag?post=40570"}],"curies":[{"name":"wp","href":"https:\/\/api.w.org\/{rel}","templated":true}]}}