{"id":40430,"date":"2022-03-05T15:02:01","date_gmt":"2022-03-05T14:02:01","guid":{"rendered":"https:\/\/www.scrubimed.sk\/?post_type=product&#038;p=40430"},"modified":"2023-01-08T21:03:59","modified_gmt":"2023-01-08T20:03:59","slug":"bavlnena-zdravotnicka-kosela-koalala","status":"publish","type":"product","link":"https:\/\/www.scrubimed.sk\/de\/produkt\/bavlnena-zdravotnicka-kosela-koalala\/","title":{"rendered":"Bavlnen\u00e1 zdravotn\u00edcka ko\u0161e\u013ea &#8211; KoalaLa"},"content":{"rendered":"<p><img class=\"alignnone wp-image-31338\" src=\"https:\/\/www.scrubimed.sk\/wp-content\/uploads\/2019\/10\/garancia-najnizssej-ceny.png\" alt=\"\" width=\"160\" height=\"167\" srcset=\"https:\/\/www.scrubimed.sk\/wp-content\/uploads\/2019\/10\/garancia-najnizssej-ceny.png 840w, https:\/\/www.scrubimed.sk\/wp-content\/uploads\/2019\/10\/garancia-najnizssej-ceny-286x300.png 286w, https:\/\/www.scrubimed.sk\/wp-content\/uploads\/2019\/10\/garancia-najnizssej-ceny-768x805.png 768w, https:\/\/www.scrubimed.sk\/wp-content\/uploads\/2019\/10\/garancia-najnizssej-ceny-510x534.png 510w, https:\/\/www.scrubimed.sk\/wp-content\/uploads\/2019\/10\/garancia-najnizssej-ceny-57x60.png 57w, https:\/\/www.scrubimed.sk\/wp-content\/uploads\/2019\/10\/garancia-najnizssej-ceny-86x90.png 86w\" sizes=\"(max-width: 160px) 100vw, 160px\" \/><img class=\"alignnone wp-image-31334\" src=\"https:\/\/www.scrubimed.sk\/wp-content\/uploads\/2019\/10\/100-original.png\" alt=\"\" width=\"175\" height=\"142\" srcset=\"https:\/\/www.scrubimed.sk\/wp-content\/uploads\/2019\/10\/100-original.png 820w, https:\/\/www.scrubimed.sk\/wp-content\/uploads\/2019\/10\/100-original-300x245.png 300w, https:\/\/www.scrubimed.sk\/wp-content\/uploads\/2019\/10\/100-original-768x627.png 768w, https:\/\/www.scrubimed.sk\/wp-content\/uploads\/2019\/10\/100-original-510x416.png 510w, https:\/\/www.scrubimed.sk\/wp-content\/uploads\/2019\/10\/100-original-74x60.png 74w, https:\/\/www.scrubimed.sk\/wp-content\/uploads\/2019\/10\/100-original-110x90.png 110w\" sizes=\"(max-width: 175px) 100vw, 175px\" \/><\/p>\n<p><img class=\"alignnone wp-image-31330\" src=\"https:\/\/www.scrubimed.sk\/wp-content\/uploads\/2019\/10\/unnamed-1.jpg\" alt=\"\" width=\"219\" height=\"47\" srcset=\"https:\/\/www.scrubimed.sk\/wp-content\/uploads\/2019\/10\/unnamed-1.jpg 512w, https:\/\/www.scrubimed.sk\/wp-content\/uploads\/2019\/10\/unnamed-1-300x64.jpg 300w, https:\/\/www.scrubimed.sk\/wp-content\/uploads\/2019\/10\/unnamed-1-510x110.jpg 510w, https:\/\/www.scrubimed.sk\/wp-content\/uploads\/2019\/10\/unnamed-1-190x41.jpg 190w, https:\/\/www.scrubimed.sk\/wp-content\/uploads\/2019\/10\/unnamed-1-419x90.jpg 419w\" sizes=\"(max-width: 219px) 100vw, 219px\" \/><\/p>\n<p>&nbsp;<\/p>\n<p>Origin\u00e1lna zdravotn\u00edcka ko\u0161e\u013ea vyroben\u00e1 \u0161ikovn\u00fdmi slovensk\u00fdmi rukami. Vzorovan\u00e9 oble\u010denie vo v\u0161eobecnosti vytv\u00e1ra pr\u00edjemn\u00fa atmosf\u00e9ru, ktor\u00e1 zlep\u0161\u00ed n\u00e1ladu v\u00e1m, kolegom aj pacientom.<\/p>\n<p>Ka\u017ed\u00fd vzor na\u0161ich odevov nesie \u0161pecifick\u00fa em\u00f3ciu a rozpr\u00e1va o svojom nostie\u013eovy in\u00fd zauj\u00edmav\u00fd pr\u00edbeh.<\/p>\n<p>Pohodln\u00fd materi\u00e1l ocen\u00edte v lete aj v zime. Ko\u0161e\u013ea sa d\u00e1 obliec\u0165 rovno na hol\u00e9 telo, pr\u00edpadne si pod \u0148u m\u00f4\u017ete da\u0165 tenk\u00e9 tri\u010dko \u010di tielko.<\/p>\n","protected":false},"excerpt":{"rendered":"<p>&nbsp;<\/p>\n<ul>\n<li>Farba na obr\u00e1zku je tyrkysov\u00e1<\/li>\n<li>Vyroben\u00e9 v slovensk\u00fdch diel\u0148ach<\/li>\n<li>100% bavlna<\/li>\n<li>Kvalitn\u00e9 zdravotn\u00edcke oble\u010denie<\/li>\n<li>Pred objednan\u00edm skontrolujte ve\u013ekostn\u00fa tabu\u013eku<\/li>\n<\/ul>\n","protected":false},"featured_media":40427,"comment_status":"open","ping_status":"closed","template":"","meta":{"_mi_skip_tracking":false,"_monsterinsights_sitenote_active":false,"_monsterinsights_sitenote_note":"","_monsterinsights_sitenote_category":0,"spay_email":""},"product_cat":[237,246,1319,227],"product_tag":[],"_links":{"self":[{"href":"https:\/\/www.scrubimed.sk\/de\/wp-json\/wp\/v2\/product\/40430"}],"collection":[{"href":"https:\/\/www.scrubimed.sk\/de\/wp-json\/wp\/v2\/product"}],"about":[{"href":"https:\/\/www.scrubimed.sk\/de\/wp-json\/wp\/v2\/types\/product"}],"replies":[{"embeddable":true,"href":"https:\/\/www.scrubimed.sk\/de\/wp-json\/wp\/v2\/comments?post=40430"}],"wp:featuredmedia":[{"embeddable":true,"href":"https:\/\/www.scrubimed.sk\/de\/wp-json\/wp\/v2\/media\/40427"}],"wp:attachment":[{"href":"https:\/\/www.scrubimed.sk\/de\/wp-json\/wp\/v2\/media?parent=40430"}],"wp:term":[{"taxonomy":"product_cat","embeddable":true,"href":"https:\/\/www.scrubimed.sk\/de\/wp-json\/wp\/v2\/product_cat?post=40430"},{"taxonomy":"product_tag","embeddable":true,"href":"https:\/\/www.scrubimed.sk\/de\/wp-json\/wp\/v2\/product_tag?post=40430"}],"curies":[{"name":"wp","href":"https:\/\/api.w.org\/{rel}","templated":true}]}}