{"id":39806,"date":"2022-02-06T09:41:05","date_gmt":"2022-02-06T08:41:05","guid":{"rendered":"https:\/\/www.scrubimed.sk\/?post_type=product&#038;p=39806"},"modified":"2022-02-16T10:56:58","modified_gmt":"2022-02-16T09:56:58","slug":"cto-macbook-pro-14-apple-m1-max-10-core-cpu-24-core-gpu-32gb-1tb-silver-sk","status":"publish","type":"product","link":"https:\/\/www.scrubimed.sk\/de\/produkt\/cto-macbook-pro-14-apple-m1-max-10-core-cpu-24-core-gpu-32gb-1tb-silver-sk\/","title":{"rendered":"CTO MacBook Pro 14&#8243; Apple M1 Max 10-core CPU 24-core GPU 32GB 1TB Silver SK"},"content":{"rendered":"<p>Z15K001MW<\/p>\n<p>CTO MacBook Pro 14&#8243; Apple M1 Max 10-core CPU 24-core GPU 32GB 1TB Silver SK<\/p>\n<p>System on a Chip (Processor): (065-CCVJ) &#8211; M1 Max with 10C CPU, 24C GPU<br \/>\nMemory: (065-CCVW) &#8211; 32GB unified memory<br \/>\nStorage: (065-CCW0) &#8211; 1TB SSD storage<br \/>\nPOWER ADAPTER: (065-CCW9) &#8211; 96W USB-C Power Adapter<br \/>\nThree Thunderbolt 4 ports, HDMI port, SDXC card slot, MagSafe 3 port: (065-CCWF) &#8211; Three Thunderbolt 4 ports, HDMI port, SDXC card slot, MagSafe 3 port<br \/>\n14-inch Liquid Retina XDR display: (065-CCWH) &#8211; 14-inch Liquid Retina XDR displayFinal Cut Pro: (065-CD3T) &#8211; NoneLogic Pro: (065-CD3X) &#8211; None<br \/>\nKeyboard Language: (SL065-CCYP) &#8211; Backlit Magic Keyboard with Touch ID &#8211; Slovakian<br \/>\nAccessory Kit: (SL065-CCYQ) &#8211; Accessory Kit<\/p>\n","protected":false},"excerpt":{"rendered":"<ul>\n<li>Moment\u00e1lne nedostupn\u00e9, kontaktujte n\u00e1s kv\u00f4li dostupnosti<\/li>\n<\/ul>\n","protected":false},"featured_media":39810,"comment_status":"open","ping_status":"closed","template":"","meta":{"_mi_skip_tracking":false,"_monsterinsights_sitenote_active":false,"_monsterinsights_sitenote_note":"","_monsterinsights_sitenote_category":0,"spay_email":""},"product_cat":[1265,115],"product_tag":[],"_links":{"self":[{"href":"https:\/\/www.scrubimed.sk\/de\/wp-json\/wp\/v2\/product\/39806"}],"collection":[{"href":"https:\/\/www.scrubimed.sk\/de\/wp-json\/wp\/v2\/product"}],"about":[{"href":"https:\/\/www.scrubimed.sk\/de\/wp-json\/wp\/v2\/types\/product"}],"replies":[{"embeddable":true,"href":"https:\/\/www.scrubimed.sk\/de\/wp-json\/wp\/v2\/comments?post=39806"}],"wp:featuredmedia":[{"embeddable":true,"href":"https:\/\/www.scrubimed.sk\/de\/wp-json\/wp\/v2\/media\/39810"}],"wp:attachment":[{"href":"https:\/\/www.scrubimed.sk\/de\/wp-json\/wp\/v2\/media?parent=39806"}],"wp:term":[{"taxonomy":"product_cat","embeddable":true,"href":"https:\/\/www.scrubimed.sk\/de\/wp-json\/wp\/v2\/product_cat?post=39806"},{"taxonomy":"product_tag","embeddable":true,"href":"https:\/\/www.scrubimed.sk\/de\/wp-json\/wp\/v2\/product_tag?post=39806"}],"curies":[{"name":"wp","href":"https:\/\/api.w.org\/{rel}","templated":true}]}}