{"id":39485,"date":"2022-01-24T11:14:58","date_gmt":"2022-01-24T10:14:58","guid":{"rendered":"https:\/\/www.scrubimed.sk\/?post_type=product&#038;p=39485"},"modified":"2022-05-05T00:06:14","modified_gmt":"2022-05-04T22:06:14","slug":"comfy-ortopedicka-obuv-motyle","status":"publish","type":"product","link":"https:\/\/www.scrubimed.sk\/de\/produkt\/comfy-ortopedicka-obuv-motyle\/","title":{"rendered":"COMFY &#8211; Ortopedick\u00e1 obuv &#8211; Mot\u00fdle"},"content":{"rendered":"<p><img class=\"alignnone size-full wp-image-33929\" src=\"https:\/\/www.scrubimed.sk\/wp-content\/uploads\/2021\/08\/il_1588xN.2914889963_is5n.jpg\" alt=\"\" width=\"1588\" height=\"1196\" srcset=\"https:\/\/www.scrubimed.sk\/wp-content\/uploads\/2021\/08\/il_1588xN.2914889963_is5n.jpg 1588w, https:\/\/www.scrubimed.sk\/wp-content\/uploads\/2021\/08\/il_1588xN.2914889963_is5n-300x226.jpg 300w, https:\/\/www.scrubimed.sk\/wp-content\/uploads\/2021\/08\/il_1588xN.2914889963_is5n-1024x771.jpg 1024w, https:\/\/www.scrubimed.sk\/wp-content\/uploads\/2021\/08\/il_1588xN.2914889963_is5n-768x578.jpg 768w, https:\/\/www.scrubimed.sk\/wp-content\/uploads\/2021\/08\/il_1588xN.2914889963_is5n-1536x1157.jpg 1536w, https:\/\/www.scrubimed.sk\/wp-content\/uploads\/2021\/08\/il_1588xN.2914889963_is5n-510x384.jpg 510w, https:\/\/www.scrubimed.sk\/wp-content\/uploads\/2021\/08\/il_1588xN.2914889963_is5n-80x60.jpg 80w, https:\/\/www.scrubimed.sk\/wp-content\/uploads\/2021\/08\/il_1588xN.2914889963_is5n-119x90.jpg 119w\" sizes=\"(max-width: 1588px) 100vw, 1588px\" \/> <img class=\"alignnone size-full wp-image-33932\" src=\"https:\/\/www.scrubimed.sk\/wp-content\/uploads\/2021\/08\/il_1588xN.2867034698_74u0.jpg\" alt=\"\" width=\"1588\" height=\"2374\" \/><\/p>\n","protected":false},"excerpt":{"rendered":"<p>&nbsp;<\/p>\n<ul>\n<li>Kvalitn\u00e1 a pohodln\u00e1 zdravotn\u00edcka obuv<\/li>\n<li>Obuv navrhnut\u00e1 s predpokladom pou\u017e\u00edvania po\u010das 12 hodinov\u00fdch smien<\/li>\n<li>Ortopedick\u00e1 korkov\u00e1 podr\u00e1\u017eka prisp\u00f4sobuj\u00faca sa anatomick\u00e9mu tvaru chodidla<\/li>\n<li>Atrakt\u00edvny vzh\u013ead<\/li>\n<li>Ve\u013ekostn\u00e1 tabu\u013eka sa nch\u00e1dza ni\u017e\u0161ie<\/li>\n<\/ul>\n","protected":false},"featured_media":39468,"comment_status":"open","ping_status":"closed","template":"","meta":{"_mi_skip_tracking":false,"_monsterinsights_sitenote_active":false,"_monsterinsights_sitenote_note":"","_monsterinsights_sitenote_category":0,"spay_email":""},"product_cat":[1179],"product_tag":[],"_links":{"self":[{"href":"https:\/\/www.scrubimed.sk\/de\/wp-json\/wp\/v2\/product\/39485"}],"collection":[{"href":"https:\/\/www.scrubimed.sk\/de\/wp-json\/wp\/v2\/product"}],"about":[{"href":"https:\/\/www.scrubimed.sk\/de\/wp-json\/wp\/v2\/types\/product"}],"replies":[{"embeddable":true,"href":"https:\/\/www.scrubimed.sk\/de\/wp-json\/wp\/v2\/comments?post=39485"}],"wp:featuredmedia":[{"embeddable":true,"href":"https:\/\/www.scrubimed.sk\/de\/wp-json\/wp\/v2\/media\/39468"}],"wp:attachment":[{"href":"https:\/\/www.scrubimed.sk\/de\/wp-json\/wp\/v2\/media?parent=39485"}],"wp:term":[{"taxonomy":"product_cat","embeddable":true,"href":"https:\/\/www.scrubimed.sk\/de\/wp-json\/wp\/v2\/product_cat?post=39485"},{"taxonomy":"product_tag","embeddable":true,"href":"https:\/\/www.scrubimed.sk\/de\/wp-json\/wp\/v2\/product_tag?post=39485"}],"curies":[{"name":"wp","href":"https:\/\/api.w.org\/{rel}","templated":true}]}}