{"id":37241,"date":"2021-10-26T10:06:54","date_gmt":"2021-10-26T08:06:54","guid":{"rendered":"https:\/\/www.scrubimed.sk\/?post_type=product&#038;p=37241"},"modified":"2021-11-20T13:00:48","modified_gmt":"2021-11-20T12:00:48","slug":"comfy-ortopedicka-obuv-cervena-ciapocka","status":"publish","type":"product","link":"https:\/\/www.scrubimed.sk\/de\/produkt\/comfy-ortopedicka-obuv-cervena-ciapocka\/","title":{"rendered":"COMFY &#8211; Ortopedick\u00e1 obuv &#8211; \u010cerven\u00e1 \u010diapo\u010dka"},"content":{"rendered":"<p><img class=\"alignnone size-full wp-image-33929\" src=\"https:\/\/www.scrubimed.sk\/wp-content\/uploads\/2021\/08\/il_1588xN.2914889963_is5n.jpg\" alt=\"\" width=\"1588\" height=\"1196\" srcset=\"https:\/\/www.scrubimed.sk\/wp-content\/uploads\/2021\/08\/il_1588xN.2914889963_is5n.jpg 1588w, https:\/\/www.scrubimed.sk\/wp-content\/uploads\/2021\/08\/il_1588xN.2914889963_is5n-300x226.jpg 300w, https:\/\/www.scrubimed.sk\/wp-content\/uploads\/2021\/08\/il_1588xN.2914889963_is5n-1024x771.jpg 1024w, https:\/\/www.scrubimed.sk\/wp-content\/uploads\/2021\/08\/il_1588xN.2914889963_is5n-768x578.jpg 768w, https:\/\/www.scrubimed.sk\/wp-content\/uploads\/2021\/08\/il_1588xN.2914889963_is5n-1536x1157.jpg 1536w, https:\/\/www.scrubimed.sk\/wp-content\/uploads\/2021\/08\/il_1588xN.2914889963_is5n-510x384.jpg 510w, https:\/\/www.scrubimed.sk\/wp-content\/uploads\/2021\/08\/il_1588xN.2914889963_is5n-80x60.jpg 80w, https:\/\/www.scrubimed.sk\/wp-content\/uploads\/2021\/08\/il_1588xN.2914889963_is5n-119x90.jpg 119w\" sizes=\"(max-width: 1588px) 100vw, 1588px\" \/> <img class=\"alignnone size-full wp-image-33932\" src=\"https:\/\/www.scrubimed.sk\/wp-content\/uploads\/2021\/08\/il_1588xN.2867034698_74u0.jpg\" alt=\"\" width=\"1588\" height=\"2374\" \/><\/p>\n","protected":false},"excerpt":{"rendered":"<p>&nbsp;<\/p>\n<ul>\n<li>Kvalitn\u00e1 a pohodln\u00e1 zdravotn\u00edcka obuv<\/li>\n<li>Obuv navrhnut\u00e1 s predpokladom pou\u017e\u00edvania po\u010das 12 hodinov\u00fdch smien<\/li>\n<li>Ortopedick\u00e1 korkov\u00e1 podr\u00e1\u017eka prisp\u00f4sobuj\u00faca sa anatomick\u00e9mu tvaru chodidla<\/li>\n<li>Atrakt\u00edvny vzh\u013ead<\/li>\n<li>Ve\u013ekostn\u00e1 tabu\u013eka sa nch\u00e1dza ni\u017e\u0161ie<\/li>\n<\/ul>\n","protected":false},"featured_media":37246,"comment_status":"open","ping_status":"closed","template":"","meta":{"_mi_skip_tracking":false,"_monsterinsights_sitenote_active":false,"_monsterinsights_sitenote_note":"","_monsterinsights_sitenote_category":0,"spay_email":""},"product_cat":[1179],"product_tag":[],"_links":{"self":[{"href":"https:\/\/www.scrubimed.sk\/de\/wp-json\/wp\/v2\/product\/37241"}],"collection":[{"href":"https:\/\/www.scrubimed.sk\/de\/wp-json\/wp\/v2\/product"}],"about":[{"href":"https:\/\/www.scrubimed.sk\/de\/wp-json\/wp\/v2\/types\/product"}],"replies":[{"embeddable":true,"href":"https:\/\/www.scrubimed.sk\/de\/wp-json\/wp\/v2\/comments?post=37241"}],"wp:featuredmedia":[{"embeddable":true,"href":"https:\/\/www.scrubimed.sk\/de\/wp-json\/wp\/v2\/media\/37246"}],"wp:attachment":[{"href":"https:\/\/www.scrubimed.sk\/de\/wp-json\/wp\/v2\/media?parent=37241"}],"wp:term":[{"taxonomy":"product_cat","embeddable":true,"href":"https:\/\/www.scrubimed.sk\/de\/wp-json\/wp\/v2\/product_cat?post=37241"},{"taxonomy":"product_tag","embeddable":true,"href":"https:\/\/www.scrubimed.sk\/de\/wp-json\/wp\/v2\/product_tag?post=37241"}],"curies":[{"name":"wp","href":"https:\/\/api.w.org\/{rel}","templated":true}]}}