{"id":37155,"date":"2021-10-21T12:49:38","date_gmt":"2021-10-21T10:49:38","guid":{"rendered":"https:\/\/www.scrubimed.sk\/?post_type=product&#038;p=37155"},"modified":"2021-12-02T08:17:35","modified_gmt":"2021-12-02T07:17:35","slug":"mydielko-kosticky","status":"publish","type":"product","link":"https:\/\/www.scrubimed.sk\/de\/produkt\/mydielko-kosticky\/","title":{"rendered":"Mydielko &#8211; Kosti\u010dky"},"content":{"rendered":"<p>\u00da\u017easn\u00e9 mydielko v kr\u00e1snom tvare. Perfektne \u010dist\u00ed ruky, vyzer\u00e1 skvele. Je vhodn\u00e9 ako doplnok do ambulancie alebo dar\u010dek.<\/p>\n","protected":false},"excerpt":{"rendered":"<ul>\n<li>Mydlo na ruky<\/li>\n<li>Slovensk\u00e1 v\u00fdroba<\/li>\n<li>Kr\u00e1sna v\u00f4\u0148a<\/li>\n<li>Antibakteri\u00e1lne, antiseptick\u00e9<\/li>\n<\/ul>\n","protected":false},"featured_media":37145,"comment_status":"open","ping_status":"closed","template":"","meta":{"_mi_skip_tracking":false,"_monsterinsights_sitenote_active":false,"_monsterinsights_sitenote_note":"","_monsterinsights_sitenote_category":0,"spay_email":""},"product_cat":[1265,1325],"product_tag":[],"_links":{"self":[{"href":"https:\/\/www.scrubimed.sk\/de\/wp-json\/wp\/v2\/product\/37155"}],"collection":[{"href":"https:\/\/www.scrubimed.sk\/de\/wp-json\/wp\/v2\/product"}],"about":[{"href":"https:\/\/www.scrubimed.sk\/de\/wp-json\/wp\/v2\/types\/product"}],"replies":[{"embeddable":true,"href":"https:\/\/www.scrubimed.sk\/de\/wp-json\/wp\/v2\/comments?post=37155"}],"wp:featuredmedia":[{"embeddable":true,"href":"https:\/\/www.scrubimed.sk\/de\/wp-json\/wp\/v2\/media\/37145"}],"wp:attachment":[{"href":"https:\/\/www.scrubimed.sk\/de\/wp-json\/wp\/v2\/media?parent=37155"}],"wp:term":[{"taxonomy":"product_cat","embeddable":true,"href":"https:\/\/www.scrubimed.sk\/de\/wp-json\/wp\/v2\/product_cat?post=37155"},{"taxonomy":"product_tag","embeddable":true,"href":"https:\/\/www.scrubimed.sk\/de\/wp-json\/wp\/v2\/product_tag?post=37155"}],"curies":[{"name":"wp","href":"https:\/\/api.w.org\/{rel}","templated":true}]}}