{"id":36285,"date":"2021-09-30T09:31:09","date_gmt":"2021-09-30T07:31:09","guid":{"rendered":"https:\/\/www.scrubimed.sk\/?post_type=product&#038;p=36285"},"modified":"2022-01-15T15:58:04","modified_gmt":"2022-01-15T14:58:04","slug":"mooda-unisex-zdravotnicka-suprava-odkaz-hlbin","status":"publish","type":"product","link":"https:\/\/www.scrubimed.sk\/de\/produkt\/mooda-unisex-zdravotnicka-suprava-odkaz-hlbin\/","title":{"rendered":"mooda Zdravotn\u00edcka S\u00faprava &#8211; Mate Blue"},"content":{"rendered":"<p><img class=\"alignnone size-full wp-image-36315\" src=\"https:\/\/www.scrubimed.sk\/wp-content\/uploads\/2021\/09\/Snimka-obrazovky-2021-10-01-o-11.47.17-2.png\" alt=\"\" width=\"1221\" height=\"514\" srcset=\"https:\/\/www.scrubimed.sk\/wp-content\/uploads\/2021\/09\/Snimka-obrazovky-2021-10-01-o-11.47.17-2.png 1221w, https:\/\/www.scrubimed.sk\/wp-content\/uploads\/2021\/09\/Snimka-obrazovky-2021-10-01-o-11.47.17-2-300x126.png 300w, https:\/\/www.scrubimed.sk\/wp-content\/uploads\/2021\/09\/Snimka-obrazovky-2021-10-01-o-11.47.17-2-1024x431.png 1024w, https:\/\/www.scrubimed.sk\/wp-content\/uploads\/2021\/09\/Snimka-obrazovky-2021-10-01-o-11.47.17-2-768x323.png 768w, https:\/\/www.scrubimed.sk\/wp-content\/uploads\/2021\/09\/Snimka-obrazovky-2021-10-01-o-11.47.17-2-510x215.png 510w, https:\/\/www.scrubimed.sk\/wp-content\/uploads\/2021\/09\/Snimka-obrazovky-2021-10-01-o-11.47.17-2-143x60.png 143w, https:\/\/www.scrubimed.sk\/wp-content\/uploads\/2021\/09\/Snimka-obrazovky-2021-10-01-o-11.47.17-2-214x90.png 214w\" sizes=\"(max-width: 1221px) 100vw, 1221px\" \/><\/p>\n","protected":false},"excerpt":{"rendered":"<ul>\n<li>Pohodln\u00e1 zdravotn\u00edcka s\u00faprava (bl\u00faza + nohavice)<\/li>\n<li>Skvel\u00e1 cena<\/li>\n<li>Trv\u00e1cne farby<\/li>\n<li>Zna\u010dka mooda<\/li>\n<li>Skladom, r\u00fdchle dodanie<\/li>\n<\/ul>\n","protected":false},"featured_media":36321,"comment_status":"open","ping_status":"closed","template":"","meta":{"_mi_skip_tracking":false,"_monsterinsights_sitenote_active":false,"_monsterinsights_sitenote_note":"","_monsterinsights_sitenote_category":0,"spay_email":""},"product_cat":[1279,235,228],"product_tag":[],"_links":{"self":[{"href":"https:\/\/www.scrubimed.sk\/de\/wp-json\/wp\/v2\/product\/36285"}],"collection":[{"href":"https:\/\/www.scrubimed.sk\/de\/wp-json\/wp\/v2\/product"}],"about":[{"href":"https:\/\/www.scrubimed.sk\/de\/wp-json\/wp\/v2\/types\/product"}],"replies":[{"embeddable":true,"href":"https:\/\/www.scrubimed.sk\/de\/wp-json\/wp\/v2\/comments?post=36285"}],"wp:featuredmedia":[{"embeddable":true,"href":"https:\/\/www.scrubimed.sk\/de\/wp-json\/wp\/v2\/media\/36321"}],"wp:attachment":[{"href":"https:\/\/www.scrubimed.sk\/de\/wp-json\/wp\/v2\/media?parent=36285"}],"wp:term":[{"taxonomy":"product_cat","embeddable":true,"href":"https:\/\/www.scrubimed.sk\/de\/wp-json\/wp\/v2\/product_cat?post=36285"},{"taxonomy":"product_tag","embeddable":true,"href":"https:\/\/www.scrubimed.sk\/de\/wp-json\/wp\/v2\/product_tag?post=36285"}],"curies":[{"name":"wp","href":"https:\/\/api.w.org\/{rel}","templated":true}]}}