{"id":35921,"date":"2021-09-22T12:02:44","date_gmt":"2021-09-22T10:02:44","guid":{"rendered":"https:\/\/www.scrubimed.sk\/?post_type=product&#038;p=35921"},"modified":"2023-12-01T10:36:47","modified_gmt":"2023-12-01T09:36:47","slug":"ponozky-radiologia","status":"publish","type":"product","link":"https:\/\/www.scrubimed.sk\/de\/produkt\/ponozky-radiologia\/","title":{"rendered":"Pono\u017eky &#8211; R\u00e1diol\u00f3gia"},"content":{"rendered":"","protected":false},"excerpt":{"rendered":"<ul>\n<li>\u0160t\u00fdlov\u00e9 a pohodln\u00e9 pono\u017eky s medic\u00ednskou tematikou<\/li>\n<\/ul>\n","protected":false},"featured_media":35922,"comment_status":"open","ping_status":"closed","template":"","meta":{"_mi_skip_tracking":false,"_monsterinsights_sitenote_active":false,"_monsterinsights_sitenote_note":"","_monsterinsights_sitenote_category":0,"spay_email":""},"product_cat":[1265,1325,1321],"product_tag":[],"_links":{"self":[{"href":"https:\/\/www.scrubimed.sk\/de\/wp-json\/wp\/v2\/product\/35921"}],"collection":[{"href":"https:\/\/www.scrubimed.sk\/de\/wp-json\/wp\/v2\/product"}],"about":[{"href":"https:\/\/www.scrubimed.sk\/de\/wp-json\/wp\/v2\/types\/product"}],"replies":[{"embeddable":true,"href":"https:\/\/www.scrubimed.sk\/de\/wp-json\/wp\/v2\/comments?post=35921"}],"wp:featuredmedia":[{"embeddable":true,"href":"https:\/\/www.scrubimed.sk\/de\/wp-json\/wp\/v2\/media\/35922"}],"wp:attachment":[{"href":"https:\/\/www.scrubimed.sk\/de\/wp-json\/wp\/v2\/media?parent=35921"}],"wp:term":[{"taxonomy":"product_cat","embeddable":true,"href":"https:\/\/www.scrubimed.sk\/de\/wp-json\/wp\/v2\/product_cat?post=35921"},{"taxonomy":"product_tag","embeddable":true,"href":"https:\/\/www.scrubimed.sk\/de\/wp-json\/wp\/v2\/product_tag?post=35921"}],"curies":[{"name":"wp","href":"https:\/\/api.w.org\/{rel}","templated":true}]}}