{"id":35887,"date":"2021-09-22T11:31:16","date_gmt":"2021-09-22T09:31:16","guid":{"rendered":"https:\/\/www.scrubimed.sk\/?post_type=product&#038;p=35887"},"modified":"2023-03-27T21:29:20","modified_gmt":"2023-03-27T19:29:20","slug":"vankus-silny-zubok","status":"publish","type":"product","link":"https:\/\/www.scrubimed.sk\/de\/produkt\/vankus-silny-zubok\/","title":{"rendered":"Vank\u00fa\u0161 &#8211; Siln\u00fd z\u00fabok"},"content":{"rendered":"","protected":false},"excerpt":{"rendered":"<ul>\n<li>Bavlnen\u00fd povrch<\/li>\n<li>V\u00fdp\u0148 &#8211; antialergick\u00e9 dut\u00e9 vl\u00e1kno<\/li>\n<li>40x35cm<\/li>\n<li>Slovensk\u00fd produkt<\/li>\n<li>Obr\u00e1zok z oboch str\u00e1n<\/li>\n<\/ul>\n","protected":false},"featured_media":35889,"comment_status":"open","ping_status":"closed","template":"","meta":{"_mi_skip_tracking":false,"_monsterinsights_sitenote_active":false,"_monsterinsights_sitenote_note":"","_monsterinsights_sitenote_category":0,"spay_email":""},"product_cat":[1265,1351,1359],"product_tag":[],"_links":{"self":[{"href":"https:\/\/www.scrubimed.sk\/de\/wp-json\/wp\/v2\/product\/35887"}],"collection":[{"href":"https:\/\/www.scrubimed.sk\/de\/wp-json\/wp\/v2\/product"}],"about":[{"href":"https:\/\/www.scrubimed.sk\/de\/wp-json\/wp\/v2\/types\/product"}],"replies":[{"embeddable":true,"href":"https:\/\/www.scrubimed.sk\/de\/wp-json\/wp\/v2\/comments?post=35887"}],"wp:featuredmedia":[{"embeddable":true,"href":"https:\/\/www.scrubimed.sk\/de\/wp-json\/wp\/v2\/media\/35889"}],"wp:attachment":[{"href":"https:\/\/www.scrubimed.sk\/de\/wp-json\/wp\/v2\/media?parent=35887"}],"wp:term":[{"taxonomy":"product_cat","embeddable":true,"href":"https:\/\/www.scrubimed.sk\/de\/wp-json\/wp\/v2\/product_cat?post=35887"},{"taxonomy":"product_tag","embeddable":true,"href":"https:\/\/www.scrubimed.sk\/de\/wp-json\/wp\/v2\/product_tag?post=35887"}],"curies":[{"name":"wp","href":"https:\/\/api.w.org\/{rel}","templated":true}]}}