{"id":35410,"date":"2021-09-16T10:30:28","date_gmt":"2021-09-16T08:30:28","guid":{"rendered":"https:\/\/www.scrubimed.sk\/?post_type=product&#038;p=35410"},"modified":"2024-03-10T13:37:50","modified_gmt":"2024-03-10T12:37:50","slug":"elasticka-zdravotnicka-bluza-macik","status":"publish","type":"product","link":"https:\/\/www.scrubimed.sk\/de\/produkt\/elasticka-zdravotnicka-bluza-macik\/","title":{"rendered":"Zuz-Bluz &#8211; Mac\u00edk"},"content":{"rendered":"<p><img class=\"alignnone size-full wp-image-35486\" src=\"https:\/\/www.scrubimed.sk\/wp-content\/uploads\/2021\/09\/Tabulka-rozmerov-elasticke-bluzy-scaled.jpg\" alt=\"\" width=\"1024\" height=\"201\" srcset=\"https:\/\/www.scrubimed.sk\/wp-content\/uploads\/2021\/09\/Tabulka-rozmerov-elasticke-bluzy-scaled.jpg 1024w, https:\/\/www.scrubimed.sk\/wp-content\/uploads\/2021\/09\/Tabulka-rozmerov-elasticke-bluzy-300x59.jpg 300w, https:\/\/www.scrubimed.sk\/wp-content\/uploads\/2021\/09\/Tabulka-rozmerov-elasticke-bluzy-768x151.jpg 768w, https:\/\/www.scrubimed.sk\/wp-content\/uploads\/2021\/09\/Tabulka-rozmerov-elasticke-bluzy-1536x301.jpg 1536w, https:\/\/www.scrubimed.sk\/wp-content\/uploads\/2021\/09\/Tabulka-rozmerov-elasticke-bluzy-2048x402.jpg 2048w, https:\/\/www.scrubimed.sk\/wp-content\/uploads\/2021\/09\/Tabulka-rozmerov-elasticke-bluzy-510x100.jpg 510w, https:\/\/www.scrubimed.sk\/wp-content\/uploads\/2021\/09\/Tabulka-rozmerov-elasticke-bluzy-190x37.jpg 190w, https:\/\/www.scrubimed.sk\/wp-content\/uploads\/2021\/09\/Tabulka-rozmerov-elasticke-bluzy-459x90.jpg 459w\" sizes=\"(max-width: 1024px) 100vw, 1024px\" \/><\/p>\n","protected":false},"excerpt":{"rendered":"<ul>\n<li>Vzorovan\u00e1 zdravotn\u00edcka bl\u00faza<\/li>\n<li>100% bavlnen\u00fd \u00faplet &#8211; elastick\u00fd materi\u00e1l<\/li>\n<li>Kr\u00e1sna potla\u010d<\/li>\n<li>Vhodn\u00e1 do medic\u00ednskeho prostredia aj do \u0161k\u00f4liek a domovov d\u00f4chodcov<\/li>\n<li>Pred objednan\u00edm skontrolujte ve\u013ekostn\u00fa tabu\u013eku (ni\u017e\u0161ie)<\/li>\n<\/ul>\n","protected":false},"featured_media":35432,"comment_status":"open","ping_status":"closed","template":"","meta":{"_mi_skip_tracking":false,"_monsterinsights_sitenote_active":false,"_monsterinsights_sitenote_note":"","_monsterinsights_sitenote_category":0,"spay_email":""},"product_cat":[1259,1576,42,1577],"product_tag":[],"_links":{"self":[{"href":"https:\/\/www.scrubimed.sk\/de\/wp-json\/wp\/v2\/product\/35410"}],"collection":[{"href":"https:\/\/www.scrubimed.sk\/de\/wp-json\/wp\/v2\/product"}],"about":[{"href":"https:\/\/www.scrubimed.sk\/de\/wp-json\/wp\/v2\/types\/product"}],"replies":[{"embeddable":true,"href":"https:\/\/www.scrubimed.sk\/de\/wp-json\/wp\/v2\/comments?post=35410"}],"wp:featuredmedia":[{"embeddable":true,"href":"https:\/\/www.scrubimed.sk\/de\/wp-json\/wp\/v2\/media\/35432"}],"wp:attachment":[{"href":"https:\/\/www.scrubimed.sk\/de\/wp-json\/wp\/v2\/media?parent=35410"}],"wp:term":[{"taxonomy":"product_cat","embeddable":true,"href":"https:\/\/www.scrubimed.sk\/de\/wp-json\/wp\/v2\/product_cat?post=35410"},{"taxonomy":"product_tag","embeddable":true,"href":"https:\/\/www.scrubimed.sk\/de\/wp-json\/wp\/v2\/product_tag?post=35410"}],"curies":[{"name":"wp","href":"https:\/\/api.w.org\/{rel}","templated":true}]}}