{"id":35243,"date":"2021-09-13T11:10:53","date_gmt":"2021-09-13T09:10:53","guid":{"rendered":"https:\/\/www.scrubimed.sk\/?post_type=product&#038;p=35243"},"modified":"2021-11-20T13:01:10","modified_gmt":"2021-11-20T12:01:10","slug":"ortopedicke-tenisky","status":"publish","type":"product","link":"https:\/\/www.scrubimed.sk\/de\/produkt\/ortopedicke-tenisky\/","title":{"rendered":"Ortopedick\u00e9 tenisky"},"content":{"rendered":"<p><img class=\"alignnone size-full wp-image-32839\" src=\"https:\/\/www.scrubimed.sk\/wp-content\/uploads\/2021\/07\/il_794xN.2914850935_1itj.jpg\" alt=\"\" width=\"794\" height=\"1187\" srcset=\"https:\/\/www.scrubimed.sk\/wp-content\/uploads\/2021\/07\/il_794xN.2914850935_1itj.jpg 794w, https:\/\/www.scrubimed.sk\/wp-content\/uploads\/2021\/07\/il_794xN.2914850935_1itj-201x300.jpg 201w, https:\/\/www.scrubimed.sk\/wp-content\/uploads\/2021\/07\/il_794xN.2914850935_1itj-685x1024.jpg 685w, https:\/\/www.scrubimed.sk\/wp-content\/uploads\/2021\/07\/il_794xN.2914850935_1itj-768x1148.jpg 768w, https:\/\/www.scrubimed.sk\/wp-content\/uploads\/2021\/07\/il_794xN.2914850935_1itj-510x762.jpg 510w, https:\/\/www.scrubimed.sk\/wp-content\/uploads\/2021\/07\/il_794xN.2914850935_1itj-40x60.jpg 40w, https:\/\/www.scrubimed.sk\/wp-content\/uploads\/2021\/07\/il_794xN.2914850935_1itj-60x90.jpg 60w\" sizes=\"(max-width: 794px) 100vw, 794px\" \/><\/p>\n","protected":false},"excerpt":{"rendered":"<p>&nbsp;<\/p>\n<ul>\n<li>Kvalitn\u00e1 a pohodln\u00e1 zdravotn\u00edcka obuv<\/li>\n<li>Obuv navrhnut\u00e1 s predpokladom pou\u017e\u00edvania po\u010das 12 hodinov\u00fdch smien<\/li>\n<li>Ortopedick\u00e1 korkov\u00e1 podr\u00e1\u017eka prisp\u00f4sobuj\u00faca sa anatomick\u00e9mu tvaru chodidla<\/li>\n<li>Atrakt\u00edvny vzh\u013ead<\/li>\n<li>Ve\u013ekostn\u00e1 tabu\u013eka sa nch\u00e1dza ni\u017e\u0161ie<\/li>\n<\/ul>\n","protected":false},"featured_media":35248,"comment_status":"open","ping_status":"closed","template":"","meta":{"_mi_skip_tracking":false,"_monsterinsights_sitenote_active":false,"_monsterinsights_sitenote_note":"","_monsterinsights_sitenote_category":0,"spay_email":""},"product_cat":[1179],"product_tag":[],"_links":{"self":[{"href":"https:\/\/www.scrubimed.sk\/de\/wp-json\/wp\/v2\/product\/35243"}],"collection":[{"href":"https:\/\/www.scrubimed.sk\/de\/wp-json\/wp\/v2\/product"}],"about":[{"href":"https:\/\/www.scrubimed.sk\/de\/wp-json\/wp\/v2\/types\/product"}],"replies":[{"embeddable":true,"href":"https:\/\/www.scrubimed.sk\/de\/wp-json\/wp\/v2\/comments?post=35243"}],"wp:featuredmedia":[{"embeddable":true,"href":"https:\/\/www.scrubimed.sk\/de\/wp-json\/wp\/v2\/media\/35248"}],"wp:attachment":[{"href":"https:\/\/www.scrubimed.sk\/de\/wp-json\/wp\/v2\/media?parent=35243"}],"wp:term":[{"taxonomy":"product_cat","embeddable":true,"href":"https:\/\/www.scrubimed.sk\/de\/wp-json\/wp\/v2\/product_cat?post=35243"},{"taxonomy":"product_tag","embeddable":true,"href":"https:\/\/www.scrubimed.sk\/de\/wp-json\/wp\/v2\/product_tag?post=35243"}],"curies":[{"name":"wp","href":"https:\/\/api.w.org\/{rel}","templated":true}]}}