{"id":33379,"date":"2019-09-09T15:08:50","date_gmt":"2021-07-26T10:57:43","guid":{"rendered":"https:\/\/www.scrubimed.sk\/produkt\/gemustertes-arztkleid-gemusterte-hemden\/"},"modified":"2021-07-26T12:57:46","modified_gmt":"2021-07-26T10:57:46","slug":"gemusterte-medizinische-kleider","status":"publish","type":"product","link":"https:\/\/www.scrubimed.sk\/de\/produkt\/gemusterte-medizinische-kleider\/","title":{"rendered":"Gemustertes Arztkleid &#8211; Gemusterte Hemden"},"content":{"rendered":"","protected":false},"excerpt":{"rendered":"<ul>\n<li>Medizinische Kleider<\/li>\n<li>Erh\u00e4ltlich in Hemdmuster<\/li>\n<li>Schreiben Sie ein Muster in die Notiz im Warenkorb, entsprechend dem Namen des Hemdes<\/li>\n<li>Angenehmes Material<\/li>\n<li>\u00dcberpr\u00fcfen Sie vor der Bestellung die Gr\u00f6\u00dfentabelle unten auf der Seite<\/li>\n<\/ul>\n","protected":false},"featured_media":25068,"comment_status":"open","ping_status":"closed","template":"","meta":{"_mi_skip_tracking":false,"_monsterinsights_sitenote_active":false,"_monsterinsights_sitenote_note":"","_monsterinsights_sitenote_category":0,"spay_email":""},"product_cat":[758,1208,755],"product_tag":[],"_links":{"self":[{"href":"https:\/\/www.scrubimed.sk\/de\/wp-json\/wp\/v2\/product\/33379"}],"collection":[{"href":"https:\/\/www.scrubimed.sk\/de\/wp-json\/wp\/v2\/product"}],"about":[{"href":"https:\/\/www.scrubimed.sk\/de\/wp-json\/wp\/v2\/types\/product"}],"replies":[{"embeddable":true,"href":"https:\/\/www.scrubimed.sk\/de\/wp-json\/wp\/v2\/comments?post=33379"}],"wp:featuredmedia":[{"embeddable":true,"href":"https:\/\/www.scrubimed.sk\/de\/wp-json\/wp\/v2\/media\/25068"}],"wp:attachment":[{"href":"https:\/\/www.scrubimed.sk\/de\/wp-json\/wp\/v2\/media?parent=33379"}],"wp:term":[{"taxonomy":"product_cat","embeddable":true,"href":"https:\/\/www.scrubimed.sk\/de\/wp-json\/wp\/v2\/product_cat?post=33379"},{"taxonomy":"product_tag","embeddable":true,"href":"https:\/\/www.scrubimed.sk\/de\/wp-json\/wp\/v2\/product_tag?post=33379"}],"curies":[{"name":"wp","href":"https:\/\/api.w.org\/{rel}","templated":true}]}}