{"id":33304,"date":"2021-07-21T11:40:24","date_gmt":"2021-07-21T09:40:32","guid":{"rendered":"https:\/\/www.scrubimed.sk\/?post_type=product&#038;p=33304"},"modified":"2023-09-08T10:42:10","modified_gmt":"2023-09-08T08:42:10","slug":"vesela-kosela-biely-vlci-mak","status":"publish","type":"product","link":"https:\/\/www.scrubimed.sk\/de\/produkt\/vesela-kosela-biely-vlci-mak\/","title":{"rendered":"Fr\u00f6hliches Hemd &#8211; Wei\u00dfer Mohn"},"content":{"rendered":"<p><img class=\"alignnone wp-image-31341\" src=\"https:\/\/www.scrubimed.sk\/wp-content\/uploads\/2019\/10\/garancia-najnizssej-ceny.png\" sizes=\"(max-width: 160px) 100vw, 160px\" srcset=\"https:\/\/www.scrubimed.sk\/wp-content\/uploads\/2019\/10\/garancia-najnizssej-ceny.png 840w, https:\/\/www.scrubimed.sk\/wp-content\/uploads\/2019\/10\/garancia-najnizssej-ceny-286x300.png 286w, https:\/\/www.scrubimed.sk\/wp-content\/uploads\/2019\/10\/garancia-najnizssej-ceny-768x805.png 768w, https:\/\/www.scrubimed.sk\/wp-content\/uploads\/2019\/10\/garancia-najnizssej-ceny-510x534.png 510w, https:\/\/www.scrubimed.sk\/wp-content\/uploads\/2019\/10\/garancia-najnizssej-ceny-57x60.png 57w, https:\/\/www.scrubimed.sk\/wp-content\/uploads\/2019\/10\/garancia-najnizssej-ceny-86x90.png 86w\" alt=\"\" width=\"160\" height=\"167\"><img class=\"alignnone wp-image-31337\" src=\"https:\/\/www.scrubimed.sk\/wp-content\/uploads\/2019\/10\/100-original.png\" sizes=\"(max-width: 175px) 100vw, 175px\" srcset=\"https:\/\/www.scrubimed.sk\/wp-content\/uploads\/2019\/10\/100-original.png 820w, https:\/\/www.scrubimed.sk\/wp-content\/uploads\/2019\/10\/100-original-300x245.png 300w, https:\/\/www.scrubimed.sk\/wp-content\/uploads\/2019\/10\/100-original-768x627.png 768w, https:\/\/www.scrubimed.sk\/wp-content\/uploads\/2019\/10\/100-original-510x416.png 510w, https:\/\/www.scrubimed.sk\/wp-content\/uploads\/2019\/10\/100-original-74x60.png 74w, https:\/\/www.scrubimed.sk\/wp-content\/uploads\/2019\/10\/100-original-110x90.png 110w\" alt=\"\" width=\"175\" height=\"142\"><\/p>\n<p><img class=\"alignnone wp-image-31333\" src=\"https:\/\/www.scrubimed.sk\/wp-content\/uploads\/2019\/10\/unnamed-1.jpg\" sizes=\"(max-width: 219px) 100vw, 219px\" srcset=\"https:\/\/www.scrubimed.sk\/wp-content\/uploads\/2019\/10\/unnamed-1.jpg 512w, https:\/\/www.scrubimed.sk\/wp-content\/uploads\/2019\/10\/unnamed-1-300x64.jpg 300w, https:\/\/www.scrubimed.sk\/wp-content\/uploads\/2019\/10\/unnamed-1-510x110.jpg 510w, https:\/\/www.scrubimed.sk\/wp-content\/uploads\/2019\/10\/unnamed-1-190x41.jpg 190w, https:\/\/www.scrubimed.sk\/wp-content\/uploads\/2019\/10\/unnamed-1-419x90.jpg 419w\" alt=\"\" width=\"219\" height=\"47\"><\/p>\n<p>&nbsp;<\/p>\n<p>Originales medizinisches Hemd von geschickten slowakischen H\u00e4nden. Gemusterte Kleidung schafft im Allgemeinen eine angenehme Atmosph\u00e4re, die die Stimmung von Ihnen, Kollegen und Patienten verbessert.<\/p>\n<p>Jedes Muster unserer Kleidung tr\u00e4gt eine bestimmte Emotion und erz\u00e4hlt eine andere interessante Geschichte \u00fcber ihre Nase.<\/p>\n<p>Sie werden das komfortable Material im Sommer und Winter zu sch\u00e4tzen wissen. Das Shirt kann direkt am nackten K\u00f6rper getragen werden oder Sie k\u00f6nnen ein d\u00fcnnes T-Shirt oder ein Tanktop darunter tragen.<\/p>\n","protected":false},"excerpt":{"rendered":"<p>&nbsp;<\/p>\n<ul>\n<li>Hergestellt in slowakischen gesch\u00fctzten Werkst\u00e4tten<\/li>\n<li>M\u00f6glichkeit, als Set mit roter Baumwollhose zu kaufen<\/li>\n<li>100% Baumwolle<\/li>\n<li>\u00dcberpr\u00fcfen Sie vor der Bestellung die Gr\u00f6\u00dfentabelle<\/li>\n<\/ul>\n","protected":false},"featured_media":26982,"comment_status":"open","ping_status":"closed","template":"","meta":{"_mi_skip_tracking":false,"_monsterinsights_sitenote_active":false,"_monsterinsights_sitenote_note":"","_monsterinsights_sitenote_category":0,"spay_email":""},"product_cat":[758,771,763,748],"product_tag":[],"_links":{"self":[{"href":"https:\/\/www.scrubimed.sk\/de\/wp-json\/wp\/v2\/product\/33304"}],"collection":[{"href":"https:\/\/www.scrubimed.sk\/de\/wp-json\/wp\/v2\/product"}],"about":[{"href":"https:\/\/www.scrubimed.sk\/de\/wp-json\/wp\/v2\/types\/product"}],"replies":[{"embeddable":true,"href":"https:\/\/www.scrubimed.sk\/de\/wp-json\/wp\/v2\/comments?post=33304"}],"wp:featuredmedia":[{"embeddable":true,"href":"https:\/\/www.scrubimed.sk\/de\/wp-json\/wp\/v2\/media\/26982"}],"wp:attachment":[{"href":"https:\/\/www.scrubimed.sk\/de\/wp-json\/wp\/v2\/media?parent=33304"}],"wp:term":[{"taxonomy":"product_cat","embeddable":true,"href":"https:\/\/www.scrubimed.sk\/de\/wp-json\/wp\/v2\/product_cat?post=33304"},{"taxonomy":"product_tag","embeddable":true,"href":"https:\/\/www.scrubimed.sk\/de\/wp-json\/wp\/v2\/product_tag?post=33304"}],"curies":[{"name":"wp","href":"https:\/\/api.w.org\/{rel}","templated":true}]}}