{"id":32240,"date":"2021-06-11T12:45:32","date_gmt":"2021-06-11T10:45:34","guid":{"rendered":"https:\/\/www.scrubimed.sk\/?post_type=product&#038;p=32240"},"modified":"2021-07-26T12:57:12","modified_gmt":"2021-07-26T10:57:12","slug":"medizinische-saty-na-zips","status":"publish","type":"product","link":"https:\/\/www.scrubimed.sk\/de\/produkt\/medizinische-saty-na-zips\/","title":{"rendered":"Medizinisches Kleid mit Rei\u00dfverschluss"},"content":{"rendered":"<p><img src=\"https:\/\/cdn.shopify.com\/s\/files\/1\/0070\/9997\/3687\/files\/najlepsia_cena_-_certifikat_vystaveny_2019_compact.png?v=1557225129\" alt=\"\"><\/p>\n<p><img src=\"https:\/\/cdn.shopify.com\/s\/files\/1\/0070\/9997\/3687\/files\/hviezdy_small.png?v=1556274512\" alt=\"\"><\/p>\n<p>Charmantes und bequemes Kleid, besonders geeignet f\u00fcr den Sommer. Sie haben wie Hemden drei praktische Taschen.<\/p>\n<p>Sie werden sie nicht nur an hei\u00dfen Sommertagen zu sch\u00e4tzen wissen.<\/p>\n<p><strong>Bei der Auswahl der richtigen Gr\u00f6\u00dfe orientieren Sie sich bitte an der Gr\u00f6\u00dfe der Hemden (die L\u00e4nge des Kleides liegt ungef\u00e4hr knapp unter den Knien).<\/strong><\/p>\n<p><img class=\"alignnone size-full wp-image-21518\" src=\"https:\/\/www.scrubimed.sk\/wp-content\/uploads\/2020\/12\/vel%CC%8Ckostna%CC%81-tabul%CC%8Cka-scrubimed.png\" alt=\"\" width=\"1217\" height=\"1302\"><\/p>\n","protected":false},"excerpt":{"rendered":"<ul>\n<li>Medizinische Kleider<\/li>\n<li>Baumwolle mit 2% Elasthan f\u00fcr mehr Tragekomfort<\/li>\n<li>Interessant farbiger Rei\u00dfverschluss auf der Vorderseite<\/li>\n<li>Angenehmes Material<\/li>\n<li>Hochwertige medizinische Kleidung<\/li>\n<li>\u00dcberpr\u00fcfen Sie vor der Bestellung die Gr\u00f6\u00dfentabelle unten auf der Seite<\/li>\n<\/ul>\n","protected":false},"featured_media":32250,"comment_status":"open","ping_status":"closed","template":"","meta":{"_mi_skip_tracking":false,"_monsterinsights_sitenote_active":false,"_monsterinsights_sitenote_note":"","_monsterinsights_sitenote_category":0,"spay_email":""},"product_cat":[772,749,755],"product_tag":[],"_links":{"self":[{"href":"https:\/\/www.scrubimed.sk\/de\/wp-json\/wp\/v2\/product\/32240"}],"collection":[{"href":"https:\/\/www.scrubimed.sk\/de\/wp-json\/wp\/v2\/product"}],"about":[{"href":"https:\/\/www.scrubimed.sk\/de\/wp-json\/wp\/v2\/types\/product"}],"replies":[{"embeddable":true,"href":"https:\/\/www.scrubimed.sk\/de\/wp-json\/wp\/v2\/comments?post=32240"}],"wp:featuredmedia":[{"embeddable":true,"href":"https:\/\/www.scrubimed.sk\/de\/wp-json\/wp\/v2\/media\/32250"}],"wp:attachment":[{"href":"https:\/\/www.scrubimed.sk\/de\/wp-json\/wp\/v2\/media?parent=32240"}],"wp:term":[{"taxonomy":"product_cat","embeddable":true,"href":"https:\/\/www.scrubimed.sk\/de\/wp-json\/wp\/v2\/product_cat?post=32240"},{"taxonomy":"product_tag","embeddable":true,"href":"https:\/\/www.scrubimed.sk\/de\/wp-json\/wp\/v2\/product_tag?post=32240"}],"curies":[{"name":"wp","href":"https:\/\/api.w.org\/{rel}","templated":true}]}}