{"id":30769,"date":"2021-04-19T14:34:23","date_gmt":"2021-04-19T12:34:24","guid":{"rendered":"https:\/\/www.scrubimed.sk\/?post_type=product&#038;p=30769"},"modified":"2021-04-22T08:52:35","modified_gmt":"2021-04-22T06:52:35","slug":"karussell-touch-fruhling","status":"publish","type":"product","link":"https:\/\/www.scrubimed.sk\/de\/produkt\/karussell-touch-fruhling\/","title":{"rendered":"Fr\u00f6hliches Hemd &#8211; Ein Hauch von Fr\u00fchling"},"content":{"rendered":"<p><img src=\"https:\/\/cdn.shopify.com\/s\/files\/1\/0070\/9997\/3687\/files\/najlepsia_cena_-_certifikat_vystaveny_2019_compact.png?v=1557225129\" alt=\"\"><\/p>\n<p><img src=\"https:\/\/cdn.shopify.com\/s\/files\/1\/0070\/9997\/3687\/files\/hviezdy_small.png?v=1556274512\" alt=\"\"><\/p>\n<p>Sch\u00f6ne und bequeme medizinische Kleidung.<\/p>\n<p>Neue Kleidung wird im Allgemeinen Ihre Pers\u00f6nlichkeit und die allgemeine Atmosph\u00e4re am Arbeitsplatz aufhellen. Mit diesem Kleidungsst\u00fcck werden Sie nicht nur sich selbst, sondern auch Kollegen, anderen Mitarbeitern und insbesondere Patienten gefallen.<\/p>\n<p>Sehr angenehmes Material, das Sie im Sommer und Winter sch\u00e4tzen werden. Andere Kleidungsst\u00fccke f\u00e4rben sich beim Waschen nicht. Wir empfehlen, bei 60 Grad zu waschen.<\/p>\n<p><strong>Bitte \u00fcberpr\u00fcfen Sie die Gr\u00f6\u00dfentabelle vor der Bestellung<\/strong><\/p>\n<p><img class=\"alignnone size-full wp-image-30581\" src=\"https:\/\/www.scrubimed.sk\/wp-content\/uploads\/2021\/04\/Velkostna-tabulka-scrubimed.sk_.png\" alt=\"\" width=\"806\" height=\"1285\" srcset=\"https:\/\/www.scrubimed.sk\/wp-content\/uploads\/2021\/04\/Velkostna-tabulka-scrubimed.sk_.png 806w, https:\/\/www.scrubimed.sk\/wp-content\/uploads\/2021\/04\/Velkostna-tabulka-scrubimed.sk_-188x300.png 188w, https:\/\/www.scrubimed.sk\/wp-content\/uploads\/2021\/04\/Velkostna-tabulka-scrubimed.sk_-642x1024.png 642w, https:\/\/www.scrubimed.sk\/wp-content\/uploads\/2021\/04\/Velkostna-tabulka-scrubimed.sk_-768x1224.png 768w, https:\/\/www.scrubimed.sk\/wp-content\/uploads\/2021\/04\/Velkostna-tabulka-scrubimed.sk_-510x813.png 510w, https:\/\/www.scrubimed.sk\/wp-content\/uploads\/2021\/04\/Velkostna-tabulka-scrubimed.sk_-38x60.png 38w, https:\/\/www.scrubimed.sk\/wp-content\/uploads\/2021\/04\/Velkostna-tabulka-scrubimed.sk_-56x90.png 56w\" sizes=\"(max-width: 806px) 100vw, 806px\" \/><\/p>\n","protected":false},"excerpt":{"rendered":"<p>&nbsp;<\/p>\n<ul>\n<li>Hergestellt in slowakischen gesch\u00fctzten Werkst\u00e4tten<\/li>\n<li>100% Baumwolle<\/li>\n<li>Hochwertige medizinische Kleidung<\/li>\n<li>\u00dcberpr\u00fcfen Sie vor der Bestellung die Gr\u00f6\u00dfentabelle<\/li>\n<\/ul>\n","protected":false},"featured_media":30643,"comment_status":"open","ping_status":"closed","template":"","meta":{"_mi_skip_tracking":false,"_monsterinsights_sitenote_active":false,"_monsterinsights_sitenote_note":"","_monsterinsights_sitenote_category":0,"spay_email":""},"product_cat":[758,763],"product_tag":[],"_links":{"self":[{"href":"https:\/\/www.scrubimed.sk\/de\/wp-json\/wp\/v2\/product\/30769"}],"collection":[{"href":"https:\/\/www.scrubimed.sk\/de\/wp-json\/wp\/v2\/product"}],"about":[{"href":"https:\/\/www.scrubimed.sk\/de\/wp-json\/wp\/v2\/types\/product"}],"replies":[{"embeddable":true,"href":"https:\/\/www.scrubimed.sk\/de\/wp-json\/wp\/v2\/comments?post=30769"}],"wp:featuredmedia":[{"embeddable":true,"href":"https:\/\/www.scrubimed.sk\/de\/wp-json\/wp\/v2\/media\/30643"}],"wp:attachment":[{"href":"https:\/\/www.scrubimed.sk\/de\/wp-json\/wp\/v2\/media?parent=30769"}],"wp:term":[{"taxonomy":"product_cat","embeddable":true,"href":"https:\/\/www.scrubimed.sk\/de\/wp-json\/wp\/v2\/product_cat?post=30769"},{"taxonomy":"product_tag","embeddable":true,"href":"https:\/\/www.scrubimed.sk\/de\/wp-json\/wp\/v2\/product_tag?post=30769"}],"curies":[{"name":"wp","href":"https:\/\/api.w.org\/{rel}","templated":true}]}}