{"id":30316,"date":"2019-09-08T13:43:35","date_gmt":"2021-04-11T12:06:07","guid":{"rendered":"https:\/\/www.scrubimed.sk\/produkt\/chirurgische-kappe-verschiedene-designs\/"},"modified":"2021-04-11T14:06:08","modified_gmt":"2021-04-11T12:06:08","slug":"chirurgische-kappe-verschiedene-designs","status":"publish","type":"product","link":"https:\/\/www.scrubimed.sk\/de\/produkt\/chirurgische-kappe-verschiedene-designs\/","title":{"rendered":"Chirurgische Kappe &#8211; verschiedene Designs"},"content":{"rendered":"<p><img src=\"https:\/\/cdn.shopify.com\/s\/files\/1\/0070\/9997\/3687\/files\/najlepsia_cena_-_certifikat_vystaveny_2019_compact.png?v=1557225129\" alt=\"\"><\/p>\n<p><img src=\"https:\/\/cdn.shopify.com\/s\/files\/1\/0070\/9997\/3687\/files\/hviezdy_small.png?v=1556274512\" alt=\"\"><\/p>\n<p>Chirurgische Spitzenkappe aus Baumwolle. Sehr sch\u00f6ne au\u00dfergew\u00f6hnliche Muster. Wir empfehlen zum Beispiel die Kombination mit unserer<a title=\"Chirurgisches Hemd\" href=\"https:\/\/scrubimed.com\/products\/zdravotnicke-oblecenie-chirurgicka-kosela\" target=\"_blank\" rel=\"noopener noreferrer\"> OP-Shirts<\/a> .<\/p>\n","protected":false},"excerpt":{"rendered":"<p>Chirurgische Spitzenkappe aus Baumwolle. Sehr sch\u00f6ne au\u00dfergew\u00f6hnliche Muster. Wir empfehlen zum Beispiel die Kombination mit unserer OP-Shirts .<\/p>\n","protected":false},"featured_media":25884,"comment_status":"open","ping_status":"closed","template":"","meta":{"_mi_skip_tracking":false,"_monsterinsights_sitenote_active":false,"_monsterinsights_sitenote_note":"","_monsterinsights_sitenote_category":0,"spay_email":""},"product_cat":[758,756],"product_tag":[],"_links":{"self":[{"href":"https:\/\/www.scrubimed.sk\/de\/wp-json\/wp\/v2\/product\/30316"}],"collection":[{"href":"https:\/\/www.scrubimed.sk\/de\/wp-json\/wp\/v2\/product"}],"about":[{"href":"https:\/\/www.scrubimed.sk\/de\/wp-json\/wp\/v2\/types\/product"}],"replies":[{"embeddable":true,"href":"https:\/\/www.scrubimed.sk\/de\/wp-json\/wp\/v2\/comments?post=30316"}],"wp:featuredmedia":[{"embeddable":true,"href":"https:\/\/www.scrubimed.sk\/de\/wp-json\/wp\/v2\/media\/25884"}],"wp:attachment":[{"href":"https:\/\/www.scrubimed.sk\/de\/wp-json\/wp\/v2\/media?parent=30316"}],"wp:term":[{"taxonomy":"product_cat","embeddable":true,"href":"https:\/\/www.scrubimed.sk\/de\/wp-json\/wp\/v2\/product_cat?post=30316"},{"taxonomy":"product_tag","embeddable":true,"href":"https:\/\/www.scrubimed.sk\/de\/wp-json\/wp\/v2\/product_tag?post=30316"}],"curies":[{"name":"wp","href":"https:\/\/api.w.org\/{rel}","templated":true}]}}