{"id":30124,"date":"2019-09-29T15:24:54","date_gmt":"2021-04-11T12:04:06","guid":{"rendered":"https:\/\/www.scrubimed.sk\/produkt\/fleeceweste\/"},"modified":"2021-04-11T14:04:13","modified_gmt":"2021-04-11T12:04:13","slug":"fleeceweste","status":"publish","type":"product","link":"https:\/\/www.scrubimed.sk\/de\/produkt\/fleeceweste\/","title":{"rendered":"Fleeceweste"},"content":{"rendered":"<p>An halbkalten Tagen ist es wie kein anderes geeignet. Es ist sehr angenehm zu tragen, es ist stilvoll und praktisch.<\/p>\n<p>Die Gr\u00f6\u00dfe dieser Kleidung entspricht der \u00fcblichen europ\u00e4ischen Nummerierung.<\/p>\n","protected":false},"excerpt":{"rendered":"<ul>\n<li>Fleeceweste<\/li>\n<li>Angenehm zu tragen<\/li>\n<li>Kleidung f\u00fcr Krankenschwestern und \u00c4rzte<\/li>\n<\/ul>\n","protected":false},"featured_media":25596,"comment_status":"open","ping_status":"closed","template":"","meta":{"_mi_skip_tracking":false,"_monsterinsights_sitenote_active":false,"_monsterinsights_sitenote_note":"","_monsterinsights_sitenote_category":0,"spay_email":""},"product_cat":[774],"product_tag":[],"_links":{"self":[{"href":"https:\/\/www.scrubimed.sk\/de\/wp-json\/wp\/v2\/product\/30124"}],"collection":[{"href":"https:\/\/www.scrubimed.sk\/de\/wp-json\/wp\/v2\/product"}],"about":[{"href":"https:\/\/www.scrubimed.sk\/de\/wp-json\/wp\/v2\/types\/product"}],"replies":[{"embeddable":true,"href":"https:\/\/www.scrubimed.sk\/de\/wp-json\/wp\/v2\/comments?post=30124"}],"wp:featuredmedia":[{"embeddable":true,"href":"https:\/\/www.scrubimed.sk\/de\/wp-json\/wp\/v2\/media\/25596"}],"wp:attachment":[{"href":"https:\/\/www.scrubimed.sk\/de\/wp-json\/wp\/v2\/media?parent=30124"}],"wp:term":[{"taxonomy":"product_cat","embeddable":true,"href":"https:\/\/www.scrubimed.sk\/de\/wp-json\/wp\/v2\/product_cat?post=30124"},{"taxonomy":"product_tag","embeddable":true,"href":"https:\/\/www.scrubimed.sk\/de\/wp-json\/wp\/v2\/product_tag?post=30124"}],"curies":[{"name":"wp","href":"https:\/\/api.w.org\/{rel}","templated":true}]}}