{"id":29978,"date":"2019-09-29T15:25:08","date_gmt":"2021-04-11T12:03:50","guid":{"rendered":"https:\/\/www.scrubimed.sk\/produkt\/fleece-hoodie\/"},"modified":"2021-04-11T14:03:58","modified_gmt":"2021-04-11T12:03:58","slug":"fleece-sweatshirt","status":"publish","type":"product","link":"https:\/\/www.scrubimed.sk\/de\/produkt\/fleece-sweatshirt\/","title":{"rendered":"Fleece Hoodie"},"content":{"rendered":"<p>An kalten Tagen erw\u00e4rmt es sich wie kein anderer. Es ist sehr angenehm zu tragen, es ist stilvoll und praktisch.<\/p>\n<p>Die Gr\u00f6\u00dfe dieser Kleidung entspricht der \u00fcblichen europ\u00e4ischen Nummerierung.<\/p>\n","protected":false},"excerpt":{"rendered":"<ul>\n<li>Fleece-Sweatshirt<\/li>\n<li>2 Rei\u00dfverschlusstaschen<\/li>\n<li>Gummiband zum Download in der Taille<\/li>\n<\/ul>\n","protected":false},"featured_media":25584,"comment_status":"open","ping_status":"closed","template":"","meta":{"_mi_skip_tracking":false,"_monsterinsights_sitenote_active":false,"_monsterinsights_sitenote_note":"","_monsterinsights_sitenote_category":0,"spay_email":""},"product_cat":[774],"product_tag":[],"_links":{"self":[{"href":"https:\/\/www.scrubimed.sk\/de\/wp-json\/wp\/v2\/product\/29978"}],"collection":[{"href":"https:\/\/www.scrubimed.sk\/de\/wp-json\/wp\/v2\/product"}],"about":[{"href":"https:\/\/www.scrubimed.sk\/de\/wp-json\/wp\/v2\/types\/product"}],"replies":[{"embeddable":true,"href":"https:\/\/www.scrubimed.sk\/de\/wp-json\/wp\/v2\/comments?post=29978"}],"wp:featuredmedia":[{"embeddable":true,"href":"https:\/\/www.scrubimed.sk\/de\/wp-json\/wp\/v2\/media\/25584"}],"wp:attachment":[{"href":"https:\/\/www.scrubimed.sk\/de\/wp-json\/wp\/v2\/media?parent=29978"}],"wp:term":[{"taxonomy":"product_cat","embeddable":true,"href":"https:\/\/www.scrubimed.sk\/de\/wp-json\/wp\/v2\/product_cat?post=29978"},{"taxonomy":"product_tag","embeddable":true,"href":"https:\/\/www.scrubimed.sk\/de\/wp-json\/wp\/v2\/product_tag?post=29978"}],"curies":[{"name":"wp","href":"https:\/\/api.w.org\/{rel}","templated":true}]}}