{"id":29621,"date":"2020-03-12T11:32:02","date_gmt":"2021-04-11T11:59:59","guid":{"rendered":"https:\/\/www.scrubimed.sk\/produkt\/oekologisch-zersetzbare-trinkhalme-100-stueck\/"},"modified":"2021-04-11T13:59:59","modified_gmt":"2021-04-11T11:59:59","slug":"okologisch-zersetzbare-trinkhalme-100pcs","status":"publish","type":"product","link":"https:\/\/www.scrubimed.sk\/de\/produkt\/okologisch-zersetzbare-trinkhalme-100pcs\/","title":{"rendered":"\u00d6kologisch zersetzbare Trinkhalme &#8211; 100 St\u00fcck"},"content":{"rendered":"","protected":false},"excerpt":{"rendered":"<p>100% organische Strohhalme aus PLA-Material. Diese Strohhalme werden aus Gem\u00fcsest\u00e4rke hergestellt. Der Strohhalm verh\u00e4lt sich \u00e4hnlich wie Plastikvorg\u00e4nger in der Tasse. In der Natur zersetzt es sich jedoch in 6 Monaten, im Gegensatz zu Kunststoffen, die sich 4.000 Jahre lang zersetzen.<\/p>\n<ul>\n<li>100% Bio<\/li>\n<li>Umweltfreundlich<\/li>\n<li>Biologisch abbaubar<\/li>\n<li>F\u00fcr einen Gebrauch<\/li>\n<li>200 * 7 mm<\/li>\n<li>Wei\u00dfe Farbe<\/li>\n<li>1 Paket = 100 St\u00fcck<\/li>\n<\/ul>\n","protected":false},"featured_media":25785,"comment_status":"open","ping_status":"closed","template":"","meta":{"_mi_skip_tracking":false,"_monsterinsights_sitenote_active":false,"_monsterinsights_sitenote_note":"","_monsterinsights_sitenote_category":0,"spay_email":""},"product_cat":[768],"product_tag":[],"_links":{"self":[{"href":"https:\/\/www.scrubimed.sk\/de\/wp-json\/wp\/v2\/product\/29621"}],"collection":[{"href":"https:\/\/www.scrubimed.sk\/de\/wp-json\/wp\/v2\/product"}],"about":[{"href":"https:\/\/www.scrubimed.sk\/de\/wp-json\/wp\/v2\/types\/product"}],"replies":[{"embeddable":true,"href":"https:\/\/www.scrubimed.sk\/de\/wp-json\/wp\/v2\/comments?post=29621"}],"wp:featuredmedia":[{"embeddable":true,"href":"https:\/\/www.scrubimed.sk\/de\/wp-json\/wp\/v2\/media\/25785"}],"wp:attachment":[{"href":"https:\/\/www.scrubimed.sk\/de\/wp-json\/wp\/v2\/media?parent=29621"}],"wp:term":[{"taxonomy":"product_cat","embeddable":true,"href":"https:\/\/www.scrubimed.sk\/de\/wp-json\/wp\/v2\/product_cat?post=29621"},{"taxonomy":"product_tag","embeddable":true,"href":"https:\/\/www.scrubimed.sk\/de\/wp-json\/wp\/v2\/product_tag?post=29621"}],"curies":[{"name":"wp","href":"https:\/\/api.w.org\/{rel}","templated":true}]}}