{"id":29566,"date":"2020-04-20T10:52:21","date_gmt":"2021-04-11T11:57:11","guid":{"rendered":"https:\/\/www.scrubimed.sk\/produkt\/maxi-anti-covid-paket\/"},"modified":"2021-04-11T13:57:13","modified_gmt":"2021-04-11T11:57:13","slug":"balicek-proti-korone-maxi","status":"publish","type":"product","link":"https:\/\/www.scrubimed.sk\/de\/produkt\/balicek-proti-korone-maxi\/","title":{"rendered":"MAXI Anti-COVID-Paket"},"content":{"rendered":"<p>Maske:<\/p>\n<p>Schutzh\u00fclle f\u00fcr Mund und Nase zur Vorbeugung gegen Viruserkrankungen. Aus 100% Baumwolle. Doppelschicht. Angenehm zu tragen und hohe Effizienz. Geeignet f\u00fcr jede Kopfform. Beliebt in allen Krankenstationen und Haushalten. Maschinenwaschbar bei 60 Grad.<\/p>\n<p>Wir empfehlen, das Tuch nach jedem Gebrauch zu waschen und nach dem Trocknen mit einem auf mindestens 200 Grad erhitzten B\u00fcgeleisen zu b\u00fcgeln. Dadurch wird die Sterilit\u00e4t des Abdecktuchs sichergestellt. In seltenen F\u00e4llen kochen Benutzer das Tuch in Wasser, um maximale Sicherheit zu gew\u00e4hrleisten, dass kein Mikroorganismus auf dem Tuch vorhanden ist.<\/p>\n<p>Wenn Sie mehrmals am Tag das Haus verlassen, ist es ratsam, mindestens zwei Vorh\u00e4nge zu haben, damit Sie immer einen trocken und geb\u00fcgelt und den anderen in der Waschmaschine haben.<\/p>\n<p>Im Zusammenhang mit der Situation in der Slowakei und in der Welt (in Bezug auf COVID 19) und aufgrund der Beschaffenheit dieses Produkts k\u00f6nnen wir leider keine Anspr\u00fcche auf Vorh\u00e4nge akzeptieren. Die Verordnung soll die Ausbreitung des Virus verhindern. Bitte beachten Sie diese Tatsache beim Anlegen einer Bestellung.<\/p>\n<p>Desinfektion:<\/p>\n<ul>\n<li>Geeignet f\u00fcr den t\u00e4glichen Gebrauch<\/li>\n<li>Es zerst\u00f6rt 99,9% der Viren und Bakterien<\/li>\n<li>Das effektivste Produkt in seinem Segment<\/li>\n<\/ul>\n<p>Alkoholdesinfektion: Ein universelles Produkt auf Basis von fl\u00fcssigem Alkohol, das f\u00fcr eine schnelle und sichere Reinigung entwickelt wurde. Es enth\u00e4lt die Wirkstoffe ETHANOL (min. 80% v \/ v), Ajatin und Glycerin.<\/p>\n<p>Das Desinfektionsmittel muss Ethanol enthalten, um Viren zu bek\u00e4mpfen. Das Spektrum der viruziden Aktivit\u00e4t von 80% Ethanol deckt die klinisch relevantesten Viren ab.<\/p>\n<p>Auftragen und mindestens 30 Sekunden einwirken lassen. Es ist zum Reinigen der H\u00e4nde ohne Wasser und Seife geeignet. Geeignet f\u00fcr Grifffl\u00e4chen, Tische<\/p>\n<p>Inhaltsstoffe: Ethanol (80%), Ajatin, Glycerin<\/p>\n<p>Aussehen: klare farblose Fl\u00fcssigkeit<\/p>\n<p><strong>Sicherheitswarnungen:<\/strong><\/p>\n<ul>\n<li>An einem trockenen Ort bei einer Temperatur von 5-25 lagern<span class=\"st\"> \u00b0<\/span> C.<\/li>\n<li>Vor direkter Sonneneinstrahlung und Frost sch\u00fctzen<\/li>\n<li>Entz\u00fcndbare Fl\u00fcssigkeit und Dampf<\/li>\n<li>Darf nicht in die H\u00e4nde von Kindern gelangen<\/li>\n<li>Mund nach Gebrauch aussp\u00fclen. Kein Erbrechen herbeif\u00fchren.<\/li>\n<li>Nach Augenkontakt sofort einige Minuten lang mit viel Wasser absp\u00fclen.<\/li>\n<li>Wenn Sie Kontaktlinsen verwenden und wenn m\u00f6glich, entfernen Sie diese und sp\u00fclen Sie weiter.<\/li>\n<\/ul>\n","protected":false},"excerpt":{"rendered":"<p>Sch\u00fctzen Sie sich und Ihre Lieben.<\/p>\n<p>Zwei Baumwollvorh\u00e4nge + 150 ml Desinfektionsmittel auf Alkoholbasis<\/p>\n<p>In der Verpackung finden Sie ein hochwertiges Tuch aus zwei Schichten Baumwolle. Experten sind sich einig, dass ein solches Tuch ein hohes Ma\u00df an Atemwegsschutz gegen das Eindringen von Viren und Bakterien bietet, die den menschlichen K\u00f6rper sch\u00e4digen k\u00f6nnten. Gleichzeitig ist dieses Tuch eine ideale L\u00f6sung f\u00fcr Menschen, die mit dem Virus infiziert sind und andere vor der \u00dcbertragung der Krankheit durch Tr\u00f6pfcheninfektion sch\u00fctzen m\u00f6chten.<\/p>\n<p>Die Packung enth\u00e4lt au\u00dferdem 50 ml Desinfektionsmittel auf Ethanolbasis (80%). Eine solche Desinfektion wird an Orten eingesetzt, an denen ein H\u00f6chstma\u00df an Hygiene und Sterilit\u00e4t gew\u00e4hrleistet sein muss &#8211; beispielsweise in Krankenh\u00e4usern. Die Desinfektion kann an H\u00e4nden, aber auch an allen h\u00e4ufig verwendeten Gegenst\u00e4nden und Materialien wie der Oberfl\u00e4che eines Mobiltelefons, Banknoten, M\u00fcnzen, dem Armaturenbrett in einem Auto &#8230; angewendet werden. Verpackt in einer Plastikspr\u00fchflasche.<\/p>\n","protected":false},"featured_media":25908,"comment_status":"open","ping_status":"closed","template":"","meta":{"_mi_skip_tracking":false,"_monsterinsights_sitenote_active":false,"_monsterinsights_sitenote_note":"","_monsterinsights_sitenote_category":0,"spay_email":""},"product_cat":[768,773,764],"product_tag":[],"_links":{"self":[{"href":"https:\/\/www.scrubimed.sk\/de\/wp-json\/wp\/v2\/product\/29566"}],"collection":[{"href":"https:\/\/www.scrubimed.sk\/de\/wp-json\/wp\/v2\/product"}],"about":[{"href":"https:\/\/www.scrubimed.sk\/de\/wp-json\/wp\/v2\/types\/product"}],"replies":[{"embeddable":true,"href":"https:\/\/www.scrubimed.sk\/de\/wp-json\/wp\/v2\/comments?post=29566"}],"wp:featuredmedia":[{"embeddable":true,"href":"https:\/\/www.scrubimed.sk\/de\/wp-json\/wp\/v2\/media\/25908"}],"wp:attachment":[{"href":"https:\/\/www.scrubimed.sk\/de\/wp-json\/wp\/v2\/media?parent=29566"}],"wp:term":[{"taxonomy":"product_cat","embeddable":true,"href":"https:\/\/www.scrubimed.sk\/de\/wp-json\/wp\/v2\/product_cat?post=29566"},{"taxonomy":"product_tag","embeddable":true,"href":"https:\/\/www.scrubimed.sk\/de\/wp-json\/wp\/v2\/product_tag?post=29566"}],"curies":[{"name":"wp","href":"https:\/\/api.w.org\/{rel}","templated":true}]}}