{"id":29509,"date":"2020-05-20T10:03:02","date_gmt":"2021-04-11T11:55:02","guid":{"rendered":"https:\/\/www.scrubimed.sk\/produkt\/bambino-bluse-zaehne\/"},"modified":"2021-04-11T13:55:03","modified_gmt":"2021-04-11T11:55:03","slug":"bambino-blusenzahne","status":"publish","type":"product","link":"https:\/\/www.scrubimed.sk\/de\/produkt\/bambino-blusenzahne\/","title":{"rendered":"Bambino Bluse &#8211; Z\u00e4hne"},"content":{"rendered":"<p><img src=\"https:\/\/cdn.shopify.com\/s\/files\/1\/0070\/9997\/3687\/files\/najlepsia_cena_-_certifikat_vystaveny_2019_compact.png?v=1557225129\" alt=\"\"><\/p>\n<p><img src=\"https:\/\/cdn.shopify.com\/s\/files\/1\/0070\/9997\/3687\/files\/hviezdy_small.png?v=1556274512\" alt=\"\"><\/p>\n<p>Medizinisches Hemd mit einem Muster der Z\u00e4hne.<\/p>\n<p>Gemusterte Kleidung hellt im Allgemeinen die allgemeine Atmosph\u00e4re in der Abteilung oder in der Praxis auf. Mit diesem Kleidungsst\u00fcck werden Sie nicht nur sich selbst, sondern auch Kollegen, anderen Mitarbeitern und insbesondere Patienten gefallen.<\/p>\n<p>Angenehmes Material f\u00fcr Sommer und Winter. Andere Kleidungsst\u00fccke f\u00e4rben sich beim Waschen nicht. Wir empfehlen, bei 60 Grad zu waschen.<\/p>\n<p><strong>Bitte \u00fcberpr\u00fcfen Sie die Gr\u00f6\u00dfentabelle vor der Bestellung<\/strong><\/p>\n<p><img class=\"alignnone size-full wp-image-26151\" src=\"https:\/\/www.scrubimed.sk\/wp-content\/uploads\/2020\/05\/Tabulka-nova-kolekcia.png\" alt=\"\" width=\"1243\" height=\"452\" srcset=\"https:\/\/www.scrubimed.sk\/wp-content\/uploads\/2020\/05\/Tabulka-nova-kolekcia.png 1243w, https:\/\/www.scrubimed.sk\/wp-content\/uploads\/2020\/05\/Tabulka-nova-kolekcia-510x185.png 510w, https:\/\/www.scrubimed.sk\/wp-content\/uploads\/2020\/05\/Tabulka-nova-kolekcia-300x109.png 300w, https:\/\/www.scrubimed.sk\/wp-content\/uploads\/2020\/05\/Tabulka-nova-kolekcia-768x279.png 768w, https:\/\/www.scrubimed.sk\/wp-content\/uploads\/2020\/05\/Tabulka-nova-kolekcia-1024x372.png 1024w\" sizes=\"(max-width: 1243px) 100vw, 1243px\" \/><\/p>\n<p>&nbsp;<\/p>\n","protected":false},"excerpt":{"rendered":"<ul>\n<li>Europ\u00e4ische Produktion<\/li>\n<li>\u00dcberpr\u00fcfen Sie vor der Bestellung die Gr\u00f6\u00dfentabelle<\/li>\n<\/ul>\n","protected":false},"featured_media":26100,"comment_status":"open","ping_status":"closed","template":"","meta":{"_mi_skip_tracking":false,"_monsterinsights_sitenote_active":false,"_monsterinsights_sitenote_note":"","_monsterinsights_sitenote_category":0,"spay_email":""},"product_cat":[758,771,748],"product_tag":[],"_links":{"self":[{"href":"https:\/\/www.scrubimed.sk\/de\/wp-json\/wp\/v2\/product\/29509"}],"collection":[{"href":"https:\/\/www.scrubimed.sk\/de\/wp-json\/wp\/v2\/product"}],"about":[{"href":"https:\/\/www.scrubimed.sk\/de\/wp-json\/wp\/v2\/types\/product"}],"replies":[{"embeddable":true,"href":"https:\/\/www.scrubimed.sk\/de\/wp-json\/wp\/v2\/comments?post=29509"}],"wp:featuredmedia":[{"embeddable":true,"href":"https:\/\/www.scrubimed.sk\/de\/wp-json\/wp\/v2\/media\/26100"}],"wp:attachment":[{"href":"https:\/\/www.scrubimed.sk\/de\/wp-json\/wp\/v2\/media?parent=29509"}],"wp:term":[{"taxonomy":"product_cat","embeddable":true,"href":"https:\/\/www.scrubimed.sk\/de\/wp-json\/wp\/v2\/product_cat?post=29509"},{"taxonomy":"product_tag","embeddable":true,"href":"https:\/\/www.scrubimed.sk\/de\/wp-json\/wp\/v2\/product_tag?post=29509"}],"curies":[{"name":"wp","href":"https:\/\/api.w.org\/{rel}","templated":true}]}}