{"id":29468,"date":"2020-05-22T16:37:54","date_gmt":"2021-04-11T11:54:37","guid":{"rendered":"https:\/\/www.scrubimed.sk\/produkt\/froehliches-hemd-blue-dumbo\/"},"modified":"2021-04-11T13:54:37","modified_gmt":"2021-04-11T11:54:37","slug":"karussell-blau-dumbo","status":"publish","type":"product","link":"https:\/\/www.scrubimed.sk\/de\/produkt\/karussell-blau-dumbo\/","title":{"rendered":"Fr\u00f6hliches Hemd &#8211; Blue Dumbo"},"content":{"rendered":"<p><img src=\"https:\/\/cdn.shopify.com\/s\/files\/1\/0070\/9997\/3687\/files\/najlepsia_cena_-_certifikat_vystaveny_2019_compact.png?v=1557225129\" alt=\"\"><\/p>\n<p><img src=\"https:\/\/cdn.shopify.com\/s\/files\/1\/0070\/9997\/3687\/files\/hviezdy_small.png?v=1556274512\" alt=\"\"><\/p>\n<p>Gemustertes Hemd mit einem sch\u00f6nen eleganten Elefantenmuster.<\/p>\n<p>Gemusterte Kleidung hellt im Allgemeinen die allgemeine Atmosph\u00e4re in der Abteilung oder in der Praxis auf. Mit diesem Kleidungsst\u00fcck werden Sie nicht nur sich selbst, sondern auch Kollegen, anderen Mitarbeitern und insbesondere Patienten gefallen.<\/p>\n<p>Angenehmes Material f\u00fcr Sommer und Winter. Andere Kleidungsst\u00fccke f\u00e4rben sich beim Waschen nicht. Wir empfehlen, bei 60 Grad zu waschen.<\/p>\n<p><strong>Bitte \u00fcberpr\u00fcfen Sie die Gr\u00f6\u00dfentabelle vor der Bestellung<\/strong><\/p>\n<p><img class=\"alignnone size-full wp-image-21518\" src=\"https:\/\/www.scrubimed.sk\/wp-content\/uploads\/2020\/12\/vel%CC%8Ckostna%CC%81-tabul%CC%8Cka-scrubimed.png\" alt=\"\" width=\"1217\" height=\"1302\"><\/p>\n<p>&nbsp;<\/p>\n","protected":false},"excerpt":{"rendered":"<ul>\n<li>100% Baumwolle<\/li>\n<li>Hergestellt in slowakischen gesch\u00fctzten Werkst\u00e4tten<\/li>\n<li>\u00dcberpr\u00fcfen Sie vor der Bestellung die Gr\u00f6\u00dfentabelle<\/li>\n<\/ul>\n","protected":false},"featured_media":26223,"comment_status":"open","ping_status":"closed","template":"","meta":{"_mi_skip_tracking":false,"_monsterinsights_sitenote_active":false,"_monsterinsights_sitenote_note":"","_monsterinsights_sitenote_category":0,"spay_email":""},"product_cat":[758,771],"product_tag":[],"_links":{"self":[{"href":"https:\/\/www.scrubimed.sk\/de\/wp-json\/wp\/v2\/product\/29468"}],"collection":[{"href":"https:\/\/www.scrubimed.sk\/de\/wp-json\/wp\/v2\/product"}],"about":[{"href":"https:\/\/www.scrubimed.sk\/de\/wp-json\/wp\/v2\/types\/product"}],"replies":[{"embeddable":true,"href":"https:\/\/www.scrubimed.sk\/de\/wp-json\/wp\/v2\/comments?post=29468"}],"wp:featuredmedia":[{"embeddable":true,"href":"https:\/\/www.scrubimed.sk\/de\/wp-json\/wp\/v2\/media\/26223"}],"wp:attachment":[{"href":"https:\/\/www.scrubimed.sk\/de\/wp-json\/wp\/v2\/media?parent=29468"}],"wp:term":[{"taxonomy":"product_cat","embeddable":true,"href":"https:\/\/www.scrubimed.sk\/de\/wp-json\/wp\/v2\/product_cat?post=29468"},{"taxonomy":"product_tag","embeddable":true,"href":"https:\/\/www.scrubimed.sk\/de\/wp-json\/wp\/v2\/product_tag?post=29468"}],"curies":[{"name":"wp","href":"https:\/\/api.w.org\/{rel}","templated":true}]}}