{"id":29048,"date":"2020-08-10T16:30:49","date_gmt":"2021-04-10T20:16:55","guid":{"rendered":"https:\/\/www.scrubimed.sk\/produkt\/blauer-bediensatz\/"},"modified":"2021-04-10T22:16:57","modified_gmt":"2021-04-10T20:16:57","slug":"blaues-betriebskit","status":"publish","type":"product","link":"https:\/\/www.scrubimed.sk\/de\/produkt\/blaues-betriebskit\/","title":{"rendered":"Blauer Bediensatz"},"content":{"rendered":"<p><img src=\"https:\/\/cdn.shopify.com\/s\/files\/1\/0070\/9997\/3687\/files\/najlepsia_cena_-_certifikat_vystaveny_2019_compact.png?v=1557225129\" alt=\"\"><\/p>\n<p><img src=\"https:\/\/cdn.shopify.com\/s\/files\/1\/0070\/9997\/3687\/files\/hviezdy_small.png?v=1556274512\" alt=\"\"><\/p>\n<div>\n<p>Der Stoff ist im Sommer und Winter angenehm zu tragen, schrumpft, schrumpft oder verschmutzt keine anderen Kleidungsst\u00fccke in der Waschmaschine. Wir empfehlen, bei 60 Grad zu waschen. Es gibt eine gro\u00dfe Auswahl an interessanten Farben sowie klassisches Wei\u00df.<\/p>\n<p><strong>Bitte \u00fcberpr\u00fcfen Sie die Gr\u00f6\u00dfentabelle vor der Bestellung<\/strong><\/p>\n<\/div>\n<p><img src=\"https:\/\/cdn.shopify.com\/s\/files\/1\/0070\/9997\/3687\/files\/Tabulka_SK_2048x2048.jpg?v=1557689473\" alt=\"\"><\/p>\n","protected":false},"excerpt":{"rendered":"<ul>\n<li>Erste-Hilfe-Set<\/li>\n<li>Angenehmes Material<\/li>\n<li>Kordelzughose<\/li>\n<li>Hemd mit Brusttasche<\/li>\n<\/ul>\n","protected":false},"featured_media":26337,"comment_status":"open","ping_status":"closed","template":"","meta":{"_mi_skip_tracking":false,"_monsterinsights_sitenote_active":false,"_monsterinsights_sitenote_note":"","_monsterinsights_sitenote_category":0,"spay_email":""},"product_cat":[771,775],"product_tag":[],"_links":{"self":[{"href":"https:\/\/www.scrubimed.sk\/de\/wp-json\/wp\/v2\/product\/29048"}],"collection":[{"href":"https:\/\/www.scrubimed.sk\/de\/wp-json\/wp\/v2\/product"}],"about":[{"href":"https:\/\/www.scrubimed.sk\/de\/wp-json\/wp\/v2\/types\/product"}],"replies":[{"embeddable":true,"href":"https:\/\/www.scrubimed.sk\/de\/wp-json\/wp\/v2\/comments?post=29048"}],"wp:featuredmedia":[{"embeddable":true,"href":"https:\/\/www.scrubimed.sk\/de\/wp-json\/wp\/v2\/media\/26337"}],"wp:attachment":[{"href":"https:\/\/www.scrubimed.sk\/de\/wp-json\/wp\/v2\/media?parent=29048"}],"wp:term":[{"taxonomy":"product_cat","embeddable":true,"href":"https:\/\/www.scrubimed.sk\/de\/wp-json\/wp\/v2\/product_cat?post=29048"},{"taxonomy":"product_tag","embeddable":true,"href":"https:\/\/www.scrubimed.sk\/de\/wp-json\/wp\/v2\/product_tag?post=29048"}],"curies":[{"name":"wp","href":"https:\/\/api.w.org\/{rel}","templated":true}]}}