{"id":28873,"date":"2020-09-15T07:41:17","date_gmt":"2021-04-10T20:12:40","guid":{"rendered":"https:\/\/www.scrubimed.sk\/produkt\/froehliches-hemd-dschungel\/"},"modified":"2021-04-10T22:12:42","modified_gmt":"2021-04-10T20:12:42","slug":"vesela-kosela-dschungel","status":"publish","type":"product","link":"https:\/\/www.scrubimed.sk\/de\/produkt\/vesela-kosela-dschungel\/","title":{"rendered":"Fr\u00f6hliches Hemd &#8211; Dschungel"},"content":{"rendered":"<p><img src=\"https:\/\/cdn.shopify.com\/s\/files\/1\/0070\/9997\/3687\/files\/najlepsia_cena_-_certifikat_vystaveny_2019_compact.png?v=1557225129\" alt=\"\"><\/p>\n<p><img src=\"https:\/\/cdn.shopify.com\/s\/files\/1\/0070\/9997\/3687\/files\/hviezdy_small.png?v=1556274512\" alt=\"\"><\/p>\n<p>Sch\u00f6nes medizinisches Hemd mit Papageien.<\/p>\n<p>Das sch\u00f6nste Tier im Dschungel ist ein Papagei. Die sch\u00f6nste Frau im Krankenhaus ist eine Krankenschwester in einem fr\u00f6hlichen Hemd \ud83d\ude42<\/p>\n<p>Gemusterte Kleidung hellt im Allgemeinen die allgemeine Atmosph\u00e4re in der Abteilung oder in der Praxis auf. Mit diesem Kleidungsst\u00fcck werden Sie nicht nur sich selbst, sondern auch Kollegen, anderen Mitarbeitern und insbesondere Patienten gefallen.<\/p>\n<p>Sehr angenehmes Material, das Sie im Sommer und Winter sch\u00e4tzen werden. Andere Kleidungsst\u00fccke f\u00e4rben sich beim Waschen nicht. Wir empfehlen, bei 60 Grad zu waschen.<\/p>\n<p><strong>Bitte \u00fcberpr\u00fcfen Sie die Gr\u00f6\u00dfentabelle vor der Bestellung<\/strong><\/p>\n<p><img class=\"alignnone size-full wp-image-21518\" src=\"https:\/\/www.scrubimed.sk\/wp-content\/uploads\/2020\/12\/ve%C4%BEkostn%C3%A1-tabu%C4%BEka-scrubimed.png\" alt=\"\" width=\"1217\" height=\"1302\"><\/p>\n<p><img class=\"alignnone size-full wp-image-21518\" src=\"https:\/\/www.scrubimed.sk\/wp-content\/uploads\/2020\/12\/ve%C4%BEkostn%C3%A1-tabu%C4%BEka-scrubimed.png\" alt=\"\" width=\"1217\" height=\"1302\"><\/p>\n","protected":false},"excerpt":{"rendered":"<p>&nbsp;<\/p>\n<ul>\n<li>100% Baumwolle<\/li>\n<li>\u00dcberpr\u00fcfen Sie vor der Bestellung die Gr\u00f6\u00dfentabelle<\/li>\n<\/ul>\n","protected":false},"featured_media":26952,"comment_status":"open","ping_status":"closed","template":"","meta":{"_mi_skip_tracking":false,"_monsterinsights_sitenote_active":false,"_monsterinsights_sitenote_note":"","_monsterinsights_sitenote_category":0,"spay_email":""},"product_cat":[749,758,763,748],"product_tag":[],"_links":{"self":[{"href":"https:\/\/www.scrubimed.sk\/de\/wp-json\/wp\/v2\/product\/28873"}],"collection":[{"href":"https:\/\/www.scrubimed.sk\/de\/wp-json\/wp\/v2\/product"}],"about":[{"href":"https:\/\/www.scrubimed.sk\/de\/wp-json\/wp\/v2\/types\/product"}],"replies":[{"embeddable":true,"href":"https:\/\/www.scrubimed.sk\/de\/wp-json\/wp\/v2\/comments?post=28873"}],"wp:featuredmedia":[{"embeddable":true,"href":"https:\/\/www.scrubimed.sk\/de\/wp-json\/wp\/v2\/media\/26952"}],"wp:attachment":[{"href":"https:\/\/www.scrubimed.sk\/de\/wp-json\/wp\/v2\/media?parent=28873"}],"wp:term":[{"taxonomy":"product_cat","embeddable":true,"href":"https:\/\/www.scrubimed.sk\/de\/wp-json\/wp\/v2\/product_cat?post=28873"},{"taxonomy":"product_tag","embeddable":true,"href":"https:\/\/www.scrubimed.sk\/de\/wp-json\/wp\/v2\/product_tag?post=28873"}],"curies":[{"name":"wp","href":"https:\/\/api.w.org\/{rel}","templated":true}]}}