{"id":28738,"date":"2020-10-15T09:31:12","date_gmt":"2021-04-10T20:06:27","guid":{"rendered":"https:\/\/www.scrubimed.sk\/produkt\/froehliches-hemd-ueberraschung\/"},"modified":"2021-04-10T22:06:29","modified_gmt":"2021-04-10T20:06:29","slug":"karussell-uberraschung","status":"publish","type":"product","link":"https:\/\/www.scrubimed.sk\/de\/produkt\/karussell-uberraschung\/","title":{"rendered":"Fr\u00f6hliches Hemd &#8211; \u00dcBERRASCHUNG"},"content":{"rendered":"<p><img src=\"https:\/\/cdn.shopify.com\/s\/files\/1\/0070\/9997\/3687\/files\/najlepsia_cena_-_certifikat_vystaveny_2019_compact.png?v=1557225129\" alt=\"\"><\/p>\n<p><img src=\"https:\/\/cdn.shopify.com\/s\/files\/1\/0070\/9997\/3687\/files\/hviezdy_small.png?v=1556274512\" alt=\"\"><\/p>\n<p>Sie m\u00f6gen gemusterte medizinische Kleidung, k\u00f6nnen sich aber nicht f\u00fcr die Variante entscheiden, die Ihnen am besten gef\u00e4llt? \ud83d\ude42 Ich liebe das Gef\u00fchl der \u00dcberraschung, das du mit Merry Shirt &#8211; SURPRISE erleben wirst<\/p>\n<p>Gemusterte Kleidung hellt im Allgemeinen die allgemeine Atmosph\u00e4re in der Abteilung oder in der Praxis auf. Mit diesem Kleidungsst\u00fcck werden Sie nicht nur sich selbst, sondern auch Kollegen, anderen Mitarbeitern und insbesondere Patienten gefallen.<\/p>\n<p>Angenehmes Material f\u00fcr Sommer und Winter. Andere Kleidungsst\u00fccke f\u00e4rben sich beim Waschen nicht. Wir empfehlen, bei 60 Grad zu waschen.<\/p>\n<p><strong>Bitte \u00fcberpr\u00fcfen Sie die Gr\u00f6\u00dfentabelle vor der Bestellung<\/strong><\/p>\n<p><img class=\"alignnone size-full wp-image-21518\" src=\"https:\/\/www.scrubimed.sk\/wp-content\/uploads\/2020\/12\/ve%C4%BEkostn%C3%A1-tabu%C4%BEka-scrubimed.png\" alt=\"\" width=\"1217\" height=\"1302\"><\/p>\n","protected":false},"excerpt":{"rendered":"<ul>\n<li>100% Baumwolle<\/li>\n<li>Zuf\u00e4llig gemustertes Hemd<\/li>\n<li>Sie werden das Gef\u00fchl der \u00dcberraschung vom Muster des neuen medizinischen Hemdes lieben<\/li>\n<li>Hergestellt in slowakischen gesch\u00fctzten Werkst\u00e4tten<\/li>\n<li>\u00dcberpr\u00fcfen Sie vor der Bestellung die Gr\u00f6\u00dfentabelle<\/li>\n<\/ul>\n","protected":false},"featured_media":26457,"comment_status":"open","ping_status":"closed","template":"","meta":{"_mi_skip_tracking":false,"_monsterinsights_sitenote_active":false,"_monsterinsights_sitenote_note":"","_monsterinsights_sitenote_category":0,"spay_email":""},"product_cat":[758,771,763],"product_tag":[],"_links":{"self":[{"href":"https:\/\/www.scrubimed.sk\/de\/wp-json\/wp\/v2\/product\/28738"}],"collection":[{"href":"https:\/\/www.scrubimed.sk\/de\/wp-json\/wp\/v2\/product"}],"about":[{"href":"https:\/\/www.scrubimed.sk\/de\/wp-json\/wp\/v2\/types\/product"}],"replies":[{"embeddable":true,"href":"https:\/\/www.scrubimed.sk\/de\/wp-json\/wp\/v2\/comments?post=28738"}],"wp:featuredmedia":[{"embeddable":true,"href":"https:\/\/www.scrubimed.sk\/de\/wp-json\/wp\/v2\/media\/26457"}],"wp:attachment":[{"href":"https:\/\/www.scrubimed.sk\/de\/wp-json\/wp\/v2\/media?parent=28738"}],"wp:term":[{"taxonomy":"product_cat","embeddable":true,"href":"https:\/\/www.scrubimed.sk\/de\/wp-json\/wp\/v2\/product_cat?post=28738"},{"taxonomy":"product_tag","embeddable":true,"href":"https:\/\/www.scrubimed.sk\/de\/wp-json\/wp\/v2\/product_tag?post=28738"}],"curies":[{"name":"wp","href":"https:\/\/api.w.org\/{rel}","templated":true}]}}