{"id":28362,"date":"2020-11-19T13:27:32","date_gmt":"2021-04-10T19:50:36","guid":{"rendered":"https:\/\/www.scrubimed.sk\/produkt\/grundlegendes-medizinisches-hemd-q-ausschnitt\/"},"modified":"2021-04-10T21:50:37","modified_gmt":"2021-04-10T19:50:37","slug":"zakladna-zdravotnicka-kosela-q-vystrih","status":"publish","type":"product","link":"https:\/\/www.scrubimed.sk\/de\/produkt\/zakladna-zdravotnicka-kosela-q-vystrih\/","title":{"rendered":"Grundlegendes medizinisches Hemd &#8211; Q-Ausschnitt"},"content":{"rendered":"<p><img src=\"https:\/\/cdn.shopify.com\/s\/files\/1\/0070\/9997\/3687\/files\/najlepsia_cena_-_certifikat_vystaveny_2019_compact.png?v=1557225129\" alt=\"\"><\/p>\n<p><img src=\"https:\/\/cdn.shopify.com\/s\/files\/1\/0070\/9997\/3687\/files\/hviezdy_small.png?v=1556274512\" alt=\"\"><\/p>\n<div>Stilvoll gef\u00fctterte medizinische Bluse mit zwei Seitentaschen und einer Brusttasche.<\/div>\n<div><\/div>\n<div>Geeignet f\u00fcr alle Krankenstationen, f\u00fcr \u00c4rzte, Krankenschwestern, Assistenten, Zahn\u00e4rzte und in j\u00fcngerer Zeit immer beliebter in Sozialheimen. Wir empfehlen auch dieses Shirt zu w\u00e4hlen<a href=\"https:\/\/www.scrubimed.sk\/kategoria-produktu\/nohavice\"> Hose<\/a> .<\/div>\n<div><\/div>\n<div>Der Stoff ist im Sommer und Winter angenehm zu tragen, schrumpft, schrumpft oder verschmutzt keine anderen Kleidungsst\u00fccke in der Waschmaschine. Wir empfehlen, bei 60 Grad zu waschen. Es gibt eine gro\u00dfe Auswahl an interessanten Farben sowie klassisches Wei\u00df.<\/div>\n<div><\/div>\n<p><img src=\"https:\/\/cdn.shopify.com\/s\/files\/1\/0070\/9997\/3687\/files\/Tabulka_SK_2048x2048.jpg?v=1557689473\" alt=\"\"><\/p>\n","protected":false},"excerpt":{"rendered":"<ul>\n<li><strong>Die Lieferung dieser Kleidung kann 5 Wochen dauern<\/strong><\/li>\n<li>Dieses Produkt kann nur mit Karte oder \u00fcber Paypal bezahlt werden<\/li>\n<li>Medizinische Bluse<\/li>\n<li>Angenehmes Material<\/li>\n<li>Hochwertige medizinische Kleidung<\/li>\n<li>\u00dcberpr\u00fcfen Sie vor der Bestellung die Gr\u00f6\u00dfentabelle unten auf der Seite<\/li>\n<\/ul>\n","protected":false},"featured_media":25221,"comment_status":"open","ping_status":"closed","template":"","meta":{"_mi_skip_tracking":false,"_monsterinsights_sitenote_active":false,"_monsterinsights_sitenote_note":"","_monsterinsights_sitenote_category":0,"spay_email":""},"product_cat":[772,753,771,754],"product_tag":[],"_links":{"self":[{"href":"https:\/\/www.scrubimed.sk\/de\/wp-json\/wp\/v2\/product\/28362"}],"collection":[{"href":"https:\/\/www.scrubimed.sk\/de\/wp-json\/wp\/v2\/product"}],"about":[{"href":"https:\/\/www.scrubimed.sk\/de\/wp-json\/wp\/v2\/types\/product"}],"replies":[{"embeddable":true,"href":"https:\/\/www.scrubimed.sk\/de\/wp-json\/wp\/v2\/comments?post=28362"}],"wp:featuredmedia":[{"embeddable":true,"href":"https:\/\/www.scrubimed.sk\/de\/wp-json\/wp\/v2\/media\/25221"}],"wp:attachment":[{"href":"https:\/\/www.scrubimed.sk\/de\/wp-json\/wp\/v2\/media?parent=28362"}],"wp:term":[{"taxonomy":"product_cat","embeddable":true,"href":"https:\/\/www.scrubimed.sk\/de\/wp-json\/wp\/v2\/product_cat?post=28362"},{"taxonomy":"product_tag","embeddable":true,"href":"https:\/\/www.scrubimed.sk\/de\/wp-json\/wp\/v2\/product_tag?post=28362"}],"curies":[{"name":"wp","href":"https:\/\/api.w.org\/{rel}","templated":true}]}}