{"id":28277,"date":"2020-11-24T13:29:16","date_gmt":"2021-04-10T19:42:41","guid":{"rendered":"https:\/\/www.scrubimed.sk\/produkt\/ein-vorhang-im-wert-von-499-e-fuer-jedes-froehliches-hemd-kostenlos-bei-bestellungen-mit-2-oder-mehr-merry-shirts\/"},"modified":"2021-04-10T21:42:42","modified_gmt":"2021-04-10T19:42:42","slug":"russland-zu-jedem-frohlichen-mahen-im-gleichen-muster","status":"publish","type":"product","link":"https:\/\/www.scrubimed.sk\/de\/produkt\/russland-zu-jedem-frohlichen-mahen-im-gleichen-muster\/","title":{"rendered":"Ein Vorhang im Wert von 4,99 \u20ac f\u00fcr jedes Fr\u00f6hliches Hemd. Kostenlos bei Bestellungen mit 2 oder mehr Merry Shirts."},"content":{"rendered":"","protected":false},"excerpt":{"rendered":"<p>Schleier aus zertifizierter Baumwolle.<\/p>\n<p>Schutzh\u00fclle f\u00fcr Mund und Nase zur Vorbeugung gegen Viruserkrankungen. Aus 100% Baumwolle. Doppelschicht. Angenehm zu tragen und hohe Effizienz. Geeignet f\u00fcr jede Kopfform. Beliebt in allen Krankenstationen und Haushalten. Maschinenwaschbar bei 60 Grad.<\/p>\n<p>Wir empfehlen, das Tuch nach jedem Gebrauch zu waschen und nach dem Trocknen mit einem auf mindestens 200 Grad erhitzten B\u00fcgeleisen zu b\u00fcgeln. Dadurch wird die Sterilit\u00e4t des Abdecktuchs sichergestellt. In seltenen F\u00e4llen kochen Benutzer das Tuch in Wasser, um maximale Sicherheit zu gew\u00e4hrleisten, dass kein Mikroorganismus auf dem Tuch vorhanden ist.<\/p>\n<p>Wenn Sie mehrmals am Tag das Haus verlassen, ist es ratsam, mindestens zwei Vorh\u00e4nge zu haben, damit Sie immer einen trocken und geb\u00fcgelt und den anderen in der Waschmaschine haben.<\/p>\n<p>Im Zusammenhang mit der Situation in der Slowakei und in der Welt (in Bezug auf COVID 19) und aufgrund der Beschaffenheit dieses Produkts k\u00f6nnen wir leider keine Anspr\u00fcche auf Vorh\u00e4nge akzeptieren. Die Verordnung soll die Ausbreitung des Virus verhindern. Bitte beachten Sie diese Tatsache beim Anlegen einer Bestellung.<\/p>\n","protected":false},"featured_media":25818,"comment_status":"open","ping_status":"closed","template":"","meta":{"_mi_skip_tracking":false,"_monsterinsights_sitenote_active":false,"_monsterinsights_sitenote_note":"","_monsterinsights_sitenote_category":0,"spay_email":""},"product_cat":[764],"product_tag":[],"_links":{"self":[{"href":"https:\/\/www.scrubimed.sk\/de\/wp-json\/wp\/v2\/product\/28277"}],"collection":[{"href":"https:\/\/www.scrubimed.sk\/de\/wp-json\/wp\/v2\/product"}],"about":[{"href":"https:\/\/www.scrubimed.sk\/de\/wp-json\/wp\/v2\/types\/product"}],"replies":[{"embeddable":true,"href":"https:\/\/www.scrubimed.sk\/de\/wp-json\/wp\/v2\/comments?post=28277"}],"wp:featuredmedia":[{"embeddable":true,"href":"https:\/\/www.scrubimed.sk\/de\/wp-json\/wp\/v2\/media\/25818"}],"wp:attachment":[{"href":"https:\/\/www.scrubimed.sk\/de\/wp-json\/wp\/v2\/media?parent=28277"}],"wp:term":[{"taxonomy":"product_cat","embeddable":true,"href":"https:\/\/www.scrubimed.sk\/de\/wp-json\/wp\/v2\/product_cat?post=28277"},{"taxonomy":"product_tag","embeddable":true,"href":"https:\/\/www.scrubimed.sk\/de\/wp-json\/wp\/v2\/product_tag?post=28277"}],"curies":[{"name":"wp","href":"https:\/\/api.w.org\/{rel}","templated":true}]}}