{"id":28163,"date":"2020-12-07T21:06:07","date_gmt":"2021-04-10T19:39:20","guid":{"rendered":"https:\/\/www.scrubimed.sk\/produkt\/froehliches-hemd-goldener-panda\/"},"modified":"2021-04-10T21:39:20","modified_gmt":"2021-04-10T19:39:20","slug":"karussell-gold-panda","status":"publish","type":"product","link":"https:\/\/www.scrubimed.sk\/de\/produkt\/karussell-gold-panda\/","title":{"rendered":"Fr\u00f6hliches Hemd &#8211; Goldener Panda"},"content":{"rendered":"<p><img src=\"https:\/\/cdn.shopify.com\/s\/files\/1\/0070\/9997\/3687\/files\/najlepsia_cena_-_certifikat_vystaveny_2019_compact.png?v=1557225129\" alt=\"\"><\/p>\n<p><img src=\"https:\/\/cdn.shopify.com\/s\/files\/1\/0070\/9997\/3687\/files\/hviezdy_small.png?v=1556274512\" alt=\"\"><\/p>\n<p>Ein wundersch\u00f6nes medizinisches Hemd mit einem Pandic-Muster und einem zarten Bandelement. Wir empfehlen das Tragen von Mentholhosen.<\/p>\n<p>Der Panda wird allgemein als Symbol f\u00fcr Frieden, Gl\u00fcck, zarte St\u00e4rke und positive Einstellung wahrgenommen. Sie k\u00f6nnen ein Panda-Shirt tragen, wenn Sie Lust auf einen ruhigeren und sch\u00f6neren Arbeitstag haben. Die Tugenden, die dieses Muster mit sich bringt, wirken sich nicht nur auf Sie aus, sondern auch auf die Menschen um Sie herum. Und in einem positiveren Team sind wir schlie\u00dflich selbst positiver \ud83d\ude42<\/p>\n<p>Sehr angenehmes Material, das Sie im Sommer und Winter sch\u00e4tzen werden. Andere Kleidungsst\u00fccke f\u00e4rben sich beim Waschen nicht. Wir empfehlen, bei 60 Grad zu waschen.<\/p>\n<p><strong>Bitte \u00fcberpr\u00fcfen Sie die Gr\u00f6\u00dfentabelle vor der Bestellung<\/strong><\/p>\n<p><img class=\"alignnone size-full wp-image-14816\" src=\"https:\/\/www.scrubimed.sk\/wp-content\/uploads\/2020\/04\/Sn%C3%ADmka-obrazovky-2020-05-01-o-11.36.49.png\" alt=\"\" width=\"622\" height=\"895\"><img class=\"alignnone size-full wp-image-15185\" src=\"https:\/\/www.scrubimed.sk\/wp-content\/uploads\/2019\/09\/Sn%C3%ADmka-obrazovky-2020-05-01-o-11.36.49.png\" alt=\"\" width=\"622\" height=\"895\"><img class=\"alignnone size-full wp-image-26244\" src=\"https:\/\/www.scrubimed.sk\/wp-content\/uploads\/2020\/02\/683E601F-57F8-49E8-9CC0-1F484C2667B5.jpeg\" alt=\"\" width=\"1190\" height=\"1723\" srcset=\"https:\/\/www.scrubimed.sk\/wp-content\/uploads\/2020\/02\/683E601F-57F8-49E8-9CC0-1F484C2667B5.jpeg 1190w, https:\/\/www.scrubimed.sk\/wp-content\/uploads\/2020\/02\/683E601F-57F8-49E8-9CC0-1F484C2667B5-510x738.jpeg 510w, https:\/\/www.scrubimed.sk\/wp-content\/uploads\/2020\/02\/683E601F-57F8-49E8-9CC0-1F484C2667B5-207x300.jpeg 207w, https:\/\/www.scrubimed.sk\/wp-content\/uploads\/2020\/02\/683E601F-57F8-49E8-9CC0-1F484C2667B5-768x1112.jpeg 768w, https:\/\/www.scrubimed.sk\/wp-content\/uploads\/2020\/02\/683E601F-57F8-49E8-9CC0-1F484C2667B5-707x1024.jpeg 707w\" sizes=\"(max-width: 1190px) 100vw, 1190px\" \/><\/p>\n","protected":false},"excerpt":{"rendered":"<p>&nbsp;<\/p>\n<ul>\n<li>Hergestellt in slowakischen gesch\u00fctzten Werkst\u00e4tten<\/li>\n<li>M\u00f6glichkeit, als Set mit roter Baumwollhose zu kaufen<\/li>\n<li>100% Baumwolle<\/li>\n<li>\u00dcberpr\u00fcfen Sie vor der Bestellung die Gr\u00f6\u00dfentabelle<\/li>\n<\/ul>\n","protected":false},"featured_media":26661,"comment_status":"open","ping_status":"closed","template":"","meta":{"_mi_skip_tracking":false,"_monsterinsights_sitenote_active":false,"_monsterinsights_sitenote_note":"","_monsterinsights_sitenote_category":0,"spay_email":""},"product_cat":[758,771,763,760],"product_tag":[],"_links":{"self":[{"href":"https:\/\/www.scrubimed.sk\/de\/wp-json\/wp\/v2\/product\/28163"}],"collection":[{"href":"https:\/\/www.scrubimed.sk\/de\/wp-json\/wp\/v2\/product"}],"about":[{"href":"https:\/\/www.scrubimed.sk\/de\/wp-json\/wp\/v2\/types\/product"}],"replies":[{"embeddable":true,"href":"https:\/\/www.scrubimed.sk\/de\/wp-json\/wp\/v2\/comments?post=28163"}],"wp:featuredmedia":[{"embeddable":true,"href":"https:\/\/www.scrubimed.sk\/de\/wp-json\/wp\/v2\/media\/26661"}],"wp:attachment":[{"href":"https:\/\/www.scrubimed.sk\/de\/wp-json\/wp\/v2\/media?parent=28163"}],"wp:term":[{"taxonomy":"product_cat","embeddable":true,"href":"https:\/\/www.scrubimed.sk\/de\/wp-json\/wp\/v2\/product_cat?post=28163"},{"taxonomy":"product_tag","embeddable":true,"href":"https:\/\/www.scrubimed.sk\/de\/wp-json\/wp\/v2\/product_tag?post=28163"}],"curies":[{"name":"wp","href":"https:\/\/api.w.org\/{rel}","templated":true}]}}