{"id":28147,"date":"2020-12-07T21:13:51","date_gmt":"2021-04-10T19:39:03","guid":{"rendered":"https:\/\/www.scrubimed.sk\/produkt\/froehliches-hemd-set-red-swallow\/"},"modified":"2021-04-10T21:39:06","modified_gmt":"2021-04-10T19:39:06","slug":"vesela-kosela-suprava-cervena-lastovicka","status":"publish","type":"product","link":"https:\/\/www.scrubimed.sk\/de\/produkt\/vesela-kosela-suprava-cervena-lastovicka\/","title":{"rendered":"Fr\u00f6hliches Hemd \/ Set &#8211; Red Swallow"},"content":{"rendered":"<p><img src=\"https:\/\/cdn.shopify.com\/s\/files\/1\/0070\/9997\/3687\/files\/najlepsia_cena_-_certifikat_vystaveny_2019_compact.png?v=1557225129\" alt=\"\"><\/p>\n<p><img src=\"https:\/\/cdn.shopify.com\/s\/files\/1\/0070\/9997\/3687\/files\/hviezdy_small.png?v=1556274512\" alt=\"\"><\/p>\n<p>Elegantes medizinisches Hemd mit V\u00f6geln und Tr\u00e4umen. M\u00f6glichkeit, ein separates Shirt oder ein praktisches Set zu bestellen.<\/p>\n<p>Sie tragen oft nicht nur Ihren K\u00f6rper, sondern auch Ihre Seele in unseren Hemden. Wenn Sie sich f\u00fcr ein Modell mit Traumf\u00e4ngern und einer roten Schwalbe interessieren, haben Sie wahrscheinlich ein Gef\u00fchl f\u00fcr Eleganz, Sie verstecken eine Portion Temperament und Sie k\u00f6nnen Ihren Gef\u00fchlen den richtigen Raum geben. Sie sehen nicht nur gut aus mit dem neuen Shirt, sondern dr\u00fccken auch die Sch\u00f6nheit aus, die in Ihrem Interieur im \u00dcberfluss vorhanden ist. Ziehen Sie ein neues Hemd an und informieren Sie andere auf angenehmste Weise \u00fcber Ihre Einzigartigkeit.<\/p>\n<p>Gemusterte Kleidung hellt im Allgemeinen die allgemeine Atmosph\u00e4re in der Abteilung oder in der Praxis auf. Mit diesem Kleidungsst\u00fcck werden Sie nicht nur sich selbst, sondern auch Kollegen, anderen Mitarbeitern und insbesondere Patienten gefallen.<\/p>\n<p>Sehr angenehmes Material, das Sie im Sommer und Winter sch\u00e4tzen werden. F\u00e4rben Sie w\u00e4hrend des Waschens keine anderen Kleidungsst\u00fccke. Wir empfehlen, bei 60 Grad zu waschen.<\/p>\n<p><strong>Bitte \u00fcberpr\u00fcfen Sie die Gr\u00f6\u00dfentabelle vor der Bestellung<\/strong><\/p>\n<p><img class=\"alignnone size-full wp-image-14816\" src=\"https:\/\/www.scrubimed.sk\/wp-content\/uploads\/2020\/04\/Sn%C3%ADmka-obrazovky-2020-05-01-o-11.36.49.png\" alt=\"\" width=\"622\" height=\"895\"><img class=\"alignnone size-full wp-image-15185\" src=\"https:\/\/www.scrubimed.sk\/wp-content\/uploads\/2019\/09\/Sn%C3%ADmka-obrazovky-2020-05-01-o-11.36.49.png\" alt=\"\" width=\"622\" height=\"895\"><img class=\"alignnone size-full wp-image-26244\" src=\"https:\/\/www.scrubimed.sk\/wp-content\/uploads\/2020\/02\/683E601F-57F8-49E8-9CC0-1F484C2667B5.jpeg\" alt=\"\" width=\"1190\" height=\"1723\" srcset=\"https:\/\/www.scrubimed.sk\/wp-content\/uploads\/2020\/02\/683E601F-57F8-49E8-9CC0-1F484C2667B5.jpeg 1190w, https:\/\/www.scrubimed.sk\/wp-content\/uploads\/2020\/02\/683E601F-57F8-49E8-9CC0-1F484C2667B5-510x738.jpeg 510w, https:\/\/www.scrubimed.sk\/wp-content\/uploads\/2020\/02\/683E601F-57F8-49E8-9CC0-1F484C2667B5-207x300.jpeg 207w, https:\/\/www.scrubimed.sk\/wp-content\/uploads\/2020\/02\/683E601F-57F8-49E8-9CC0-1F484C2667B5-768x1112.jpeg 768w, https:\/\/www.scrubimed.sk\/wp-content\/uploads\/2020\/02\/683E601F-57F8-49E8-9CC0-1F484C2667B5-707x1024.jpeg 707w\" sizes=\"(max-width: 1190px) 100vw, 1190px\" \/><\/p>\n","protected":false},"excerpt":{"rendered":"<p>&nbsp;<\/p>\n<ul>\n<li>Hergestellt in slowakischen gesch\u00fctzten Werkst\u00e4tten<\/li>\n<li>M\u00f6glichkeit, als Set mit roter Baumwollhose zu kaufen<\/li>\n<li>100% Baumwolle<\/li>\n<li>\u00dcberpr\u00fcfen Sie vor der Bestellung die Gr\u00f6\u00dfentabelle<\/li>\n<\/ul>\n","protected":false},"featured_media":26658,"comment_status":"open","ping_status":"closed","template":"","meta":{"_mi_skip_tracking":false,"_monsterinsights_sitenote_active":false,"_monsterinsights_sitenote_note":"","_monsterinsights_sitenote_category":0,"spay_email":""},"product_cat":[758,771,750,763,760],"product_tag":[],"_links":{"self":[{"href":"https:\/\/www.scrubimed.sk\/de\/wp-json\/wp\/v2\/product\/28147"}],"collection":[{"href":"https:\/\/www.scrubimed.sk\/de\/wp-json\/wp\/v2\/product"}],"about":[{"href":"https:\/\/www.scrubimed.sk\/de\/wp-json\/wp\/v2\/types\/product"}],"replies":[{"embeddable":true,"href":"https:\/\/www.scrubimed.sk\/de\/wp-json\/wp\/v2\/comments?post=28147"}],"wp:featuredmedia":[{"embeddable":true,"href":"https:\/\/www.scrubimed.sk\/de\/wp-json\/wp\/v2\/media\/26658"}],"wp:attachment":[{"href":"https:\/\/www.scrubimed.sk\/de\/wp-json\/wp\/v2\/media?parent=28147"}],"wp:term":[{"taxonomy":"product_cat","embeddable":true,"href":"https:\/\/www.scrubimed.sk\/de\/wp-json\/wp\/v2\/product_cat?post=28147"},{"taxonomy":"product_tag","embeddable":true,"href":"https:\/\/www.scrubimed.sk\/de\/wp-json\/wp\/v2\/product_tag?post=28147"}],"curies":[{"name":"wp","href":"https:\/\/api.w.org\/{rel}","templated":true}]}}