{"id":28094,"date":"2020-12-09T19:04:07","date_gmt":"2021-04-10T19:38:10","guid":{"rendered":"https:\/\/www.scrubimed.sk\/produkt\/froehliches-hemd-sommerwiese\/"},"modified":"2021-04-10T21:38:11","modified_gmt":"2021-04-10T19:38:11","slug":"karussell-sommerwiese","status":"publish","type":"product","link":"https:\/\/www.scrubimed.sk\/de\/produkt\/karussell-sommerwiese\/","title":{"rendered":"Fr\u00f6hliches Hemd &#8211; Sommerwiese"},"content":{"rendered":"<p><img src=\"https:\/\/cdn.shopify.com\/s\/files\/1\/0070\/9997\/3687\/files\/najlepsia_cena_-_certifikat_vystaveny_2019_compact.png?v=1557225129\" alt=\"\"><\/p>\n<p><img src=\"https:\/\/cdn.shopify.com\/s\/files\/1\/0070\/9997\/3687\/files\/hviezdy_small.png?v=1556274512\" alt=\"\"><\/p>\n<p>Sch\u00f6nes medizinisches Hemd mit einem Muster von Blumen. Wir empfehlen hellviolette Hosen zu tragen.<\/p>\n<p>Es ist mehr als befreiend, sich im Sommer auf eine Blumenwiese zu legen, dem Summen der Bienen zu lauschen, den Geist zu beruhigen und nur die Wolken zu betrachten, die allen Formen der Welt \u00e4hneln. Leider ist nicht jeder Tag eine Gelegenheit f\u00fcr eine solche Erfahrung &#8230; Mit einem gebl\u00fcmten medizinischen Hemd tauchen Sie jedoch in die Juli-Idylle ein, wann immer Sie wollen \ud83d\ude42<\/p>\n<p><span style=\"font-size: 14.4px;\">Sie werden das Material im Sommer und Winter zu sch\u00e4tzen wissen. Andere Kleidungsst\u00fccke f\u00e4rben sich beim Waschen nicht. Wir empfehlen, bei 60 Grad zu waschen.<\/span><\/p>\n<p><strong>Bitte \u00fcberpr\u00fcfen Sie die Gr\u00f6\u00dfentabelle vor der Bestellung<\/strong><\/p>\n<p><img class=\"alignnone size-full wp-image-21518\" src=\"https:\/\/www.scrubimed.sk\/wp-content\/uploads\/2020\/12\/vel%CC%8Ckostna%CC%81-tabul%CC%8Cka-scrubimed.png\" alt=\"\" width=\"1217\" height=\"1302\"><\/p>\n","protected":false},"excerpt":{"rendered":"<p>&nbsp;<\/p>\n<ul>\n<li>Hergestellt in slowakischen gesch\u00fctzten Werkst\u00e4tten<\/li>\n<li>M\u00f6glichkeit, als Set mit roter Baumwollhose zu kaufen<\/li>\n<li>100% Baumwolle<\/li>\n<li>\u00dcberpr\u00fcfen Sie vor der Bestellung die Gr\u00f6\u00dfentabelle<\/li>\n<\/ul>\n","protected":false},"featured_media":51850,"comment_status":"open","ping_status":"closed","template":"","meta":{"_mi_skip_tracking":false,"_monsterinsights_sitenote_active":false,"_monsterinsights_sitenote_note":"","_monsterinsights_sitenote_category":0,"spay_email":""},"product_cat":[758,771,763,760],"product_tag":[],"_links":{"self":[{"href":"https:\/\/www.scrubimed.sk\/de\/wp-json\/wp\/v2\/product\/28094"}],"collection":[{"href":"https:\/\/www.scrubimed.sk\/de\/wp-json\/wp\/v2\/product"}],"about":[{"href":"https:\/\/www.scrubimed.sk\/de\/wp-json\/wp\/v2\/types\/product"}],"replies":[{"embeddable":true,"href":"https:\/\/www.scrubimed.sk\/de\/wp-json\/wp\/v2\/comments?post=28094"}],"wp:featuredmedia":[{"embeddable":true,"href":"https:\/\/www.scrubimed.sk\/de\/wp-json\/wp\/v2\/media\/51850"}],"wp:attachment":[{"href":"https:\/\/www.scrubimed.sk\/de\/wp-json\/wp\/v2\/media?parent=28094"}],"wp:term":[{"taxonomy":"product_cat","embeddable":true,"href":"https:\/\/www.scrubimed.sk\/de\/wp-json\/wp\/v2\/product_cat?post=28094"},{"taxonomy":"product_tag","embeddable":true,"href":"https:\/\/www.scrubimed.sk\/de\/wp-json\/wp\/v2\/product_tag?post=28094"}],"curies":[{"name":"wp","href":"https:\/\/api.w.org\/{rel}","templated":true}]}}