{"id":28078,"date":"2020-12-10T13:03:34","date_gmt":"2021-04-10T19:37:47","guid":{"rendered":"https:\/\/www.scrubimed.sk\/produkt\/froehliches-hemd-set-spatz\/"},"modified":"2021-04-10T21:37:48","modified_gmt":"2021-04-10T19:37:48","slug":"vesela-kosela-suprava-cvirik","status":"publish","type":"product","link":"https:\/\/www.scrubimed.sk\/de\/produkt\/vesela-kosela-suprava-cvirik\/","title":{"rendered":"Fr\u00f6hliches Hemd \/ Set &#8211; Spatz"},"content":{"rendered":"<p><img src=\"https:\/\/cdn.shopify.com\/s\/files\/1\/0070\/9997\/3687\/files\/najlepsia_cena_-_certifikat_vystaveny_2019_compact.png?v=1557225129\" alt=\"\"><\/p>\n<p><img src=\"https:\/\/cdn.shopify.com\/s\/files\/1\/0070\/9997\/3687\/files\/hviezdy_small.png?v=1556274512\" alt=\"\"><\/p>\n<p>Elegantes medizinisches Hemd mit V\u00f6geln. M\u00f6glichkeit, ein separates Shirt oder ein praktisches Set zu bestellen.<\/p>\n<p>Das Design des medizinischen Hemdes mit V\u00f6geln, Herzen und Olivenzweigen bringt eine Botschaft des Friedens, der Ruhe und der Liebe. Dies ist eine gute Wahl an einem Tag, an dem Sie sich nach ein wenig Harmonie oder einem warmen L\u00e4cheln der Menschen um Sie herum sehnen \ud83d\ude42<\/p>\n<p>Gemusterte Kleidung hellt im Allgemeinen die allgemeine Atmosph\u00e4re in der Abteilung oder in der Praxis auf. Mit diesem Kleidungsst\u00fcck werden Sie nicht nur sich selbst, sondern auch Kollegen, anderen Mitarbeitern und insbesondere Patienten gefallen.<\/p>\n<p>Sehr angenehmes Material, das Sie im Sommer und Winter sch\u00e4tzen werden. F\u00e4rben Sie w\u00e4hrend des Waschens keine anderen Kleidungsst\u00fccke. Wir empfehlen, bei 60 Grad zu waschen.<\/p>\n<p><strong>Bitte \u00fcberpr\u00fcfen Sie die Gr\u00f6\u00dfentabelle vor der Bestellung<\/strong><\/p>\n<p><img class=\"alignnone size-full wp-image-14816\" src=\"https:\/\/www.scrubimed.sk\/wp-content\/uploads\/2020\/04\/Sn%C3%ADmka-obrazovky-2020-05-01-o-11.36.49.png\" alt=\"\" width=\"622\" height=\"895\"><img class=\"alignnone size-full wp-image-15185\" src=\"https:\/\/www.scrubimed.sk\/wp-content\/uploads\/2019\/09\/Sn%C3%ADmka-obrazovky-2020-05-01-o-11.36.49.png\" alt=\"\" width=\"622\" height=\"895\"><img class=\"alignnone size-full wp-image-26244\" src=\"https:\/\/www.scrubimed.sk\/wp-content\/uploads\/2020\/02\/683E601F-57F8-49E8-9CC0-1F484C2667B5.jpeg\" alt=\"\" width=\"1190\" height=\"1723\" srcset=\"https:\/\/www.scrubimed.sk\/wp-content\/uploads\/2020\/02\/683E601F-57F8-49E8-9CC0-1F484C2667B5.jpeg 1190w, https:\/\/www.scrubimed.sk\/wp-content\/uploads\/2020\/02\/683E601F-57F8-49E8-9CC0-1F484C2667B5-510x738.jpeg 510w, https:\/\/www.scrubimed.sk\/wp-content\/uploads\/2020\/02\/683E601F-57F8-49E8-9CC0-1F484C2667B5-207x300.jpeg 207w, https:\/\/www.scrubimed.sk\/wp-content\/uploads\/2020\/02\/683E601F-57F8-49E8-9CC0-1F484C2667B5-768x1112.jpeg 768w, https:\/\/www.scrubimed.sk\/wp-content\/uploads\/2020\/02\/683E601F-57F8-49E8-9CC0-1F484C2667B5-707x1024.jpeg 707w\" sizes=\"(max-width: 1190px) 100vw, 1190px\" \/><\/p>\n","protected":false},"excerpt":{"rendered":"<p>&nbsp;<\/p>\n<ul>\n<li>Hergestellt in slowakischen gesch\u00fctzten Werkst\u00e4tten<\/li>\n<li>M\u00f6glichkeit, als Set mit roter Baumwollhose zu kaufen<\/li>\n<li>100% Baumwolle<\/li>\n<li>\u00dcberpr\u00fcfen Sie vor der Bestellung die Gr\u00f6\u00dfentabelle<\/li>\n<\/ul>\n","protected":false},"featured_media":26691,"comment_status":"open","ping_status":"closed","template":"","meta":{"_mi_skip_tracking":false,"_monsterinsights_sitenote_active":false,"_monsterinsights_sitenote_note":"","_monsterinsights_sitenote_category":0,"spay_email":""},"product_cat":[758,771,750,763,760],"product_tag":[],"_links":{"self":[{"href":"https:\/\/www.scrubimed.sk\/de\/wp-json\/wp\/v2\/product\/28078"}],"collection":[{"href":"https:\/\/www.scrubimed.sk\/de\/wp-json\/wp\/v2\/product"}],"about":[{"href":"https:\/\/www.scrubimed.sk\/de\/wp-json\/wp\/v2\/types\/product"}],"replies":[{"embeddable":true,"href":"https:\/\/www.scrubimed.sk\/de\/wp-json\/wp\/v2\/comments?post=28078"}],"wp:featuredmedia":[{"embeddable":true,"href":"https:\/\/www.scrubimed.sk\/de\/wp-json\/wp\/v2\/media\/26691"}],"wp:attachment":[{"href":"https:\/\/www.scrubimed.sk\/de\/wp-json\/wp\/v2\/media?parent=28078"}],"wp:term":[{"taxonomy":"product_cat","embeddable":true,"href":"https:\/\/www.scrubimed.sk\/de\/wp-json\/wp\/v2\/product_cat?post=28078"},{"taxonomy":"product_tag","embeddable":true,"href":"https:\/\/www.scrubimed.sk\/de\/wp-json\/wp\/v2\/product_tag?post=28078"}],"curies":[{"name":"wp","href":"https:\/\/api.w.org\/{rel}","templated":true}]}}