{"id":28064,"date":"2021-04-10T21:37:03","date_gmt":"2021-04-10T19:37:03","guid":{"rendered":"https:\/\/www.scrubimed.sk\/produkt\/vesela-kosile-souprava-cvirik\/"},"modified":"2021-04-10T21:37:03","modified_gmt":"2021-04-10T19:37:03","slug":"vesela-kosile-souprava-cvrlikaji","status":"publish","type":"product","link":"https:\/\/www.scrubimed.sk\/de\/produkt\/vesela-kosile-souprava-cvrlikaji\/","title":{"rendered":"Vesel\u00e1 Ko\u0161ile \/ Souprava &#8211; \u010cvirik"},"content":{"rendered":"<p><img src=\"https:\/\/cdn.shopify.com\/s\/files\/1\/0070\/9997\/3687\/files\/najlepsia_cena_-_certifikat_vystaveny_2019_compact.png?v=1557225129\" alt=\"\"><\/p>\n<p><img src=\"https:\/\/cdn.shopify.com\/s\/files\/1\/0070\/9997\/3687\/files\/hviezdy_small.png?v=1556274512\" alt=\"\"><\/p>\n<p>Elegantn\u00ed zdravotnick\u00e1 ko\u0161ile s pt\u00e1\u010dky. Mo\u017enost objednat samostatnou ko\u0161ili nebo v\u00fdhodnou soupravu.<\/p>\n<p>Design zdravotnick\u00e9 ko\u0161ile s pt\u00e1\u010dky, srd\u00ed\u010dky a olivov\u00fdmi v\u011btvi\u010dkami p\u0159in\u00e1\u0161\u00ed poselstv\u00ed m\u00edru, klidu a l\u00e1sky. Jedn\u00e1 se o vhodnou volbu na dny, kdy zatou\u017e\u00edte po tro\u0161ce harmonie \u010di h\u0159ejiv\u00e9ho \u00fasm\u011bvu od lid\u00ed z va\u0161eho okol\u00ed \ud83d\ude42<\/p>\n<p>Vzorovan\u00e9 oble\u010den\u00ed obecn\u011b rozz\u00e1\u0159\u00ed v\u00e1s i celkovou atmosf\u00e9ru na odd\u011blen\u00ed \u010di v ordinaci. T\u00edmto kouskem od\u011bvu, tak nepot\u011b\u0161\u00edte jen sebe ale i kolegy, ostatn\u00ed person\u00e1l a zejm\u00e9na pacient\u016f.<\/p>\n<p>Velmi p\u0159\u00edjemn\u00fd materi\u00e1l, kter\u00fd ocen\u00edte v l\u00e9t\u011b iv zim\u011b. B\u011bhem pran\u00ed nebarv\u00ed jin\u00e9 oble\u010den\u00ed. Doporu\u010dujeme pr\u00e1t na 60 stupn\u00edch.<\/p>\n<p><strong>P\u0159ed objedn\u00e1n\u00edm pros\u00edm zkontrolujte velikostn\u00ed tabulku<\/strong><\/p>\n<p><img class=\"alignnone size-full wp-image-14816\" src=\"https:\/\/www.scrubimed.sk\/wp-content\/uploads\/2020\/04\/Sn%C3%ADmka-obrazovky-2020-05-01-o-11.36.49.png\" alt=\"\" width=\"622\" height=\"895\"><img class=\"alignnone size-full wp-image-15185\" src=\"https:\/\/www.scrubimed.sk\/wp-content\/uploads\/2019\/09\/Sn%C3%ADmka-obrazovky-2020-05-01-o-11.36.49.png\" alt=\"\" width=\"622\" height=\"895\"><img class=\"alignnone size-full wp-image-26242\" src=\"https:\/\/www.scrubimed.sk\/wp-content\/uploads\/2020\/02\/683E601F-57F8-49E8-9CC0-1F484C2667B5.jpeg\" alt=\"\" width=\"1190\" height=\"1723\" srcset=\"https:\/\/www.scrubimed.sk\/wp-content\/uploads\/2020\/02\/683E601F-57F8-49E8-9CC0-1F484C2667B5.jpeg 1190w, https:\/\/www.scrubimed.sk\/wp-content\/uploads\/2020\/02\/683E601F-57F8-49E8-9CC0-1F484C2667B5-510x738.jpeg 510w, https:\/\/www.scrubimed.sk\/wp-content\/uploads\/2020\/02\/683E601F-57F8-49E8-9CC0-1F484C2667B5-207x300.jpeg 207w, https:\/\/www.scrubimed.sk\/wp-content\/uploads\/2020\/02\/683E601F-57F8-49E8-9CC0-1F484C2667B5-768x1112.jpeg 768w, https:\/\/www.scrubimed.sk\/wp-content\/uploads\/2020\/02\/683E601F-57F8-49E8-9CC0-1F484C2667B5-707x1024.jpeg 707w\" sizes=\"(max-width: 1190px) 100vw, 1190px\" \/><\/p>\n","protected":false},"excerpt":{"rendered":"<p>&nbsp;<\/p>\n<ul>\n<li>Vyrobeno v Slovensk\u00e9 chr\u00e1n\u011bn\u00fdch d\u00edln\u00e1ch<\/li>\n<li>Mo\u017enost koupit jako soupravu s \u010derven\u00fdmi bavln\u011bn\u00fdmi kalhotami<\/li>\n<li>100% bavlna<\/li>\n<li>P\u0159ed objedn\u00e1n\u00edm zkontrolujte velikostn\u00ed tabulku<\/li>\n<\/ul>\n","protected":false},"featured_media":0,"comment_status":"open","ping_status":"closed","template":"","meta":{"_mi_skip_tracking":false,"_monsterinsights_sitenote_active":false,"_monsterinsights_sitenote_note":"","_monsterinsights_sitenote_category":0,"spay_email":""},"product_cat":[15],"product_tag":[],"_links":{"self":[{"href":"https:\/\/www.scrubimed.sk\/de\/wp-json\/wp\/v2\/product\/28064"}],"collection":[{"href":"https:\/\/www.scrubimed.sk\/de\/wp-json\/wp\/v2\/product"}],"about":[{"href":"https:\/\/www.scrubimed.sk\/de\/wp-json\/wp\/v2\/types\/product"}],"replies":[{"embeddable":true,"href":"https:\/\/www.scrubimed.sk\/de\/wp-json\/wp\/v2\/comments?post=28064"}],"wp:attachment":[{"href":"https:\/\/www.scrubimed.sk\/de\/wp-json\/wp\/v2\/media?parent=28064"}],"wp:term":[{"taxonomy":"product_cat","embeddable":true,"href":"https:\/\/www.scrubimed.sk\/de\/wp-json\/wp\/v2\/product_cat?post=28064"},{"taxonomy":"product_tag","embeddable":true,"href":"https:\/\/www.scrubimed.sk\/de\/wp-json\/wp\/v2\/product_tag?post=28064"}],"curies":[{"name":"wp","href":"https:\/\/api.w.org\/{rel}","templated":true}]}}