{"id":28059,"date":"2020-12-10T16:12:37","date_gmt":"2021-04-10T19:36:45","guid":{"rendered":"https:\/\/www.scrubimed.sk\/produkt\/einfaches-einfarbiges-hemd-100-baumwolle\/"},"modified":"2021-04-10T21:36:47","modified_gmt":"2021-04-10T19:36:47","slug":"basic-one-color-stuhl-100-baumwolle","status":"publish","type":"product","link":"https:\/\/www.scrubimed.sk\/de\/produkt\/basic-one-color-stuhl-100-baumwolle\/","title":{"rendered":"Einfaches einfarbiges Hemd (100% Baumwolle)"},"content":{"rendered":"<p><img src=\"https:\/\/cdn.shopify.com\/s\/files\/1\/0070\/9997\/3687\/files\/najlepsia_cena_-_certifikat_vystaveny_2019_compact.png?v=1557225129\" alt=\"\"><\/p>\n<p><img src=\"https:\/\/cdn.shopify.com\/s\/files\/1\/0070\/9997\/3687\/files\/hviezdy_small.png?v=1556274512\" alt=\"\"><\/p>\n<div>\n<p>Das Shirt hat zwei Taschen an den Seiten + eine Brusttasche. Der Stoff ist im Sommer und Winter angenehm zu tragen. Wir empfehlen, bei 60 Grad zu waschen. Sie k\u00f6nnen aus einer Vielzahl interessanter Farben ausw\u00e4hlen, die Ihre Einzigartigkeit unterstreichen.<\/p>\n<p><strong>Bitte \u00fcberpr\u00fcfen Sie die Gr\u00f6\u00dfentabelle vor der Bestellung<\/strong><\/p>\n<\/div>\n<p><img class=\"alignnone size-full wp-image-21518\" src=\"https:\/\/www.scrubimed.sk\/wp-content\/uploads\/2020\/12\/ve%C4%BEkostn%C3%A1-tabu%C4%BEka-scrubimed.png\" alt=\"\" width=\"1217\" height=\"1302\"><\/p>\n","protected":false},"excerpt":{"rendered":"<ul>\n<li>Erste-Hilfe-Set<\/li>\n<li>100% Baumwolle<\/li>\n<li>Hergestellt in der Slowakei<\/li>\n<li>Angenehmes Material<\/li>\n<li>Gummihose<\/li>\n<li>Hemd mit Brusttasche<\/li>\n<\/ul>\n","protected":false},"featured_media":41284,"comment_status":"open","ping_status":"closed","template":"","meta":{"_mi_skip_tracking":false,"_monsterinsights_sitenote_active":false,"_monsterinsights_sitenote_note":"","_monsterinsights_sitenote_category":0,"spay_email":""},"product_cat":[772,762,771,763],"product_tag":[],"_links":{"self":[{"href":"https:\/\/www.scrubimed.sk\/de\/wp-json\/wp\/v2\/product\/28059"}],"collection":[{"href":"https:\/\/www.scrubimed.sk\/de\/wp-json\/wp\/v2\/product"}],"about":[{"href":"https:\/\/www.scrubimed.sk\/de\/wp-json\/wp\/v2\/types\/product"}],"replies":[{"embeddable":true,"href":"https:\/\/www.scrubimed.sk\/de\/wp-json\/wp\/v2\/comments?post=28059"}],"wp:featuredmedia":[{"embeddable":true,"href":"https:\/\/www.scrubimed.sk\/de\/wp-json\/wp\/v2\/media\/41284"}],"wp:attachment":[{"href":"https:\/\/www.scrubimed.sk\/de\/wp-json\/wp\/v2\/media?parent=28059"}],"wp:term":[{"taxonomy":"product_cat","embeddable":true,"href":"https:\/\/www.scrubimed.sk\/de\/wp-json\/wp\/v2\/product_cat?post=28059"},{"taxonomy":"product_tag","embeddable":true,"href":"https:\/\/www.scrubimed.sk\/de\/wp-json\/wp\/v2\/product_tag?post=28059"}],"curies":[{"name":"wp","href":"https:\/\/api.w.org\/{rel}","templated":true}]}}