{"id":27695,"date":"2021-01-29T10:04:25","date_gmt":"2021-04-10T19:23:40","guid":{"rendered":"https:\/\/www.scrubimed.sk\/produkt\/froehliches-hemd-set-streunende-katzen\/"},"modified":"2021-04-10T21:23:41","modified_gmt":"2021-04-10T19:23:41","slug":"karussell-suprava-zatulan-macky","status":"publish","type":"product","link":"https:\/\/www.scrubimed.sk\/de\/produkt\/karussell-suprava-zatulan-macky\/","title":{"rendered":"Fr\u00f6hliches Hemd \/ Set &#8211; Streunende Katzen"},"content":{"rendered":"<p><img src=\"https:\/\/cdn.shopify.com\/s\/files\/1\/0070\/9997\/3687\/files\/najlepsia_cena_-_certifikat_vystaveny_2019_compact.png?v=1557225129\" alt=\"\"><\/p>\n<p><img src=\"https:\/\/cdn.shopify.com\/s\/files\/1\/0070\/9997\/3687\/files\/hviezdy_small.png?v=1556274512\" alt=\"\"><\/p>\n<p>Sch\u00f6nes medizinisches Hemd mit einem Katzenmuster. Kann als separates Shirt oder als praktisches Set zusammen mit einer rosa Hose bestellt werden.<\/p>\n<p>Gemusterte Kleidung hellt im Allgemeinen die allgemeine Atmosph\u00e4re in der Abteilung oder in der Praxis auf. Mit diesem Kleidungsst\u00fcck werden Sie nicht nur sich selbst, sondern auch Kollegen, anderen Mitarbeitern und insbesondere Patienten gefallen.<\/p>\n<p>Sehr angenehmes Material, das Sie im Sommer und Winter sch\u00e4tzen werden. Andere Kleidungsst\u00fccke f\u00e4rben sich beim Waschen nicht. Wir empfehlen, bei 60 Grad zu waschen.<\/p>\n<p><strong>Bitte \u00fcberpr\u00fcfen Sie die Gr\u00f6\u00dfentabelle vor der Bestellung<\/strong><\/p>\n<p><img class=\"alignnone size-full wp-image-21518\" src=\"https:\/\/www.scrubimed.sk\/wp-content\/uploads\/2020\/12\/vel%CC%8Ckostna%CC%81-tabul%CC%8Cka-scrubimed.png\" alt=\"\" width=\"1217\" height=\"1302\"><\/p>\n","protected":false},"excerpt":{"rendered":"<p>&nbsp;<\/p>\n<ul>\n<li>Hergestellt in slowakischen gesch\u00fctzten Werkst\u00e4tten<\/li>\n<li>M\u00f6glichkeit, als Set mit roter Baumwollhose zu kaufen<\/li>\n<li>100% Baumwolle<\/li>\n<li>\u00dcberpr\u00fcfen Sie vor der Bestellung die Gr\u00f6\u00dfentabelle<\/li>\n<\/ul>\n","protected":false},"featured_media":26883,"comment_status":"open","ping_status":"closed","template":"","meta":{"_mi_skip_tracking":false,"_monsterinsights_sitenote_active":false,"_monsterinsights_sitenote_note":"","_monsterinsights_sitenote_category":0,"spay_email":""},"product_cat":[758,771,750,763,757,760],"product_tag":[],"_links":{"self":[{"href":"https:\/\/www.scrubimed.sk\/de\/wp-json\/wp\/v2\/product\/27695"}],"collection":[{"href":"https:\/\/www.scrubimed.sk\/de\/wp-json\/wp\/v2\/product"}],"about":[{"href":"https:\/\/www.scrubimed.sk\/de\/wp-json\/wp\/v2\/types\/product"}],"replies":[{"embeddable":true,"href":"https:\/\/www.scrubimed.sk\/de\/wp-json\/wp\/v2\/comments?post=27695"}],"wp:featuredmedia":[{"embeddable":true,"href":"https:\/\/www.scrubimed.sk\/de\/wp-json\/wp\/v2\/media\/26883"}],"wp:attachment":[{"href":"https:\/\/www.scrubimed.sk\/de\/wp-json\/wp\/v2\/media?parent=27695"}],"wp:term":[{"taxonomy":"product_cat","embeddable":true,"href":"https:\/\/www.scrubimed.sk\/de\/wp-json\/wp\/v2\/product_cat?post=27695"},{"taxonomy":"product_tag","embeddable":true,"href":"https:\/\/www.scrubimed.sk\/de\/wp-json\/wp\/v2\/product_tag?post=27695"}],"curies":[{"name":"wp","href":"https:\/\/api.w.org\/{rel}","templated":true}]}}