{"id":27462,"date":"2021-04-10T20:53:10","date_gmt":"2021-04-10T18:53:10","guid":{"rendered":"https:\/\/www.scrubimed.sk\/produkt\/vesela-kosela-haukaci-and-mnaukaci\/"},"modified":"2025-05-26T19:46:31","modified_gmt":"2025-05-26T17:46:31","slug":"merry-goose-sports-cats-copy-2","status":"publish","type":"product","link":"https:\/\/www.scrubimed.sk\/de\/produkt\/merry-goose-sports-cats-copy-2\/","title":{"rendered":"Vesel\u00e1 Ko\u0161e\u013ea &#8211; Hauk\u00e1\u010di and M\u0148auk\u00e1\u010di"},"content":{"rendered":"<p><img src=\"https:\/\/cdn.shopify.com\/s\/files\/1\/0070\/9997\/3687\/files\/najlepsia_cena_-_certifikat_vystaveny_2019_compact.png?v=1557225129\" alt=\"\"><\/p>\n<p><img src=\"https:\/\/cdn.shopify.com\/s\/files\/1\/0070\/9997\/3687\/files\/hviezdy_small.png?v=1556274512\" alt=\"\"><\/p>\n<p>Beautiful medical shirt with a pattern of dogs and cats.<\/p>\n<p>Patterned clothing will generally brighten you up the overall atmosphere in the department or surgery. With this piece of clothing, you will not only please yourself but also colleagues, other staff and especially patients.<\/p>\n<p>Very pleasant material that you will appreciate in summer and winter. Other clothes do not color during washing. We recommend washing at 60 degrees.<\/p>\n<p><strong>Please check the size chart before ordering<\/strong><\/p>\n<p><img class=\"alignnone size-full wp-image-21518\" src=\"https:\/\/www.scrubimed.sk\/wp-content\/uploads\/2020\/12\/vel%CC%8Ckostna%CC%81-tabul%CC%8Cka-scrubimed.png\" alt=\"\" width=\"1217\" height=\"1302\"><\/p>\n","protected":false},"excerpt":{"rendered":"<p>&nbsp;<\/p>\n<ul>\n<li>Made in Slovak sheltered workshops<\/li>\n<li>Possibility to buy as a set with red cotton pants<\/li>\n<li>100% cotton<\/li>\n<li>Check the size chart before ordering<\/li>\n<\/ul>\n","protected":false},"featured_media":0,"comment_status":"open","ping_status":"closed","template":"","meta":{"_mi_skip_tracking":false,"_monsterinsights_sitenote_active":false,"_monsterinsights_sitenote_note":"","_monsterinsights_sitenote_category":0,"spay_email":""},"product_cat":[15],"product_tag":[],"_links":{"self":[{"href":"https:\/\/www.scrubimed.sk\/de\/wp-json\/wp\/v2\/product\/27462"}],"collection":[{"href":"https:\/\/www.scrubimed.sk\/de\/wp-json\/wp\/v2\/product"}],"about":[{"href":"https:\/\/www.scrubimed.sk\/de\/wp-json\/wp\/v2\/types\/product"}],"replies":[{"embeddable":true,"href":"https:\/\/www.scrubimed.sk\/de\/wp-json\/wp\/v2\/comments?post=27462"}],"wp:attachment":[{"href":"https:\/\/www.scrubimed.sk\/de\/wp-json\/wp\/v2\/media?parent=27462"}],"wp:term":[{"taxonomy":"product_cat","embeddable":true,"href":"https:\/\/www.scrubimed.sk\/de\/wp-json\/wp\/v2\/product_cat?post=27462"},{"taxonomy":"product_tag","embeddable":true,"href":"https:\/\/www.scrubimed.sk\/de\/wp-json\/wp\/v2\/product_tag?post=27462"}],"curies":[{"name":"wp","href":"https:\/\/api.w.org\/{rel}","templated":true}]}}