{"id":13616,"date":"2020-04-06T15:32:34","date_gmt":"2020-04-06T13:32:34","guid":{"rendered":"https:\/\/www.scrubimed.sk\/?post_type=product&#038;p=13616"},"modified":"2025-05-28T07:56:18","modified_gmt":"2025-05-28T05:56:18","slug":"dezinfekcia-na-ruky-50ml-bitcoin","status":"publish","type":"product","link":"https:\/\/www.scrubimed.sk\/de\/produkt\/dezinfekcia-na-ruky-50ml-bitcoin\/","title":{"rendered":"Dezinfekcia na ruky 50ml &#8211; Bitcoin"},"content":{"rendered":"<p class=\"\"><strong class=\"text-info\">Popis produktu:<\/strong><\/p>\n<p>Alkoholova dezinfekcia: univerz\u00e1lny tekut\u00fd pr\u00edpravok na b\u00e1ze alkoholu, ur\u010den\u00fd na r\u00fdchle a bezpe\u010dn\u00e9 \u010distenie. Obsahuje \u00fa\u010dinn\u00e9 l\u00e1tky ETANOL (min. 80% v\/v), ajat\u00edn a glycer\u00edn.<\/p>\n<p>Na boj proti v\u00edrusom mus\u00ed obsahova\u0165 dezinfek\u010dn\u00fd pr\u00edpravok etanol. Spektrum virucidnej aktivity 80% etanolu pokr\u00fdva najviac klinicky relevantn\u00e9 v\u00edrusy.<\/p>\n<p>Pr\u00edpravok naneste a nechajte p\u00f4sobi\u0165 po dobu minim\u00e1lne 30 sek\u00fand. Je vhodn\u00fd na \u010distenie r\u00fak bez vody a mydla.\u00a0 Vhodn\u00e1 na povrchy k\u013eu\u010dky,stoly<\/p>\n<p>Zlo\u017eenie: etanol(80%), ajat\u00edn, glycer\u00edn<\/p>\n<p>Vzh\u013ead: \u010d\u00edra bezfarebn\u00e1 kvapalina<\/p>\n<p><strong>Bezpe\u010dnostn\u00e9 upozornenia:<\/strong><\/p>\n<ul>\n<li>Skladujte na suchom mieste pri teplote 5-25<span class=\"st\">\u00b0<\/span>C<\/li>\n<li>Chr\u00e1\u0148te pred priamym slne\u010dn\u00fdm \u017eiaren\u00edm a mrazom<\/li>\n<li>Hor\u013eav\u00e1 kvapalina a pary<\/li>\n<li>Uchov\u00e1vajte mimo dosahu det\u00ed<\/li>\n<li>Po pou\u017eit\u00ed vypl\u00e1chnite \u00fasta. Nevyvol\u00e1vajte zvracanie.<\/li>\n<li>Po zasiahnut\u00ed o\u010d\u00ed ich nieko\u013eko min\u00fat\u00a0 opatrne vyplachujte vodou.<\/li>\n<li>Ak pou\u017e\u00edvate kontaktn\u00e9 \u0161o\u0161ovky a je to mo\u017en\u00e9, odstr\u00e1\u0148te ich a pokra\u010dujte vo vyplachovan\u00ed.<\/li>\n<\/ul>\n","protected":false},"excerpt":{"rendered":"<p>Antibakteri\u00e1lny roztok sl\u00fa\u017eiaci ako r\u00fdchla a \u00fa\u010dinn\u00e1 dezinfekcia r\u00fak. Ni\u010d\u00ed 99,9% bakt\u00e9ri\u00ed a v\u00edrusov. Vysok\u00fd obsah \u00fa\u010dinnej l\u00e1tky etanolu (80%). Z\u00e1rove\u0148 obsahuje ajat\u00edn a glycer\u00edn. Balen\u00fd v prieh\u013eadnej BITCOIN f\u013ea\u0161ti\u010dke.<\/p>\n","protected":false},"featured_media":13617,"comment_status":"open","ping_status":"closed","template":"","meta":{"_mi_skip_tracking":false,"_monsterinsights_sitenote_active":false,"_monsterinsights_sitenote_note":"","_monsterinsights_sitenote_category":0,"spay_email":""},"product_cat":[1265,115],"product_tag":[],"_links":{"self":[{"href":"https:\/\/www.scrubimed.sk\/de\/wp-json\/wp\/v2\/product\/13616"}],"collection":[{"href":"https:\/\/www.scrubimed.sk\/de\/wp-json\/wp\/v2\/product"}],"about":[{"href":"https:\/\/www.scrubimed.sk\/de\/wp-json\/wp\/v2\/types\/product"}],"replies":[{"embeddable":true,"href":"https:\/\/www.scrubimed.sk\/de\/wp-json\/wp\/v2\/comments?post=13616"}],"wp:featuredmedia":[{"embeddable":true,"href":"https:\/\/www.scrubimed.sk\/de\/wp-json\/wp\/v2\/media\/13617"}],"wp:attachment":[{"href":"https:\/\/www.scrubimed.sk\/de\/wp-json\/wp\/v2\/media?parent=13616"}],"wp:term":[{"taxonomy":"product_cat","embeddable":true,"href":"https:\/\/www.scrubimed.sk\/de\/wp-json\/wp\/v2\/product_cat?post=13616"},{"taxonomy":"product_tag","embeddable":true,"href":"https:\/\/www.scrubimed.sk\/de\/wp-json\/wp\/v2\/product_tag?post=13616"}],"curies":[{"name":"wp","href":"https:\/\/api.w.org\/{rel}","templated":true}]}}