{"id":13611,"date":"2020-04-06T15:12:24","date_gmt":"2020-04-06T13:12:24","guid":{"rendered":"https:\/\/www.scrubimed.sk\/?post_type=product&#038;p=13611"},"modified":"2021-09-22T11:39:30","modified_gmt":"2021-09-22T09:39:30","slug":"njbmnt-rusko","status":"publish","type":"product","link":"https:\/\/www.scrubimed.sk\/de\/produkt\/njbmnt-rusko\/","title":{"rendered":"NJBMNT R\u00fa\u0161ko"},"content":{"rendered":"","protected":false},"excerpt":{"rendered":"<p>Ochrann\u00e9 R\u00fa\u0161ko NJBMNT<\/p>\n<p>Materi\u00e1l: 100% bavlna<\/p>\n<p>Po\u010det vrstiev: 2 vrstvy l\u00e1tky<\/p>\n<p>&nbsp;<\/p>\n<p><strong>Bavlnen\u00e9 r\u00fa\u0161ko odpor\u00fa\u010dame po pou\u017eit\u00ed opra\u0165 a pre\u017eehli\u0165, n\u00e1sledne je znova pripraven\u00e9 na pou\u017eitie. Ide\u00e1lne je opra\u0165 ich na 30\u00b0 Celzia a n\u00e1sledne vy\u017eehli\u0165, pr\u00edpadne napari\u0165, z ka\u017edej strany cca. 1 min, aby sa zni\u010dili v\u0161etky bakt\u00e9rie a mikroorganizmy.\u00a0<\/strong><\/p>\n","protected":false},"featured_media":13614,"comment_status":"open","ping_status":"closed","template":"","meta":{"_mi_skip_tracking":false,"_monsterinsights_sitenote_active":false,"_monsterinsights_sitenote_note":"","_monsterinsights_sitenote_category":0,"spay_email":""},"product_cat":[1265,115],"product_tag":[],"_links":{"self":[{"href":"https:\/\/www.scrubimed.sk\/de\/wp-json\/wp\/v2\/product\/13611"}],"collection":[{"href":"https:\/\/www.scrubimed.sk\/de\/wp-json\/wp\/v2\/product"}],"about":[{"href":"https:\/\/www.scrubimed.sk\/de\/wp-json\/wp\/v2\/types\/product"}],"replies":[{"embeddable":true,"href":"https:\/\/www.scrubimed.sk\/de\/wp-json\/wp\/v2\/comments?post=13611"}],"wp:featuredmedia":[{"embeddable":true,"href":"https:\/\/www.scrubimed.sk\/de\/wp-json\/wp\/v2\/media\/13614"}],"wp:attachment":[{"href":"https:\/\/www.scrubimed.sk\/de\/wp-json\/wp\/v2\/media?parent=13611"}],"wp:term":[{"taxonomy":"product_cat","embeddable":true,"href":"https:\/\/www.scrubimed.sk\/de\/wp-json\/wp\/v2\/product_cat?post=13611"},{"taxonomy":"product_tag","embeddable":true,"href":"https:\/\/www.scrubimed.sk\/de\/wp-json\/wp\/v2\/product_tag?post=13611"}],"curies":[{"name":"wp","href":"https:\/\/api.w.org\/{rel}","templated":true}]}}