{"id":24758,"date":"2021-04-07T12:33:08","date_gmt":"2021-04-07T10:33:08","guid":{"rendered":"https:\/\/www.scrubimed.sk\/fuer-unternehmen\/"},"modified":"2021-07-26T13:04:20","modified_gmt":"2021-07-26T11:04:20","slug":"fuer-unternehmen","status":"publish","type":"page","link":"https:\/\/www.scrubimed.sk\/de\/fuer-unternehmen\/","title":{"rendered":"F\u00fcr Unternehmen"},"content":{"rendered":"\n<h2><strong>Informationen f\u00fcr K\u00e4ufer<\/strong><\/h2>\n\n<p>Wenn Sie gr\u00f6\u00dfere Mengen kaufen m\u00f6chten, kontaktieren Sie uns:<\/p>\n\n<p><strong>Cooperation.scrubimed@gmail.com<\/strong><\/p>\n\n<p><strong>0907 368 756<\/strong><\/p>\n","protected":false},"excerpt":{"rendered":"<p>Informationen f\u00fcr K\u00e4ufer Wenn Sie gr\u00f6\u00dfere Mengen kaufen m\u00f6chten, kontaktieren Sie uns: Cooperation.scrubimed@gmail.com 0907 368 756<\/p>\n","protected":false},"author":1,"featured_media":0,"parent":0,"menu_order":0,"comment_status":"closed","ping_status":"closed","template":"","meta":{"_mi_skip_tracking":false,"_monsterinsights_sitenote_active":false,"_monsterinsights_sitenote_note":"","_monsterinsights_sitenote_category":0,"spay_email":""},"_links":{"self":[{"href":"https:\/\/www.scrubimed.sk\/de\/wp-json\/wp\/v2\/pages\/24758"}],"collection":[{"href":"https:\/\/www.scrubimed.sk\/de\/wp-json\/wp\/v2\/pages"}],"about":[{"href":"https:\/\/www.scrubimed.sk\/de\/wp-json\/wp\/v2\/types\/page"}],"author":[{"embeddable":true,"href":"https:\/\/www.scrubimed.sk\/de\/wp-json\/wp\/v2\/users\/1"}],"replies":[{"embeddable":true,"href":"https:\/\/www.scrubimed.sk\/de\/wp-json\/wp\/v2\/comments?post=24758"}],"version-history":[{"count":2,"href":"https:\/\/www.scrubimed.sk\/de\/wp-json\/wp\/v2\/pages\/24758\/revisions"}],"predecessor-version":[{"id":33382,"href":"https:\/\/www.scrubimed.sk\/de\/wp-json\/wp\/v2\/pages\/24758\/revisions\/33382"}],"wp:attachment":[{"href":"https:\/\/www.scrubimed.sk\/de\/wp-json\/wp\/v2\/media?parent=24758"}],"curies":[{"name":"wp","href":"https:\/\/api.w.org\/{rel}","templated":true}]}}