{"id":24733,"date":"2021-04-07T12:20:08","date_gmt":"2021-04-07T10:20:08","guid":{"rendered":"https:\/\/www.scrubimed.sk\/danke-fuer-ihren-einkauf\/"},"modified":"2021-04-22T09:49:47","modified_gmt":"2021-04-22T07:49:47","slug":"danke-fuer-ihren-einkauf","status":"publish","type":"page","link":"https:\/\/www.scrubimed.sk\/de\/danke-fuer-ihren-einkauf\/","title":{"rendered":"Vielen Dank f\u00fcr die Bestellung!"},"content":{"rendered":"\t\t<div data-elementor-type=\"wp-page\" data-elementor-id=\"24733\" class=\"elementor elementor-24733 elementor-21379\">\n\t\t\t\t\t\t<div class=\"elementor-inner\">\n\t\t\t\t<div class=\"elementor-section-wrap\">\n\t\t\t\t\t\t\t\t\t<section class=\"elementor-section elementor-top-section elementor-element elementor-element-6ba0715c elementor-section-boxed elementor-section-height-default elementor-section-height-default\" data-id=\"6ba0715c\" data-element_type=\"section\">\n\t\t\t\t\t\t<div class=\"elementor-container elementor-column-gap-default\">\n\t\t\t\t\t\t\t<div class=\"elementor-row\">\n\t\t\t\t\t<div class=\"elementor-column elementor-col-100 elementor-top-column elementor-element elementor-element-3f219c2\" data-id=\"3f219c2\" data-element_type=\"column\">\n\t\t\t<div class=\"elementor-column-wrap elementor-element-populated\">\n\t\t\t\t\t\t\t<div class=\"elementor-widget-wrap\">\n\t\t\t\t\t\t<div class=\"elementor-element elementor-element-5e4f59a7 elementor-widget elementor-widget-text-editor\" data-id=\"5e4f59a7\" data-element_type=\"widget\" data-widget_type=\"text-editor.default\">\n\t\t\t\t<div class=\"elementor-widget-container\">\n\t\t\t\t\t\t\t\t<div class=\"elementor-text-editor elementor-clearfix\">\n\t\t\t\t\n\t<div class=\"img has-hover x md-x lg-x y md-y lg-y\" id=\"image_2074385395\">\n\t\t\t\t\t\t\t\t<div class=\"img-inner box-shadow-3 dark\" >\n\t\t\t<img width=\"683\" height=\"683\" src=\"https:\/\/www.scrubimed.sk\/wp-content\/uploads\/2019\/09\/IMG_3773.jpg\" class=\"attachment-large size-large wp-post-image\" alt=\"\" srcset=\"https:\/\/www.scrubimed.sk\/wp-content\/uploads\/2019\/09\/IMG_3773.jpg 683w, https:\/\/www.scrubimed.sk\/wp-content\/uploads\/2019\/09\/IMG_3773-100x100.jpg 100w, https:\/\/www.scrubimed.sk\/wp-content\/uploads\/2019\/09\/IMG_3773-510x510.jpg 510w, https:\/\/www.scrubimed.sk\/wp-content\/uploads\/2019\/09\/IMG_3773-150x150.jpg 150w, https:\/\/www.scrubimed.sk\/wp-content\/uploads\/2019\/09\/IMG_3773-300x300.jpg 300w\" sizes=\"(max-width: 683px) 100vw, 683px\" \/>\t\t\t\t\t\t\n\t\t\t\t\t<\/div>\n\t\t\t\t\t\t\t\t\n<style scope=\"scope\">\n\n#image_2074385395 {\n  width: 12%;\n}\n<\/style>\n\t<\/div>\n\t \t<section class=\"section\" id=\"section_1746917925\">\n\t\t<div class=\"bg section-bg fill bg-fill  bg-loaded\" >\n\n\t\t\t\n\t\t\t\n\t\t\t\n\n\t\t<\/div>\n\n\t\t<div class=\"section-content relative\">\n\t\t\t <div class=\"row align-center\"  id=\"row-448501576\"> \n\t<div class=\"col medium-7 small-10 large-7\"  >\n\t\t<div class=\"col-inner text-center\"  >\n\t\t\t\n\t\t\t \t<div id=\"gap-821678454\" class=\"gap-element clearfix\" style=\"display:block; height:auto;\">\n\t\t\n<style scope=\"scope\">\n\n#gap-821678454 {\n  padding-top: 40px;\n}\n<\/style>\n\t<\/div>\n\t\n<p><span style=\"font-size: 75%;\"><img class=\"alignnone wp-image-30487 size-medium\" src=\"https:\/\/www.scrubimed.sk\/wp-content\/uploads\/2021\/04\/green-tick-png-green-tick-png-file-570-288x300.png\" alt=\"\" width=\"288\" height=\"300\" srcset=\"https:\/\/www.scrubimed.sk\/wp-content\/uploads\/2021\/04\/green-tick-png-green-tick-png-file-570-288x300.png 288w, https:\/\/www.scrubimed.sk\/wp-content\/uploads\/2021\/04\/green-tick-png-green-tick-png-file-570-510x531.png 510w, https:\/\/www.scrubimed.sk\/wp-content\/uploads\/2021\/04\/green-tick-png-green-tick-png-file-570-58x60.png 58w, https:\/\/www.scrubimed.sk\/wp-content\/uploads\/2021\/04\/green-tick-png-green-tick-png-file-570-86x90.png 86w, https:\/\/www.scrubimed.sk\/wp-content\/uploads\/2021\/04\/green-tick-png-green-tick-png-file-570.png 570w\" sizes=\"(max-width: 288px) 100vw, 288px\" \/><\/span><\/p>\n<h1><span style=\"font-size: 130%;\">\u010eakujeme.<\/span><\/h1>\n<p><span style=\"font-size: 95%;\">Va\u0161u objedn\u00e1vku sme prijali a za\u010d\u00edname pracova\u0165 na jej vybaven\u00ed.<\/span><\/p>\n<div class=\"is-divider divider clearfix\" style=\"max-width:60px;\"><\/div> \t\t<\/div>\n\t<\/div>\n\n\t \n<style scope=\"scope\">\n\n<\/style>\n<\/div> <div class=\"row align-center\"  id=\"row-1029238955\"> \n\t<div class=\"col medium-9 small-12 large-9\"  >\n\t\t<div class=\"col-inner\"  >\n\t\t\t\n\t\t\t <div class=\"row align-center\"  id=\"row-1533764751\"> \n\t<div class=\"col small-10 large-12\"  >\n\t\t<div class=\"col-inner\" style=\"margin:0px 0px 0px -10px;\" >\n\t\t\t\n\t\t\t \n\t\t<div class=\"icon-box featured-box icon-box-left text-left\"  >\n\t\t\t\t\t<div class=\"icon-box-img\" style=\"width: 88px\">\n\t\t\t\t<div class=\"icon\">\n\t\t\t\t\t<div class=\"icon-inner\" style=\"color:rgb(160, 160, 160);\">\n\t\t\t\t\t\t<img width=\"285\" height=\"300\" src=\"https:\/\/www.scrubimed.sk\/wp-content\/uploads\/2020\/12\/email-icon-scrubimed-285x300.png\" class=\"attachment-medium size-medium wp-post-image\" alt=\"\" srcset=\"https:\/\/www.scrubimed.sk\/wp-content\/uploads\/2020\/12\/email-icon-scrubimed-285x300.png 285w, https:\/\/www.scrubimed.sk\/wp-content\/uploads\/2020\/12\/email-icon-scrubimed-510x536.png 510w, https:\/\/www.scrubimed.sk\/wp-content\/uploads\/2020\/12\/email-icon-scrubimed.png 609w\" sizes=\"(max-width: 285px) 100vw, 285px\" \/>\t\t\t\t\t<\/div>\n\t\t\t\t<\/div>\n\t\t\t<\/div>\n\t\t\t\t<div class=\"icon-box-text last-reset\">\n\t\t\t\t\t\t\t\t\t\n<p>\u00a0<\/p>\n<p class=\"thin-font\"><strong><span style=\"font-size: 130%;\">Na v\u00e1\u0161 email boli odoslan\u00e9 detajly objedn\u00e1vky.<\/span><\/strong><\/p>\n\t<div id=\"gap-631143797\" class=\"gap-element clearfix\" style=\"display:block; height:auto;\">\n\t\t\n<style scope=\"scope\">\n\n#gap-631143797 {\n  padding-top: 22px;\n}\n<\/style>\n\t<\/div>\n\t \t\t<\/div>\n\t<\/div>\n\t\n\t \t\t<\/div>\n\t<\/div>\n\n\t \n<style scope=\"scope\">\n\n<\/style>\n<\/div> \t\t<\/div>\n\t<\/div>\n\n\t \n<style scope=\"scope\">\n\n<\/style>\n<\/div> \t\t<\/div>\n\n\t\t\n<style scope=\"scope\">\n\n#section_1746917925 {\n  padding-top: 30px;\n  padding-bottom: 30px;\n}\n<\/style>\n\t<\/section>\n\t\n<p style=\"text-align: right;\">scrubimed.sk<\/p>\n\t\t\t\t\t<\/div>\n\t\t\t\t\t\t<\/div>\n\t\t\t\t<\/div>\n\t\t\t\t\t\t<\/div>\n\t\t\t\t\t<\/div>\n\t\t<\/div>\n\t\t\t\t\t\t\t\t<\/div>\n\t\t\t\t\t<\/div>\n\t\t<\/section>\n\t\t\t\t\t\t\t\t\t<\/div>\n\t\t\t<\/div>\n\t\t\t\t\t<\/div>\n\t\t","protected":false},"excerpt":{"rendered":"<p>scrubimed.sk<\/p>\n","protected":false},"author":1,"featured_media":0,"parent":0,"menu_order":0,"comment_status":"closed","ping_status":"closed","template":"","meta":{"_mi_skip_tracking":false,"_monsterinsights_sitenote_active":false,"_monsterinsights_sitenote_note":"","_monsterinsights_sitenote_category":0,"spay_email":""},"_links":{"self":[{"href":"https:\/\/www.scrubimed.sk\/de\/wp-json\/wp\/v2\/pages\/24733"}],"collection":[{"href":"https:\/\/www.scrubimed.sk\/de\/wp-json\/wp\/v2\/pages"}],"about":[{"href":"https:\/\/www.scrubimed.sk\/de\/wp-json\/wp\/v2\/types\/page"}],"author":[{"embeddable":true,"href":"https:\/\/www.scrubimed.sk\/de\/wp-json\/wp\/v2\/users\/1"}],"replies":[{"embeddable":true,"href":"https:\/\/www.scrubimed.sk\/de\/wp-json\/wp\/v2\/comments?post=24733"}],"version-history":[{"count":8,"href":"https:\/\/www.scrubimed.sk\/de\/wp-json\/wp\/v2\/pages\/24733\/revisions"}],"predecessor-version":[{"id":30836,"href":"https:\/\/www.scrubimed.sk\/de\/wp-json\/wp\/v2\/pages\/24733\/revisions\/30836"}],"wp:attachment":[{"href":"https:\/\/www.scrubimed.sk\/de\/wp-json\/wp\/v2\/media?parent=24733"}],"curies":[{"name":"wp","href":"https:\/\/api.w.org\/{rel}","templated":true}]}}