{"id":9244,"date":"2019-12-04T22:21:47","date_gmt":"2019-12-04T21:21:47","guid":{"rendered":"https:\/\/www.scrubimed.sk\/?post_type=product&#038;p=9244"},"modified":"2025-05-29T10:36:43","modified_gmt":"2025-05-29T08:36:43","slug":"panska-klasicka-kosela","status":"publish","type":"product","link":"https:\/\/www.scrubimed.sk\/cs\/produkt\/panska-klasicka-kosela\/","title":{"rendered":"P\u00e1nska klasick\u00e1 doktorsk\u00e1 ko\u0161e\u013ea"},"content":{"rendered":"<p>o<\/p>\n","protected":false},"excerpt":{"rendered":"<ul>\n<li>100% bavlna<\/li>\n<li>Vyroben\u00e9 na Slovensku<\/li>\n<li>Ve\u013ekos\u0165 tohto oble\u010denia je porovnate\u013en\u00e1 s be\u017en\u00fdm eur\u00f3pskym \u010d\u00edslovan\u00edm<\/li>\n<\/ul>\n","protected":false},"featured_media":9250,"comment_status":"open","ping_status":"closed","template":"","meta":{"_mi_skip_tracking":false,"_monsterinsights_sitenote_active":false,"_monsterinsights_sitenote_note":"","_monsterinsights_sitenote_category":0,"spay_email":""},"product_cat":[42,227],"product_tag":[],"_links":{"self":[{"href":"https:\/\/www.scrubimed.sk\/cs\/wp-json\/wp\/v2\/product\/9244"}],"collection":[{"href":"https:\/\/www.scrubimed.sk\/cs\/wp-json\/wp\/v2\/product"}],"about":[{"href":"https:\/\/www.scrubimed.sk\/cs\/wp-json\/wp\/v2\/types\/product"}],"replies":[{"embeddable":true,"href":"https:\/\/www.scrubimed.sk\/cs\/wp-json\/wp\/v2\/comments?post=9244"}],"wp:featuredmedia":[{"embeddable":true,"href":"https:\/\/www.scrubimed.sk\/cs\/wp-json\/wp\/v2\/media\/9250"}],"wp:attachment":[{"href":"https:\/\/www.scrubimed.sk\/cs\/wp-json\/wp\/v2\/media?parent=9244"}],"wp:term":[{"taxonomy":"product_cat","embeddable":true,"href":"https:\/\/www.scrubimed.sk\/cs\/wp-json\/wp\/v2\/product_cat?post=9244"},{"taxonomy":"product_tag","embeddable":true,"href":"https:\/\/www.scrubimed.sk\/cs\/wp-json\/wp\/v2\/product_tag?post=9244"}],"curies":[{"name":"wp","href":"https:\/\/api.w.org\/{rel}","templated":true}]}}