{"id":7924,"date":"2019-11-02T18:24:15","date_gmt":"2019-11-02T17:24:15","guid":{"rendered":"https:\/\/www.scrubimed.sk\/?post_type=product&#038;p=7924"},"modified":"2022-09-20T07:07:05","modified_gmt":"2022-09-20T05:07:05","slug":"vesela-kosela-granko","status":"publish","type":"product","link":"https:\/\/www.scrubimed.sk\/cs\/produkt\/vesela-kosela-granko\/","title":{"rendered":"Vesel\u00e1 Ko\u0161e\u013ea &#8211; Granko"},"content":{"rendered":"<p>.<\/p>\n","protected":false},"excerpt":{"rendered":"<p>&nbsp;<\/p>\n<ul>\n<li>100% bavlna<\/li>\n<li>Pred objednan\u00edm skontrolujte ve\u013ekostn\u00fa tabu\u013eku<\/li>\n<\/ul>\n","protected":false},"featured_media":8010,"comment_status":"open","ping_status":"closed","template":"","meta":{"_mi_skip_tracking":false,"_monsterinsights_sitenote_active":false,"_monsterinsights_sitenote_note":"","_monsterinsights_sitenote_category":0,"spay_email":""},"product_cat":[42,43],"product_tag":[],"_links":{"self":[{"href":"https:\/\/www.scrubimed.sk\/cs\/wp-json\/wp\/v2\/product\/7924"}],"collection":[{"href":"https:\/\/www.scrubimed.sk\/cs\/wp-json\/wp\/v2\/product"}],"about":[{"href":"https:\/\/www.scrubimed.sk\/cs\/wp-json\/wp\/v2\/types\/product"}],"replies":[{"embeddable":true,"href":"https:\/\/www.scrubimed.sk\/cs\/wp-json\/wp\/v2\/comments?post=7924"}],"wp:featuredmedia":[{"embeddable":true,"href":"https:\/\/www.scrubimed.sk\/cs\/wp-json\/wp\/v2\/media\/8010"}],"wp:attachment":[{"href":"https:\/\/www.scrubimed.sk\/cs\/wp-json\/wp\/v2\/media?parent=7924"}],"wp:term":[{"taxonomy":"product_cat","embeddable":true,"href":"https:\/\/www.scrubimed.sk\/cs\/wp-json\/wp\/v2\/product_cat?post=7924"},{"taxonomy":"product_tag","embeddable":true,"href":"https:\/\/www.scrubimed.sk\/cs\/wp-json\/wp\/v2\/product_tag?post=7924"}],"curies":[{"name":"wp","href":"https:\/\/api.w.org\/{rel}","templated":true}]}}