{"id":50782,"date":"2023-03-31T09:23:54","date_gmt":"2023-03-31T07:23:54","guid":{"rendered":"https:\/\/www.scrubimed.sk\/?post_type=product&#038;p=50782"},"modified":"2024-11-02T09:49:59","modified_gmt":"2024-11-02T08:49:59","slug":"tricko-preliecene-neurony","status":"publish","type":"product","link":"https:\/\/www.scrubimed.sk\/cs\/produkt\/tricko-preliecene-neurony\/","title":{"rendered":"Tri\u010dko &#8211; Prelie\u010den\u00e9 neur\u00f3ny"},"content":{"rendered":"<p><img class=\"alignnone size-full wp-image-35644\" src=\"https:\/\/www.scrubimed.sk\/wp-content\/uploads\/2021\/09\/tricko-velkostna-tabulka-scaled.jpg\" alt=\"\" width=\"1021\" height=\"1024\" srcset=\"https:\/\/www.scrubimed.sk\/wp-content\/uploads\/2021\/09\/tricko-velkostna-tabulka-scaled.jpg 1021w, https:\/\/www.scrubimed.sk\/wp-content\/uploads\/2021\/09\/tricko-velkostna-tabulka-300x300.jpg 300w, https:\/\/www.scrubimed.sk\/wp-content\/uploads\/2021\/09\/tricko-velkostna-tabulka-150x150.jpg 150w, https:\/\/www.scrubimed.sk\/wp-content\/uploads\/2021\/09\/tricko-velkostna-tabulka-768x770.jpg 768w, https:\/\/www.scrubimed.sk\/wp-content\/uploads\/2021\/09\/tricko-velkostna-tabulka-1531x1536.jpg 1531w, https:\/\/www.scrubimed.sk\/wp-content\/uploads\/2021\/09\/tricko-velkostna-tabulka-2042x2048.jpg 2042w, https:\/\/www.scrubimed.sk\/wp-content\/uploads\/2021\/09\/tricko-velkostna-tabulka-510x512.jpg 510w, https:\/\/www.scrubimed.sk\/wp-content\/uploads\/2021\/09\/tricko-velkostna-tabulka-100x100.jpg 100w, https:\/\/www.scrubimed.sk\/wp-content\/uploads\/2021\/09\/tricko-velkostna-tabulka-60x60.jpg 60w, https:\/\/www.scrubimed.sk\/wp-content\/uploads\/2021\/09\/tricko-velkostna-tabulka-90x90.jpg 90w\" sizes=\"(max-width: 1021px) 100vw, 1021px\" \/><\/p>\n","protected":false},"excerpt":{"rendered":"<ul>\n<li>Bavlnen\u00e9 tri\u010dko so z\u00e1bavnou potla\u010dou<\/li>\n<li>Zauj\u00edmav\u00fd k\u00fasok do \u0161atn\u00edka alebo dar\u010dk pre zdravotn\u00edkov<\/li>\n<li>Origin\u00e1lny v\u00fdrobok od scrubimed.sk<\/li>\n<li>Odpor\u00fa\u010dame pra\u0165 na 40 stup\u0148ov<\/li>\n<li>Ve\u013ekostn\u00e1 tabu\u013eka sa nach\u00e1dza ni\u017e\u0161ie<\/li>\n<\/ul>\n","protected":false},"featured_media":50784,"comment_status":"open","ping_status":"closed","template":"","meta":{"_mi_skip_tracking":false,"_monsterinsights_sitenote_active":false,"_monsterinsights_sitenote_note":"","_monsterinsights_sitenote_category":0,"spay_email":""},"product_cat":[1264],"product_tag":[],"_links":{"self":[{"href":"https:\/\/www.scrubimed.sk\/cs\/wp-json\/wp\/v2\/product\/50782"}],"collection":[{"href":"https:\/\/www.scrubimed.sk\/cs\/wp-json\/wp\/v2\/product"}],"about":[{"href":"https:\/\/www.scrubimed.sk\/cs\/wp-json\/wp\/v2\/types\/product"}],"replies":[{"embeddable":true,"href":"https:\/\/www.scrubimed.sk\/cs\/wp-json\/wp\/v2\/comments?post=50782"}],"wp:featuredmedia":[{"embeddable":true,"href":"https:\/\/www.scrubimed.sk\/cs\/wp-json\/wp\/v2\/media\/50784"}],"wp:attachment":[{"href":"https:\/\/www.scrubimed.sk\/cs\/wp-json\/wp\/v2\/media?parent=50782"}],"wp:term":[{"taxonomy":"product_cat","embeddable":true,"href":"https:\/\/www.scrubimed.sk\/cs\/wp-json\/wp\/v2\/product_cat?post=50782"},{"taxonomy":"product_tag","embeddable":true,"href":"https:\/\/www.scrubimed.sk\/cs\/wp-json\/wp\/v2\/product_tag?post=50782"}],"curies":[{"name":"wp","href":"https:\/\/api.w.org\/{rel}","templated":true}]}}