{"id":48766,"date":"2023-01-13T09:06:11","date_gmt":"2023-01-13T08:06:11","guid":{"rendered":"https:\/\/www.scrubimed.sk\/?post_type=product&#038;p=48766"},"modified":"2026-02-28T07:20:31","modified_gmt":"2026-02-28T06:20:31","slug":"zdravotnicka-kolekcia-classic-deep-blue","status":"publish","type":"product","link":"https:\/\/www.scrubimed.sk\/cs\/produkt\/zdravotnicka-kolekcia-classic-deep-blue\/","title":{"rendered":"Zdravotn\u00edcka kolekcia Classic &#8211; Deep blue"},"content":{"rendered":"<p><img class=\"alignnone wp-image-44545\" src=\"https:\/\/www.scrubimed.sk\/wp-content\/uploads\/2022\/08\/OVERENY-ESHOP-SCRUBIMED.SK_.png\" alt=\"\" width=\"164\" height=\"157\" srcset=\"https:\/\/www.scrubimed.sk\/wp-content\/uploads\/2022\/08\/OVERENY-ESHOP-SCRUBIMED.SK_.png 1024w, https:\/\/www.scrubimed.sk\/wp-content\/uploads\/2022\/08\/OVERENY-ESHOP-SCRUBIMED.SK_-300x288.png 300w, https:\/\/www.scrubimed.sk\/wp-content\/uploads\/2022\/08\/OVERENY-ESHOP-SCRUBIMED.SK_-768x738.png 768w, https:\/\/www.scrubimed.sk\/wp-content\/uploads\/2022\/08\/OVERENY-ESHOP-SCRUBIMED.SK_-1536x1476.png 1536w, https:\/\/www.scrubimed.sk\/wp-content\/uploads\/2022\/08\/OVERENY-ESHOP-SCRUBIMED.SK_-2048x1968.png 2048w, https:\/\/www.scrubimed.sk\/wp-content\/uploads\/2022\/08\/OVERENY-ESHOP-SCRUBIMED.SK_-510x490.png 510w, https:\/\/www.scrubimed.sk\/wp-content\/uploads\/2022\/08\/OVERENY-ESHOP-SCRUBIMED.SK_-62x60.png 62w, https:\/\/www.scrubimed.sk\/wp-content\/uploads\/2022\/08\/OVERENY-ESHOP-SCRUBIMED.SK_-94x90.png 94w\" sizes=\"(max-width: 164px) 100vw, 164px\" \/> <img class=\"alignnone wp-image-44548\" src=\"https:\/\/www.scrubimed.sk\/wp-content\/uploads\/2022\/08\/5-STARS-RATING-SCRUBIMED.SK_.png\" alt=\"\" width=\"223\" height=\"42\" srcset=\"https:\/\/www.scrubimed.sk\/wp-content\/uploads\/2022\/08\/5-STARS-RATING-SCRUBIMED.SK_.png 1024w, https:\/\/www.scrubimed.sk\/wp-content\/uploads\/2022\/08\/5-STARS-RATING-SCRUBIMED.SK_-300x57.png 300w, https:\/\/www.scrubimed.sk\/wp-content\/uploads\/2022\/08\/5-STARS-RATING-SCRUBIMED.SK_-768x145.png 768w, https:\/\/www.scrubimed.sk\/wp-content\/uploads\/2022\/08\/5-STARS-RATING-SCRUBIMED.SK_-1536x291.png 1536w, https:\/\/www.scrubimed.sk\/wp-content\/uploads\/2022\/08\/5-STARS-RATING-SCRUBIMED.SK_-2048x388.png 2048w, https:\/\/www.scrubimed.sk\/wp-content\/uploads\/2022\/08\/5-STARS-RATING-SCRUBIMED.SK_-510x97.png 510w, https:\/\/www.scrubimed.sk\/wp-content\/uploads\/2022\/08\/5-STARS-RATING-SCRUBIMED.SK_-190x36.png 190w, https:\/\/www.scrubimed.sk\/wp-content\/uploads\/2022\/08\/5-STARS-RATING-SCRUBIMED.SK_-475x90.png 475w\" sizes=\"(max-width: 223px) 100vw, 223px\" \/><\/p>\n<p><span style=\"font-size: 115%\"><strong>Z kolekcie Classic si vyberte:<\/strong><\/span><\/p>\n<p>Jednofarebn\u00e1 <strong>zdravotn\u00edcka ko\u0161e\u013ea<\/strong> z bavlnen\u00e9ho pl\u00e1tna je jedn\u00fdm z najob\u013e\u00fabenej\u0161\u00edch produktov v\u00f4bec. Zdravotn\u00edci z cel\u00e9ho Slovenska a \u010ceska si u\u017e\u00edvaj\u00fa komfort, kvalitu a kr\u00e1sne farby tohto odevu. Ak pri pr\u00e1ci preferujete maxim\u00e1lne pohodlie, praktick\u00fd strih a optim\u00e1lnu termoregul\u00e1ciu, ktor\u00fa zaru\u010duje akostn\u00e1 bavlna, tak je pre v\u00e1s Zdravotn\u00edcka ko\u0161e\u013ea Classic perfektn\u00fdm rie\u0161en\u00edm.<\/p>\n<p>Klasick\u00e9 <strong>zdravotn\u00edcke nohavice<\/strong> z kvalitn\u00e9ho bavlnen\u00e9ho pl\u00e1tna. Vycibren\u00fd strih, poctiv\u00e9 spracovanie v kombin\u00e1cii s akostn\u00fdmi materi\u00e1lmi v\u00e1m zaru\u010dia potrebn\u00fd komfort a trv\u00e1cnos\u0165 pri pr\u00e1ci v zdravotn\u00edctve. Dve bo\u010dn\u00e9 a jedno zadn\u00e9 vrecko umoc\u0148uj\u00fa praktickos\u0165. Kr\u00e1sne farby s\u00fa u\u017e len \u010dere\u0161ni\u010dkou na torte. Vychutnajte si ka\u017edodenn\u00fd p\u00f4\u017eitok z obliekania si najpohodlnej\u0161ieho zdravotn\u00edckeho oble\u010denia.<\/p>\n<p>Overen\u00e9, osved\u010den\u00e9 a ob\u013e\u00faben\u00e9 <strong>zdravotn\u00edcke \u0161aty<\/strong> z pr\u00edjemn\u00e9ho bavlnen\u00e9ho pl\u00e1tna. Poskytuj\u00fa funk\u010dnos\u0165, vzdu\u0161nos\u0165, praktickos\u0165, komfort aj skvel\u00fd dizajn pre v\u00e1\u0161 profesion\u00e1lny modern\u00fd vzh\u013ead. Skvel\u00e1 vo\u013eba najm\u00e4 do letn\u00fdch mesiacov.<\/p>\n<p><strong>Chirurgick\u00e1 \u010diapka<\/strong> z kvalitn\u00e9ho bavlnen\u00e9ho pl\u00e1tna. Ocen\u00edte jej antialerg\u00e9nny charakter a vysok\u00fa savos\u0165. \u010ciapka, ktor\u00e1 v\u00e1s nesklame po\u010das \u017eiadneho vy\u0161etrenia \u010di z\u00e1kroku.<\/p>\n<p><strong>Skr\u00e1ten\u00e9 zdravotn\u00edcke nohavice<\/strong> z kvalitn\u00e9ho bavlnen\u00e9ho pl\u00e1tna. Vycibren\u00fd strih, poctiv\u00e9 spracovanie v kombin\u00e1cii s akostn\u00fdmi materi\u00e1lmi v\u00e1m zaru\u010dia potrebn\u00fd komfort a trv\u00e1cnos\u0165 pri pr\u00e1ci v zdravotn\u00edctve. Dve bo\u010dn\u00e9 a jedno zadn\u00e9 vrecko umoc\u0148uj\u00fa praktickos\u0165. Kr\u00e1sne farby s\u00fa u\u017e len \u010dere\u0161ni\u010dkou na torte. Vychutnajte si ka\u017edodenn\u00fd p\u00f4\u017eitok z obliekania si najpohodlnej\u0161ieho zdravotn\u00edckeho oble\u010denia.<\/p>\n<p><strong>Zdravotn\u00edcka suk\u0148a<\/strong> z kvalitn\u00e9ho bavlnen\u00e9ho pl\u00e1tna. Doprajte si osvie\u017euj\u00face pohodlie. Prec\u00edzne spracovan\u00e1 suk\u0148a na v\u00e1s bude vyzera\u0165 skvele a v\u010faka premyslen\u00e9mu strihu s vreckami bude aj ve\u013emi praktick\u00e1. Oble\u010dte si nov\u00fa zdravotn\u00edcku suk\u0148u a spravte si z ka\u017ed\u00e9ho d\u0148a mal\u00fa oslavu \u017eivota.<\/p>\n<p>V kolekcii Classic n\u00e1jdete kvalitn\u00e9 zdravotn\u00edcke oble\u010denie u\u0161it\u00e9 na Slovensku zo 100% bavlnen\u00e9ho pl\u00e1tna. Tieto odevy sa okrem nad\u0161tandardn\u00e9ho komfortu vyzna\u010duj\u00fa antialerg\u00e9nnymi a skvel\u00fdmi termoregula\u010dn\u00fdmi vlastnos\u0165ami v chladnom i teplom prostred\u00ed.<\/p>\n<ul>\n<li>Pohodlne si vytvorte objedn\u00e1vku a nechajte si oble\u010denie doru\u010di\u0165 k v\u00e1m domov \u010di do pr\u00e1ce.<\/li>\n<li>\u010ee\u0148 pred doru\u010den\u00edm budete upozornen\u00ed cez mail.<\/li>\n<li>V de\u0148 doru\u010denia v\u00e1m bude vola\u0165 kuri\u00e9r. Ak by sa stalo, \u017ee v danom term\u00edne nebudete m\u00f4c\u0165 bal\u00ed\u010dek prebra\u0165, jednoducho sa s kuri\u00e9rom dohodnete na inom dni doru\u010denia:)<\/li>\n<li>Ak by oble\u010denie z ak\u00e9hoko\u013evek d\u00f4vodu nevyhovovalo, vymen\u00edme v\u00e1m ho za in\u00e9 alebo n\u00e1m ho vr\u00e1tite:)<\/li>\n<\/ul>\n<p>V\u00e1\u017eime si, \u017ee ste sa rozhodli spravi\u0165 si rados\u0165 prostredn\u00edctvom scrubimed.sk<\/p>\n<p>&nbsp;<\/p>\n<p>Ak by ste mali ak\u00e9ko\u013evek ot\u00e1zky, dotazy \u010di pripomienky, kontaktujte n\u00e1s:<\/p>\n<p><strong>0907 368 756<\/strong><\/p>\n<p><strong>info@scrubimed.sk<\/strong><\/p>\n","protected":false},"excerpt":{"rendered":"<p><img class=\"alignnone wp-image-44536\" src=\"https:\/\/www.scrubimed.sk\/wp-content\/uploads\/2022\/08\/SLOVENSKA-VYROBA-100-BAVLNA.png\" alt=\"\" width=\"209\" height=\"122\" srcset=\"https:\/\/www.scrubimed.sk\/wp-content\/uploads\/2022\/08\/SLOVENSKA-VYROBA-100-BAVLNA.png 1024w, https:\/\/www.scrubimed.sk\/wp-content\/uploads\/2022\/08\/SLOVENSKA-VYROBA-100-BAVLNA-300x176.png 300w, https:\/\/www.scrubimed.sk\/wp-content\/uploads\/2022\/08\/SLOVENSKA-VYROBA-100-BAVLNA-768x450.png 768w, https:\/\/www.scrubimed.sk\/wp-content\/uploads\/2022\/08\/SLOVENSKA-VYROBA-100-BAVLNA-1536x900.png 1536w, https:\/\/www.scrubimed.sk\/wp-content\/uploads\/2022\/08\/SLOVENSKA-VYROBA-100-BAVLNA-2048x1201.png 2048w, https:\/\/www.scrubimed.sk\/wp-content\/uploads\/2022\/08\/SLOVENSKA-VYROBA-100-BAVLNA-510x299.png 510w, https:\/\/www.scrubimed.sk\/wp-content\/uploads\/2022\/08\/SLOVENSKA-VYROBA-100-BAVLNA-102x60.png 102w, https:\/\/www.scrubimed.sk\/wp-content\/uploads\/2022\/08\/SLOVENSKA-VYROBA-100-BAVLNA-154x90.png 154w\" sizes=\"(max-width: 209px) 100vw, 209px\" \/><\/p>\n<ul>\n<li>Poctiv\u00e1 kvalitn\u00e1 ru\u010dn\u00e1 v\u00fdroba<\/li>\n<li>Nohavice aj sukne maj\u00fa 3 vreck\u00e1 a p\u00e1s na gumu<\/li>\n<li>Ko\u0161ele maj\u00fa 3 vreck\u00e1<\/li>\n<li>Kvalitn\u00fd pohodln\u00fd materi\u00e1l vhodn\u00fd na leto i zimu<\/li>\n<li>Fotografie v gal\u00e9rii s\u00fa ilustrat\u00edvne, farba oble\u010denia zodpoved\u00e1 \u00favodn\u00e9mu obr\u00e1zku<\/li>\n<li>130 g\/m2<\/li>\n<\/ul>\n","protected":false},"featured_media":48486,"comment_status":"open","ping_status":"closed","template":"","meta":{"_mi_skip_tracking":false,"_monsterinsights_sitenote_active":false,"_monsterinsights_sitenote_note":"","_monsterinsights_sitenote_category":0,"spay_email":""},"product_cat":[40,237,1525,42,81,78,227,230,200,231,235],"product_tag":[],"_links":{"self":[{"href":"https:\/\/www.scrubimed.sk\/cs\/wp-json\/wp\/v2\/product\/48766"}],"collection":[{"href":"https:\/\/www.scrubimed.sk\/cs\/wp-json\/wp\/v2\/product"}],"about":[{"href":"https:\/\/www.scrubimed.sk\/cs\/wp-json\/wp\/v2\/types\/product"}],"replies":[{"embeddable":true,"href":"https:\/\/www.scrubimed.sk\/cs\/wp-json\/wp\/v2\/comments?post=48766"}],"wp:featuredmedia":[{"embeddable":true,"href":"https:\/\/www.scrubimed.sk\/cs\/wp-json\/wp\/v2\/media\/48486"}],"wp:attachment":[{"href":"https:\/\/www.scrubimed.sk\/cs\/wp-json\/wp\/v2\/media?parent=48766"}],"wp:term":[{"taxonomy":"product_cat","embeddable":true,"href":"https:\/\/www.scrubimed.sk\/cs\/wp-json\/wp\/v2\/product_cat?post=48766"},{"taxonomy":"product_tag","embeddable":true,"href":"https:\/\/www.scrubimed.sk\/cs\/wp-json\/wp\/v2\/product_tag?post=48766"}],"curies":[{"name":"wp","href":"https:\/\/api.w.org\/{rel}","templated":true}]}}