{"id":46738,"date":"2022-11-06T11:42:55","date_gmt":"2022-11-06T10:42:55","guid":{"rendered":"https:\/\/www.scrubimed.sk\/?post_type=product&#038;p=46738"},"modified":"2024-03-10T04:01:09","modified_gmt":"2024-03-10T03:01:09","slug":"sada-detskych-triciek-interaktivne-cisla","status":"publish","type":"product","link":"https:\/\/www.scrubimed.sk\/cs\/produkt\/sada-detskych-triciek-interaktivne-cisla\/","title":{"rendered":"Sada detsk\u00fdch tri\u010diek &#8211; Interakt\u00edvne \u010d\u00edsla"},"content":{"rendered":"<p><img class=\"alignnone size-full wp-image-46749\" src=\"https:\/\/www.scrubimed.sk\/wp-content\/uploads\/2022\/11\/navod-na-hry-s-cislami.png\" alt=\"\" width=\"720\" height=\"1024\" srcset=\"https:\/\/www.scrubimed.sk\/wp-content\/uploads\/2022\/11\/navod-na-hry-s-cislami.png 720w, https:\/\/www.scrubimed.sk\/wp-content\/uploads\/2022\/11\/navod-na-hry-s-cislami-211x300.png 211w, https:\/\/www.scrubimed.sk\/wp-content\/uploads\/2022\/11\/navod-na-hry-s-cislami-768x1092.png 768w, https:\/\/www.scrubimed.sk\/wp-content\/uploads\/2022\/11\/navod-na-hry-s-cislami-1080x1536.png 1080w, https:\/\/www.scrubimed.sk\/wp-content\/uploads\/2022\/11\/navod-na-hry-s-cislami-1440x2048.png 1440w, https:\/\/www.scrubimed.sk\/wp-content\/uploads\/2022\/11\/navod-na-hry-s-cislami-510x725.png 510w, https:\/\/www.scrubimed.sk\/wp-content\/uploads\/2022\/11\/navod-na-hry-s-cislami-42x60.png 42w, https:\/\/www.scrubimed.sk\/wp-content\/uploads\/2022\/11\/navod-na-hry-s-cislami-63x90.png 63w\" sizes=\"(max-width: 720px) 100vw, 720px\" \/><\/p>\n<p><img class=\"alignnone size-full wp-image-46743\" src=\"https:\/\/www.scrubimed.sk\/wp-content\/uploads\/2022\/11\/velkost-detskeho-tricka.png\" alt=\"\" width=\"841\" height=\"1024\" srcset=\"https:\/\/www.scrubimed.sk\/wp-content\/uploads\/2022\/11\/velkost-detskeho-tricka.png 841w, https:\/\/www.scrubimed.sk\/wp-content\/uploads\/2022\/11\/velkost-detskeho-tricka-246x300.png 246w, https:\/\/www.scrubimed.sk\/wp-content\/uploads\/2022\/11\/velkost-detskeho-tricka-768x935.png 768w, https:\/\/www.scrubimed.sk\/wp-content\/uploads\/2022\/11\/velkost-detskeho-tricka-1261x1536.png 1261w, https:\/\/www.scrubimed.sk\/wp-content\/uploads\/2022\/11\/velkost-detskeho-tricka-510x621.png 510w, https:\/\/www.scrubimed.sk\/wp-content\/uploads\/2022\/11\/velkost-detskeho-tricka-49x60.png 49w, https:\/\/www.scrubimed.sk\/wp-content\/uploads\/2022\/11\/velkost-detskeho-tricka-74x90.png 74w\" sizes=\"(max-width: 841px) 100vw, 841px\" \/><\/p>\n","protected":false},"excerpt":{"rendered":"<ul>\n<li>Bavlnen\u00e9 detsk\u00e9 tri\u010dk\u00e1<\/li>\n<li>15 tri\u010diek v balen\u00ed<\/li>\n<li>Mno\u017estvo eduka\u010dn\u00fdch interakt\u00edvnych hier<\/li>\n<li>Mo\u0165nos\u0165 v\u00fdberu farby tri\u010diek<\/li>\n<li>N\u00e1vod na hry je s\u00fa\u010das\u0165ou balenia<\/li>\n<\/ul>\n","protected":false},"featured_media":46740,"comment_status":"open","ping_status":"closed","template":"","meta":{"_mi_skip_tracking":false,"_monsterinsights_sitenote_active":false,"_monsterinsights_sitenote_note":"","_monsterinsights_sitenote_category":0,"spay_email":""},"product_cat":[1351,1603],"product_tag":[],"_links":{"self":[{"href":"https:\/\/www.scrubimed.sk\/cs\/wp-json\/wp\/v2\/product\/46738"}],"collection":[{"href":"https:\/\/www.scrubimed.sk\/cs\/wp-json\/wp\/v2\/product"}],"about":[{"href":"https:\/\/www.scrubimed.sk\/cs\/wp-json\/wp\/v2\/types\/product"}],"replies":[{"embeddable":true,"href":"https:\/\/www.scrubimed.sk\/cs\/wp-json\/wp\/v2\/comments?post=46738"}],"wp:featuredmedia":[{"embeddable":true,"href":"https:\/\/www.scrubimed.sk\/cs\/wp-json\/wp\/v2\/media\/46740"}],"wp:attachment":[{"href":"https:\/\/www.scrubimed.sk\/cs\/wp-json\/wp\/v2\/media?parent=46738"}],"wp:term":[{"taxonomy":"product_cat","embeddable":true,"href":"https:\/\/www.scrubimed.sk\/cs\/wp-json\/wp\/v2\/product_cat?post=46738"},{"taxonomy":"product_tag","embeddable":true,"href":"https:\/\/www.scrubimed.sk\/cs\/wp-json\/wp\/v2\/product_tag?post=46738"}],"curies":[{"name":"wp","href":"https:\/\/api.w.org\/{rel}","templated":true}]}}