{"id":46580,"date":"2022-10-31T13:59:36","date_gmt":"2022-10-31T12:59:36","guid":{"rendered":"https:\/\/www.scrubimed.sk\/?post_type=product&#038;p=46580"},"modified":"2022-12-14T10:46:59","modified_gmt":"2022-12-14T09:46:59","slug":"nohavice-flexi-svetlo-ruzove","status":"publish","type":"product","link":"https:\/\/www.scrubimed.sk\/cs\/produkt\/nohavice-flexi-svetlo-ruzove\/","title":{"rendered":"Nohavice Flexi &#8211; Svetlo ru\u017eov\u00e9"},"content":{"rendered":"<p><img class=\"alignnone wp-image-31338\" src=\"https:\/\/www.scrubimed.sk\/wp-content\/uploads\/2019\/10\/garancia-najnizssej-ceny.png\" alt=\"\" width=\"160\" height=\"167\" srcset=\"https:\/\/www.scrubimed.sk\/wp-content\/uploads\/2019\/10\/garancia-najnizssej-ceny.png 840w, https:\/\/www.scrubimed.sk\/wp-content\/uploads\/2019\/10\/garancia-najnizssej-ceny-286x300.png 286w, https:\/\/www.scrubimed.sk\/wp-content\/uploads\/2019\/10\/garancia-najnizssej-ceny-768x805.png 768w, https:\/\/www.scrubimed.sk\/wp-content\/uploads\/2019\/10\/garancia-najnizssej-ceny-510x534.png 510w, https:\/\/www.scrubimed.sk\/wp-content\/uploads\/2019\/10\/garancia-najnizssej-ceny-57x60.png 57w, https:\/\/www.scrubimed.sk\/wp-content\/uploads\/2019\/10\/garancia-najnizssej-ceny-86x90.png 86w\" sizes=\"(max-width: 160px) 100vw, 160px\" \/><img class=\"alignnone wp-image-31334\" src=\"https:\/\/www.scrubimed.sk\/wp-content\/uploads\/2019\/10\/100-original.png\" alt=\"\" width=\"175\" height=\"142\" srcset=\"https:\/\/www.scrubimed.sk\/wp-content\/uploads\/2019\/10\/100-original.png 820w, https:\/\/www.scrubimed.sk\/wp-content\/uploads\/2019\/10\/100-original-300x245.png 300w, https:\/\/www.scrubimed.sk\/wp-content\/uploads\/2019\/10\/100-original-768x627.png 768w, https:\/\/www.scrubimed.sk\/wp-content\/uploads\/2019\/10\/100-original-510x416.png 510w, https:\/\/www.scrubimed.sk\/wp-content\/uploads\/2019\/10\/100-original-74x60.png 74w, https:\/\/www.scrubimed.sk\/wp-content\/uploads\/2019\/10\/100-original-110x90.png 110w\" sizes=\"(max-width: 175px) 100vw, 175px\" \/><\/p>\n<p><img class=\"alignnone wp-image-31330\" src=\"https:\/\/www.scrubimed.sk\/wp-content\/uploads\/2019\/10\/unnamed-1.jpg\" alt=\"\" width=\"219\" height=\"47\" srcset=\"https:\/\/www.scrubimed.sk\/wp-content\/uploads\/2019\/10\/unnamed-1.jpg 512w, https:\/\/www.scrubimed.sk\/wp-content\/uploads\/2019\/10\/unnamed-1-300x64.jpg 300w, https:\/\/www.scrubimed.sk\/wp-content\/uploads\/2019\/10\/unnamed-1-510x110.jpg 510w, https:\/\/www.scrubimed.sk\/wp-content\/uploads\/2019\/10\/unnamed-1-190x41.jpg 190w, https:\/\/www.scrubimed.sk\/wp-content\/uploads\/2019\/10\/unnamed-1-419x90.jpg 419w\" sizes=\"(max-width: 219px) 100vw, 219px\" \/><\/p>\n<p>&nbsp;<\/p>\n<p>Origin\u00e1lne zdravotn\u00edcke nohavice vyroben\u00e9 \u0161ikovn\u00fdmi slovensk\u00fdmi rukami. Materi\u00e1l pripom\u00edna tepl\u00e1ky. Ve\u013emi pohodln\u00e9 a \u0161t\u00fdlov\u00e9 oble\u010denie, v ktorom si u\u017eijete maxim\u00e1lny komfort pri\u010dom z\u00e1rove\u0148 zv\u00fdrazn\u00edte svoju v\u00fdnimo\u010dnos\u0165:)<\/p>\n","protected":false},"excerpt":{"rendered":"<p>&nbsp;<\/p>\n<ul>\n<li>Vyroben\u00e9 v slovensk\u00fdch diel\u0148ach<\/li>\n<li>100% bavlna &#8211; elastick\u00fd \u00faplet<\/li>\n<li>Kvalitn\u00e9 zdravotn\u00edcke oble\u010denie<\/li>\n<li>Pred objednan\u00edm skontrolujte ve\u013ekostn\u00fa tabu\u013eku<\/li>\n<\/ul>\n","protected":false},"featured_media":46584,"comment_status":"open","ping_status":"closed","template":"","meta":{"_mi_skip_tracking":false,"_monsterinsights_sitenote_active":false,"_monsterinsights_sitenote_note":"","_monsterinsights_sitenote_category":0,"spay_email":""},"product_cat":[1259,237,1574,81,227,230],"product_tag":[],"_links":{"self":[{"href":"https:\/\/www.scrubimed.sk\/cs\/wp-json\/wp\/v2\/product\/46580"}],"collection":[{"href":"https:\/\/www.scrubimed.sk\/cs\/wp-json\/wp\/v2\/product"}],"about":[{"href":"https:\/\/www.scrubimed.sk\/cs\/wp-json\/wp\/v2\/types\/product"}],"replies":[{"embeddable":true,"href":"https:\/\/www.scrubimed.sk\/cs\/wp-json\/wp\/v2\/comments?post=46580"}],"wp:featuredmedia":[{"embeddable":true,"href":"https:\/\/www.scrubimed.sk\/cs\/wp-json\/wp\/v2\/media\/46584"}],"wp:attachment":[{"href":"https:\/\/www.scrubimed.sk\/cs\/wp-json\/wp\/v2\/media?parent=46580"}],"wp:term":[{"taxonomy":"product_cat","embeddable":true,"href":"https:\/\/www.scrubimed.sk\/cs\/wp-json\/wp\/v2\/product_cat?post=46580"},{"taxonomy":"product_tag","embeddable":true,"href":"https:\/\/www.scrubimed.sk\/cs\/wp-json\/wp\/v2\/product_tag?post=46580"}],"curies":[{"name":"wp","href":"https:\/\/api.w.org\/{rel}","templated":true}]}}