{"id":46256,"date":"2022-10-19T15:09:47","date_gmt":"2022-10-19T13:09:47","guid":{"rendered":"https:\/\/www.scrubimed.sk\/?post_type=product&#038;p=46256"},"modified":"2022-10-19T15:11:03","modified_gmt":"2022-10-19T13:11:03","slug":"twister-slovenska-zdravotnicka","status":"publish","type":"product","link":"https:\/\/www.scrubimed.sk\/cs\/produkt\/twister-slovenska-zdravotnicka\/","title":{"rendered":"Twister &#8211; Slovensk\u00e1 zdravotn\u00ed\u010dka"},"content":{"rendered":"","protected":false},"excerpt":{"rendered":"<ul>\n<li>50 \u00d7 26 cm<\/li>\n<li>100% polyester<\/li>\n<li>R\u00fdchloschn\u00faci materi\u00e1l<\/li>\n<li>\u0160irok\u00e9 mo\u017enosti vyu\u017eitia<\/li>\n<\/ul>\n","protected":false},"featured_media":46260,"comment_status":"open","ping_status":"closed","template":"","meta":{"_mi_skip_tracking":false,"_monsterinsights_sitenote_active":false,"_monsterinsights_sitenote_note":"","_monsterinsights_sitenote_category":0,"spay_email":""},"product_cat":[1265],"product_tag":[],"_links":{"self":[{"href":"https:\/\/www.scrubimed.sk\/cs\/wp-json\/wp\/v2\/product\/46256"}],"collection":[{"href":"https:\/\/www.scrubimed.sk\/cs\/wp-json\/wp\/v2\/product"}],"about":[{"href":"https:\/\/www.scrubimed.sk\/cs\/wp-json\/wp\/v2\/types\/product"}],"replies":[{"embeddable":true,"href":"https:\/\/www.scrubimed.sk\/cs\/wp-json\/wp\/v2\/comments?post=46256"}],"wp:featuredmedia":[{"embeddable":true,"href":"https:\/\/www.scrubimed.sk\/cs\/wp-json\/wp\/v2\/media\/46260"}],"wp:attachment":[{"href":"https:\/\/www.scrubimed.sk\/cs\/wp-json\/wp\/v2\/media?parent=46256"}],"wp:term":[{"taxonomy":"product_cat","embeddable":true,"href":"https:\/\/www.scrubimed.sk\/cs\/wp-json\/wp\/v2\/product_cat?post=46256"},{"taxonomy":"product_tag","embeddable":true,"href":"https:\/\/www.scrubimed.sk\/cs\/wp-json\/wp\/v2\/product_tag?post=46256"}],"curies":[{"name":"wp","href":"https:\/\/api.w.org\/{rel}","templated":true}]}}