{"id":4579,"date":"2019-09-19T09:36:16","date_gmt":"2019-09-19T07:36:16","guid":{"rendered":"https:\/\/www.scrubimed.sk\/?post_type=product&#038;p=4579"},"modified":"2021-09-05T07:53:01","modified_gmt":"2021-09-05T05:53:01","slug":"golierova-zdravotnicka-kosela-na-gombiky","status":"publish","type":"product","link":"https:\/\/www.scrubimed.sk\/cs\/produkt\/golierova-zdravotnicka-kosela-na-gombiky\/","title":{"rendered":"Golierov\u00e1 Zdravotn\u00edcka Ko\u0161e\u013ea na Gomb\u00edky"},"content":{"rendered":"<p>o<\/p>\n","protected":false},"excerpt":{"rendered":"<ul>\n<li>Zdravotn\u00edcka bl\u00faza<\/li>\n<li>Na gomb\u00edky<\/li>\n<li>Ko\u0161e\u013eov\u00fd golier<\/li>\n<li>Pr\u00edjemn\u00fd materi\u00e1l<\/li>\n<li>Kvalitn\u00e9 zdravotn\u00edcke oble\u010denie<\/li>\n<li>Pred objednan\u00edm skontrolujte ve\u013ekostn\u00fa tabu\u013eku na spodku strany<\/li>\n<\/ul>\n","protected":false},"featured_media":5366,"comment_status":"open","ping_status":"closed","template":"","meta":{"_mi_skip_tracking":false,"_monsterinsights_sitenote_active":false,"_monsterinsights_sitenote_note":"","_monsterinsights_sitenote_category":0,"spay_email":""},"product_cat":[44,42],"product_tag":[],"_links":{"self":[{"href":"https:\/\/www.scrubimed.sk\/cs\/wp-json\/wp\/v2\/product\/4579"}],"collection":[{"href":"https:\/\/www.scrubimed.sk\/cs\/wp-json\/wp\/v2\/product"}],"about":[{"href":"https:\/\/www.scrubimed.sk\/cs\/wp-json\/wp\/v2\/types\/product"}],"replies":[{"embeddable":true,"href":"https:\/\/www.scrubimed.sk\/cs\/wp-json\/wp\/v2\/comments?post=4579"}],"wp:featuredmedia":[{"embeddable":true,"href":"https:\/\/www.scrubimed.sk\/cs\/wp-json\/wp\/v2\/media\/5366"}],"wp:attachment":[{"href":"https:\/\/www.scrubimed.sk\/cs\/wp-json\/wp\/v2\/media?parent=4579"}],"wp:term":[{"taxonomy":"product_cat","embeddable":true,"href":"https:\/\/www.scrubimed.sk\/cs\/wp-json\/wp\/v2\/product_cat?post=4579"},{"taxonomy":"product_tag","embeddable":true,"href":"https:\/\/www.scrubimed.sk\/cs\/wp-json\/wp\/v2\/product_tag?post=4579"}],"curies":[{"name":"wp","href":"https:\/\/api.w.org\/{rel}","templated":true}]}}