{"id":45053,"date":"2022-08-29T13:12:58","date_gmt":"2022-08-29T11:12:58","guid":{"rendered":"https:\/\/www.scrubimed.sk\/?post_type=product&#038;p=45053"},"modified":"2023-01-08T19:23:51","modified_gmt":"2023-01-08T18:23:51","slug":"polokosela-stomato-rainbow","status":"publish","type":"product","link":"https:\/\/www.scrubimed.sk\/cs\/produkt\/polokosela-stomato-rainbow\/","title":{"rendered":"Poloko\u0161e\u013ea &#8211; Stomato Rainbow"},"content":{"rendered":"<p><img class=\"alignnone size-full wp-image-40246\" src=\"https:\/\/www.scrubimed.sk\/wp-content\/uploads\/2022\/02\/tabulka-polokosele-scrubimed.jpg\" alt=\"\" width=\"761\" height=\"613\" srcset=\"https:\/\/www.scrubimed.sk\/wp-content\/uploads\/2022\/02\/tabulka-polokosele-scrubimed.jpg 761w, https:\/\/www.scrubimed.sk\/wp-content\/uploads\/2022\/02\/tabulka-polokosele-scrubimed-300x242.jpg 300w, https:\/\/www.scrubimed.sk\/wp-content\/uploads\/2022\/02\/tabulka-polokosele-scrubimed-510x411.jpg 510w, https:\/\/www.scrubimed.sk\/wp-content\/uploads\/2022\/02\/tabulka-polokosele-scrubimed-74x60.jpg 74w, https:\/\/www.scrubimed.sk\/wp-content\/uploads\/2022\/02\/tabulka-polokosele-scrubimed-112x90.jpg 112w\" sizes=\"(max-width: 761px) 100vw, 761px\" \/><\/p>\n<p><img class=\"alignnone size-full wp-image-40240\" src=\"https:\/\/www.scrubimed.sk\/wp-content\/uploads\/2022\/02\/velkostna-tabulka-damska-polokosela-scaled.jpg\" alt=\"\" width=\"715\" height=\"1024\" srcset=\"https:\/\/www.scrubimed.sk\/wp-content\/uploads\/2022\/02\/velkostna-tabulka-damska-polokosela-scaled.jpg 715w, https:\/\/www.scrubimed.sk\/wp-content\/uploads\/2022\/02\/velkostna-tabulka-damska-polokosela-209x300.jpg 209w, https:\/\/www.scrubimed.sk\/wp-content\/uploads\/2022\/02\/velkostna-tabulka-damska-polokosela-768x1100.jpg 768w, https:\/\/www.scrubimed.sk\/wp-content\/uploads\/2022\/02\/velkostna-tabulka-damska-polokosela-1072x1536.jpg 1072w, https:\/\/www.scrubimed.sk\/wp-content\/uploads\/2022\/02\/velkostna-tabulka-damska-polokosela-1430x2048.jpg 1430w, https:\/\/www.scrubimed.sk\/wp-content\/uploads\/2022\/02\/velkostna-tabulka-damska-polokosela-510x731.jpg 510w, https:\/\/www.scrubimed.sk\/wp-content\/uploads\/2022\/02\/velkostna-tabulka-damska-polokosela-42x60.jpg 42w, https:\/\/www.scrubimed.sk\/wp-content\/uploads\/2022\/02\/velkostna-tabulka-damska-polokosela-63x90.jpg 63w\" sizes=\"(max-width: 715px) 100vw, 715px\" \/><\/p>\n<p><img class=\"alignnone size-full wp-image-40243\" src=\"https:\/\/www.scrubimed.sk\/wp-content\/uploads\/2022\/02\/velkostna-tabulka-panska-polokosela-scaled.jpg\" alt=\"\" width=\"705\" height=\"1024\" srcset=\"https:\/\/www.scrubimed.sk\/wp-content\/uploads\/2022\/02\/velkostna-tabulka-panska-polokosela-scaled.jpg 705w, https:\/\/www.scrubimed.sk\/wp-content\/uploads\/2022\/02\/velkostna-tabulka-panska-polokosela-206x300.jpg 206w, https:\/\/www.scrubimed.sk\/wp-content\/uploads\/2022\/02\/velkostna-tabulka-panska-polokosela-768x1116.jpg 768w, https:\/\/www.scrubimed.sk\/wp-content\/uploads\/2022\/02\/velkostna-tabulka-panska-polokosela-1057x1536.jpg 1057w, https:\/\/www.scrubimed.sk\/wp-content\/uploads\/2022\/02\/velkostna-tabulka-panska-polokosela-1409x2048.jpg 1409w, https:\/\/www.scrubimed.sk\/wp-content\/uploads\/2022\/02\/velkostna-tabulka-panska-polokosela-510x741.jpg 510w, https:\/\/www.scrubimed.sk\/wp-content\/uploads\/2022\/02\/velkostna-tabulka-panska-polokosela-41x60.jpg 41w, https:\/\/www.scrubimed.sk\/wp-content\/uploads\/2022\/02\/velkostna-tabulka-panska-polokosela-62x90.jpg 62w\" sizes=\"(max-width: 705px) 100vw, 705px\" \/><\/p>\n","protected":false},"excerpt":{"rendered":"<ul>\n<li>Zdravotn\u00edcka poloko\u0161e\u013ea z trv\u00e1cnej l\u00e1tky (65% bavlna 35% polyester<\/li>\n<li>Zauj\u00edmav\u00fd k\u00fasok do \u0161atn\u00edka alebo dar\u010dk pre zdravotn\u00edkov<\/li>\n<li>Odpor\u00fa\u010dame pra\u0165 na 40 stup\u0148ov<\/li>\n<li>Ve\u013ekostn\u00e1 a farebn\u00e1 tabu\u013eka sa nach\u00e1dza ni\u017e\u0161ie<\/li>\n<\/ul>\n","protected":false},"featured_media":45078,"comment_status":"open","ping_status":"closed","template":"","meta":{"_mi_skip_tracking":false,"_monsterinsights_sitenote_active":false,"_monsterinsights_sitenote_note":"","_monsterinsights_sitenote_category":0,"spay_email":""},"product_cat":[1335,1359,1264],"product_tag":[],"_links":{"self":[{"href":"https:\/\/www.scrubimed.sk\/cs\/wp-json\/wp\/v2\/product\/45053"}],"collection":[{"href":"https:\/\/www.scrubimed.sk\/cs\/wp-json\/wp\/v2\/product"}],"about":[{"href":"https:\/\/www.scrubimed.sk\/cs\/wp-json\/wp\/v2\/types\/product"}],"replies":[{"embeddable":true,"href":"https:\/\/www.scrubimed.sk\/cs\/wp-json\/wp\/v2\/comments?post=45053"}],"wp:featuredmedia":[{"embeddable":true,"href":"https:\/\/www.scrubimed.sk\/cs\/wp-json\/wp\/v2\/media\/45078"}],"wp:attachment":[{"href":"https:\/\/www.scrubimed.sk\/cs\/wp-json\/wp\/v2\/media?parent=45053"}],"wp:term":[{"taxonomy":"product_cat","embeddable":true,"href":"https:\/\/www.scrubimed.sk\/cs\/wp-json\/wp\/v2\/product_cat?post=45053"},{"taxonomy":"product_tag","embeddable":true,"href":"https:\/\/www.scrubimed.sk\/cs\/wp-json\/wp\/v2\/product_tag?post=45053"}],"curies":[{"name":"wp","href":"https:\/\/api.w.org\/{rel}","templated":true}]}}